{"id":15935,"date":"2024-08-22T13:59:29","date_gmt":"2024-08-22T10:59:29","guid":{"rendered":"https:\/\/dijitay.com.tr\/?page_id=15935"},"modified":"2024-08-22T14:17:04","modified_gmt":"2024-08-22T11:17:04","slug":"tarihce","status":"publish","type":"page","link":"https:\/\/www.saglammakina.com\/en\/kurumsal\/tarihce\/","title":{"rendered":"Tarih\u00e7e"},"content":{"rendered":"\t\t<div data-elementor-type=\"wp-page\" data-elementor-id=\"15935\" class=\"elementor elementor-15935\" data-elementor-post-type=\"page\">\n\t\t\t\t<div class=\"wd-negative-gap elementor-element elementor-element-301ccad wd-section-stretch e-flex e-con-boxed e-con e-parent\" data-id=\"301ccad\" data-element_type=\"container\" data-settings=\"{&quot;background_background&quot;:&quot;classic&quot;}\">\n\t\t\t\t\t<div class=\"e-con-inner\">\n\t\t<div class=\"wd-negative-gap elementor-element elementor-element-fab1c2e e-flex e-con-boxed e-con e-child\" data-id=\"fab1c2e\" data-element_type=\"container\">\n\t\t\t\t\t<div class=\"e-con-inner\">\n\t\t<div class=\"elementor-element elementor-element-01505b4 e-con-full e-flex e-con e-child\" data-id=\"01505b4\" data-element_type=\"container\">\n\t\t\t\t<div class=\"elementor-element elementor-element-5fd9e26 elementor-widget elementor-widget-theme-site-title elementor-widget-heading\" data-id=\"5fd9e26\" data-element_type=\"widget\" data-widget_type=\"theme-site-title.default\">\n\t\t\t\t<div class=\"elementor-widget-container\">\n\t\t\t\t\t<h2 class=\"elementor-heading-title elementor-size-default\"><a href=\"https:\/\/www.saglammakina.com\/en\">Sa\u011flamlar Punta | Bursa | T\u00fcrkiye<\/a><\/h2>\t\t\t\t<\/div>\n\t\t\t\t<\/div>\n\t\t\t\t<div class=\"elementor-element elementor-element-df319db elementor-widget__width-inherit color-scheme-inherit text-left elementor-widget elementor-widget-text-editor\" data-id=\"df319db\" data-element_type=\"widget\" data-widget_type=\"text-editor.default\">\n\t\t\t\t<div class=\"elementor-widget-container\">\n\t\t\t\t\t\t\t\t\t<p>40 y\u0131l\u0131n eme\u011fi<\/p>\t\t\t\t\t\t\t\t<\/div>\n\t\t\t\t<\/div>\n\t\t\t\t<\/div>\n\t\t<div class=\"elementor-element elementor-element-4c93326 e-con-full e-flex e-con e-child\" data-id=\"4c93326\" data-element_type=\"container\">\n\t\t\t\t<div class=\"elementor-element elementor-element-6b066a5 color-scheme-inherit text-left elementor-widget elementor-widget-text-editor\" data-id=\"6b066a5\" data-element_type=\"widget\" data-widget_type=\"text-editor.default\">\n\t\t\t\t<div class=\"elementor-widget-container\">\n\t\t\t\t\t\t\t\t\t<p>Ge\u00e7mi\u015fimizden ald\u0131\u011f\u0131m\u0131z g\u00fc\u00e7le, gelece\u011fe y\u00f6nelik hedeflerimizi ger\u00e7ekle\u015ftiriyoruz.<\/p>\t\t\t\t\t\t\t\t<\/div>\n\t\t\t\t<\/div>\n\t\t\t\t<\/div>\n\t\t\t\t\t<\/div>\n\t\t\t\t<\/div>\n\t\t\t\t\t<\/div>\n\t\t\t\t<\/div>\n\t\t<div class=\"wd-negative-gap elementor-element elementor-element-1b960ec wd-section-stretch e-flex e-con-boxed elementor-invisible e-con e-parent\" data-id=\"1b960ec\" data-element_type=\"container\" data-settings=\"{&quot;animation&quot;:&quot;fadeInUp&quot;}\">\n\t\t\t\t\t<div class=\"e-con-inner\">\n\t\t<div class=\"elementor-element elementor-element-647913a e-con-full e-flex e-con e-child\" data-id=\"647913a\" data-element_type=\"container\">\n\t\t<div class=\"elementor-element elementor-element-3c1b068 e-con-full e-flex e-con e-child\" data-id=\"3c1b068\" data-element_type=\"container\">\n\t\t\t\t<div class=\"elementor-element elementor-element-2cbbb19 elementor-widget elementor-widget-wd_counter\" data-id=\"2cbbb19\" data-element_type=\"widget\" data-widget_type=\"wd_counter.default\">\n\t\t\t\t<div class=\"elementor-widget-container\">\n\t\t\t\t\t\t\t<div class=\"woodmart-counter counter-extra-large text-left color-scheme-custom\">\n\t\t\t<div class=\"counter-value\" data-state=\"new\" data-final=\"1985\">\n\t\t\t\t0\t\t\t<\/div>\n\n\t\t\t\t\t\t\t<div class=\"counter-label\">\n\t\t\t\t\tSekt\u00f6re Giri\u015f\t\t\t\t<\/div>\n\t\t\t\t\t<\/div>\n\t\t\t\t\t\t<\/div>\n\t\t\t\t<\/div>\n\t\t\t\t<\/div>\n\t\t<div class=\"elementor-element elementor-element-746a500 e-con-full e-flex e-con e-child\" data-id=\"746a500\" data-element_type=\"container\">\n\t\t\t\t<div class=\"elementor-element elementor-element-a765436 elementor-widget__width-inherit color-scheme-inherit text-left elementor-widget elementor-widget-text-editor\" data-id=\"a765436\" data-element_type=\"widget\" data-widget_type=\"text-editor.default\">\n\t\t\t\t<div class=\"elementor-widget-container\">\n\t\t\t\t\t\t\t\t\t<p>2005 Y\u0131l\u0131nda Kaynak Makinesi \u00fcretimi ve ihracat\u0131 amac\u0131yla kurulmu\u015ftur. 1985 y\u0131l\u0131ndan beri kaynak sekt\u00f6r\u00fcn\u00fcn i\u00e7inde Sa\u011flam Makina markas\u0131yla \u00fcretime ba\u015flad\u0131.<\/p>\t\t\t\t\t\t\t\t<\/div>\n\t\t\t\t<\/div>\n\t\t\t\t<div class=\"elementor-element elementor-element-0db5ad1 elementor-widget__width-inherit color-scheme-inherit text-left elementor-widget elementor-widget-text-editor\" data-id=\"0db5ad1\" data-element_type=\"widget\" data-widget_type=\"text-editor.default\">\n\t\t\t\t<div class=\"elementor-widget-container\">\n\t\t\t\t\t\t\t\t\t<p>Tamamen yerli m\u00fchendisli\u011fin ve i\u015fg\u00fcc\u00fcn\u00fcn yerel kaynaklar\u0131 etkili bir \u015fekilde de\u011ferlendirilmesiyle; \u00fcr\u00fcn \u00e7e\u015fitlili\u011fini ve teknolojisini de artt\u0131rarak g\u00fcn\u00fcm\u00fcze kadar gelmi\u015f k\u00f6kl\u00fc bir kurulu\u015f.<\/p>\t\t\t\t\t\t\t\t<\/div>\n\t\t\t\t<\/div>\n\t\t\t\t<\/div>\n\t\t\t\t<\/div>\n\t\t\t\t\t<\/div>\n\t\t\t\t<\/div>\n\t\t<div class=\"wd-negative-gap elementor-element elementor-element-ca02d90 wd-section-stretch e-flex e-con-boxed elementor-invisible e-con e-parent\" data-id=\"ca02d90\" data-element_type=\"container\" data-settings=\"{&quot;animation&quot;:&quot;fadeInUp&quot;}\">\n\t\t\t\t\t<div class=\"e-con-inner\">\n\t\t<div class=\"elementor-element elementor-element-49f58fe e-con-full e-flex e-con e-child\" data-id=\"49f58fe\" data-element_type=\"container\">\n\t\t<div class=\"elementor-element elementor-element-11e4ad2 e-con-full e-flex e-con e-child\" data-id=\"11e4ad2\" data-element_type=\"container\">\n\t\t\t\t<div class=\"elementor-element elementor-element-0f3816a elementor-widget elementor-widget-wd_counter\" data-id=\"0f3816a\" data-element_type=\"widget\" data-widget_type=\"wd_counter.default\">\n\t\t\t\t<div class=\"elementor-widget-container\">\n\t\t\t\t\t\t\t<div class=\"woodmart-counter counter-extra-large text-left color-scheme-custom\">\n\t\t\t<div class=\"counter-value\" data-state=\"new\" data-final=\"2005\">\n\t\t\t\t0\t\t\t<\/div>\n\n\t\t\t\t\t\t\t<div class=\"counter-label\">\n\t\t\t\t\tKurulu\u015f\t\t\t\t<\/div>\n\t\t\t\t\t<\/div>\n\t\t\t\t\t\t<\/div>\n\t\t\t\t<\/div>\n\t\t\t\t<\/div>\n\t\t<div class=\"elementor-element elementor-element-df3fad8 e-con-full e-flex e-con e-child\" data-id=\"df3fad8\" data-element_type=\"container\">\n\t\t\t\t<div class=\"elementor-element elementor-element-359361c elementor-widget__width-inherit color-scheme-inherit text-left elementor-widget elementor-widget-text-editor\" data-id=\"359361c\" data-element_type=\"widget\" data-widget_type=\"text-editor.default\">\n\t\t\t\t<div class=\"elementor-widget-container\">\n\t\t\t\t\t\t\t\t\t<p>2005 Y\u0131l\u0131nda Kaynak Makinesi \u00fcretimi ve ihracat\u0131 amac\u0131yla kurulmu\u015ftur. 1985 y\u0131l\u0131ndan beri kaynak sekt\u00f6r\u00fcn\u00fcn i\u00e7inde Sa\u011flam Makina markas\u0131yla \u00fcretime ba\u015flad\u0131.<\/p>\t\t\t\t\t\t\t\t<\/div>\n\t\t\t\t<\/div>\n\t\t\t\t<div class=\"elementor-element elementor-element-de4b7a6 elementor-widget__width-inherit color-scheme-inherit text-left elementor-widget elementor-widget-text-editor\" data-id=\"de4b7a6\" data-element_type=\"widget\" data-widget_type=\"text-editor.default\">\n\t\t\t\t<div class=\"elementor-widget-container\">\n\t\t\t\t\t\t\t\t\t<p>Tamamen yerli m\u00fchendisli\u011fin ve i\u015fg\u00fcc\u00fcn\u00fcn yerel kaynaklar\u0131 etkili bir \u015fekilde de\u011ferlendirilmesiyle; \u00fcr\u00fcn \u00e7e\u015fitlili\u011fini ve teknolojisini de artt\u0131rarak g\u00fcn\u00fcm\u00fcze kadar gelmi\u015f k\u00f6kl\u00fc bir kurulu\u015f.<\/p>\t\t\t\t\t\t\t\t<\/div>\n\t\t\t\t<\/div>\n\t\t\t\t<\/div>\n\t\t\t\t<\/div>\n\t\t\t\t\t<\/div>\n\t\t\t\t<\/div>\n\t\t<div class=\"wd-negative-gap elementor-element elementor-element-6eb6d65 wd-section-stretch e-flex e-con-boxed elementor-invisible e-con e-parent\" data-id=\"6eb6d65\" data-element_type=\"container\" data-settings=\"{&quot;animation&quot;:&quot;fadeInUp&quot;}\">\n\t\t\t\t\t<div class=\"e-con-inner\">\n\t\t<div class=\"elementor-element elementor-element-0d93ea5 e-con-full e-flex e-con e-child\" data-id=\"0d93ea5\" data-element_type=\"container\">\n\t\t<div class=\"elementor-element elementor-element-859b15c e-con-full e-flex e-con e-child\" data-id=\"859b15c\" data-element_type=\"container\">\n\t\t\t\t<div class=\"elementor-element elementor-element-d2a14cb elementor-widget elementor-widget-wd_counter\" data-id=\"d2a14cb\" data-element_type=\"widget\" data-widget_type=\"wd_counter.default\">\n\t\t\t\t<div class=\"elementor-widget-container\">\n\t\t\t\t\t\t\t<div class=\"woodmart-counter counter-extra-large text-left color-scheme-custom\">\n\t\t\t<div class=\"counter-value\" data-state=\"new\" data-final=\"2015\">\n\t\t\t\t0\t\t\t<\/div>\n\n\t\t\t\t\t\t\t<div class=\"counter-label\">\n\t\t\t\t\t3 K\u0131ta ve 28 \u00dclke\t\t\t\t<\/div>\n\t\t\t\t\t<\/div>\n\t\t\t\t\t\t<\/div>\n\t\t\t\t<\/div>\n\t\t\t\t<\/div>\n\t\t<div class=\"elementor-element elementor-element-6a67807 e-con-full e-flex e-con e-child\" data-id=\"6a67807\" data-element_type=\"container\">\n\t\t\t\t<div class=\"elementor-element elementor-element-f19e489 elementor-widget__width-inherit color-scheme-inherit text-left elementor-widget elementor-widget-text-editor\" data-id=\"f19e489\" data-element_type=\"widget\" data-widget_type=\"text-editor.default\">\n\t\t\t\t<div class=\"elementor-widget-container\">\n\t\t\t\t\t\t\t\t\t<p>2005 Y\u0131l\u0131nda Kaynak Makinesi \u00fcretimi ve ihracat\u0131 amac\u0131yla kurulmu\u015ftur. 1985 y\u0131l\u0131ndan beri kaynak sekt\u00f6r\u00fcn\u00fcn i\u00e7inde Sa\u011flam Makina markas\u0131yla \u00fcretime ba\u015flad\u0131.<\/p>\t\t\t\t\t\t\t\t<\/div>\n\t\t\t\t<\/div>\n\t\t\t\t<div class=\"elementor-element elementor-element-d4a9ec9 elementor-widget__width-inherit color-scheme-inherit text-left elementor-widget elementor-widget-text-editor\" data-id=\"d4a9ec9\" data-element_type=\"widget\" data-widget_type=\"text-editor.default\">\n\t\t\t\t<div class=\"elementor-widget-container\">\n\t\t\t\t\t\t\t\t\t<p>Tamamen yerli m\u00fchendisli\u011fin ve i\u015fg\u00fcc\u00fcn\u00fcn yerel kaynaklar\u0131 etkili bir \u015fekilde de\u011ferlendirilmesiyle; \u00fcr\u00fcn \u00e7e\u015fitlili\u011fini ve teknolojisini de artt\u0131rarak g\u00fcn\u00fcm\u00fcze kadar gelmi\u015f k\u00f6kl\u00fc bir kurulu\u015f.<\/p>\t\t\t\t\t\t\t\t<\/div>\n\t\t\t\t<\/div>\n\t\t\t\t<\/div>\n\t\t\t\t<\/div>\n\t\t\t\t\t<\/div>\n\t\t\t\t<\/div>\n\t\t<div class=\"wd-negative-gap elementor-element elementor-element-056ccdf wd-section-stretch e-flex e-con-boxed elementor-invisible e-con e-parent\" data-id=\"056ccdf\" data-element_type=\"container\" data-settings=\"{&quot;animation&quot;:&quot;fadeInUp&quot;}\">\n\t\t\t\t\t<div class=\"e-con-inner\">\n\t\t<div class=\"elementor-element elementor-element-3af2b22 e-con-full e-flex e-con e-child\" data-id=\"3af2b22\" data-element_type=\"container\">\n\t\t<div class=\"elementor-element elementor-element-b6a5641 e-con-full e-flex e-con e-child\" data-id=\"b6a5641\" data-element_type=\"container\">\n\t\t\t\t<div class=\"elementor-element elementor-element-7687515 elementor-widget elementor-widget-wd_counter\" data-id=\"7687515\" data-element_type=\"widget\" data-widget_type=\"wd_counter.default\">\n\t\t\t\t<div class=\"elementor-widget-container\">\n\t\t\t\t\t\t\t<div class=\"woodmart-counter counter-extra-large text-left color-scheme-custom\">\n\t\t\t<div class=\"counter-value\" data-state=\"new\" data-final=\"2020\">\n\t\t\t\t0\t\t\t<\/div>\n\n\t\t\t\t\t\t\t<div class=\"counter-label\">\n\t\t\t\t\tS\u00fcrd\u00fcr\u00fclebilirlik\t\t\t\t<\/div>\n\t\t\t\t\t<\/div>\n\t\t\t\t\t\t<\/div>\n\t\t\t\t<\/div>\n\t\t\t\t<\/div>\n\t\t<div class=\"elementor-element elementor-element-82642e8 e-con-full e-flex e-con e-child\" data-id=\"82642e8\" data-element_type=\"container\">\n\t\t\t\t<div class=\"elementor-element elementor-element-bb01029 elementor-widget__width-inherit color-scheme-inherit text-left elementor-widget elementor-widget-text-editor\" data-id=\"bb01029\" data-element_type=\"widget\" data-widget_type=\"text-editor.default\">\n\t\t\t\t<div class=\"elementor-widget-container\">\n\t\t\t\t\t\t\t\t\t<p>2005 Y\u0131l\u0131nda Kaynak Makinesi \u00fcretimi ve ihracat\u0131 amac\u0131yla kurulmu\u015ftur. 1985 y\u0131l\u0131ndan beri kaynak sekt\u00f6r\u00fcn\u00fcn i\u00e7inde Sa\u011flam Makina markas\u0131yla \u00fcretime ba\u015flad\u0131.<\/p>\t\t\t\t\t\t\t\t<\/div>\n\t\t\t\t<\/div>\n\t\t\t\t<div class=\"elementor-element elementor-element-dbca8dc elementor-widget__width-inherit color-scheme-inherit text-left elementor-widget elementor-widget-text-editor\" data-id=\"dbca8dc\" data-element_type=\"widget\" data-widget_type=\"text-editor.default\">\n\t\t\t\t<div class=\"elementor-widget-container\">\n\t\t\t\t\t\t\t\t\t<p>Tamamen yerli m\u00fchendisli\u011fin ve i\u015fg\u00fcc\u00fcn\u00fcn yerel kaynaklar\u0131 etkili bir \u015fekilde de\u011ferlendirilmesiyle; \u00fcr\u00fcn \u00e7e\u015fitlili\u011fini ve teknolojisini de artt\u0131rarak g\u00fcn\u00fcm\u00fcze kadar gelmi\u015f k\u00f6kl\u00fc bir kurulu\u015f.<\/p>\t\t\t\t\t\t\t\t<\/div>\n\t\t\t\t<\/div>\n\t\t\t\t<\/div>\n\t\t\t\t<\/div>\n\t\t\t\t\t<\/div>\n\t\t\t\t<\/div>\n\t\t<div class=\"wd-negative-gap elementor-element elementor-element-7060371 wd-section-stretch e-flex e-con-boxed elementor-invisible e-con e-parent\" data-id=\"7060371\" data-element_type=\"container\" data-settings=\"{&quot;animation&quot;:&quot;fadeInUp&quot;}\">\n\t\t\t\t\t<div class=\"e-con-inner\">\n\t\t<div class=\"elementor-element elementor-element-6cea147 e-con-full e-flex e-con e-child\" data-id=\"6cea147\" data-element_type=\"container\">\n\t\t<div class=\"elementor-element elementor-element-f6626fd e-con-full e-flex e-con e-child\" data-id=\"f6626fd\" data-element_type=\"container\">\n\t\t\t\t<div class=\"elementor-element elementor-element-36a4115 elementor-widget elementor-widget-wd_counter\" data-id=\"36a4115\" data-element_type=\"widget\" data-widget_type=\"wd_counter.default\">\n\t\t\t\t<div class=\"elementor-widget-container\">\n\t\t\t\t\t\t\t<div class=\"woodmart-counter counter-extra-large text-left color-scheme-custom\">\n\t\t\t<div class=\"counter-value\" data-state=\"new\" data-final=\"2024\">\n\t\t\t\t0\t\t\t<\/div>\n\n\t\t\t\t\t\t\t<div class=\"counter-label\">\n\t\t\t\t\tD\u00fcnya&#039; n\u0131n Markas\u0131\t\t\t\t<\/div>\n\t\t\t\t\t<\/div>\n\t\t\t\t\t\t<\/div>\n\t\t\t\t<\/div>\n\t\t\t\t<\/div>\n\t\t<div class=\"elementor-element elementor-element-733f016 e-con-full e-flex e-con e-child\" data-id=\"733f016\" data-element_type=\"container\">\n\t\t\t\t<div class=\"elementor-element elementor-element-f98e517 elementor-widget__width-inherit color-scheme-inherit text-left elementor-widget elementor-widget-text-editor\" data-id=\"f98e517\" data-element_type=\"widget\" data-widget_type=\"text-editor.default\">\n\t\t\t\t<div class=\"elementor-widget-container\">\n\t\t\t\t\t\t\t\t\t<p>2005 Y\u0131l\u0131nda Kaynak Makinesi \u00fcretimi ve ihracat\u0131 amac\u0131yla kurulmu\u015ftur. 1985 y\u0131l\u0131ndan beri kaynak sekt\u00f6r\u00fcn\u00fcn i\u00e7inde Sa\u011flam Makina markas\u0131yla \u00fcretime ba\u015flad\u0131.<\/p>\t\t\t\t\t\t\t\t<\/div>\n\t\t\t\t<\/div>\n\t\t\t\t<div class=\"elementor-element elementor-element-0e943d0 elementor-widget__width-inherit color-scheme-inherit text-left elementor-widget elementor-widget-text-editor\" data-id=\"0e943d0\" data-element_type=\"widget\" data-widget_type=\"text-editor.default\">\n\t\t\t\t<div class=\"elementor-widget-container\">\n\t\t\t\t\t\t\t\t\t<p>Tamamen yerli m\u00fchendisli\u011fin ve i\u015fg\u00fcc\u00fcn\u00fcn yerel kaynaklar\u0131 etkili bir \u015fekilde de\u011ferlendirilmesiyle; \u00fcr\u00fcn \u00e7e\u015fitlili\u011fini ve teknolojisini de artt\u0131rarak g\u00fcn\u00fcm\u00fcze kadar gelmi\u015f k\u00f6kl\u00fc bir kurulu\u015f.<\/p>\t\t\t\t\t\t\t\t<\/div>\n\t\t\t\t<\/div>\n\t\t\t\t<\/div>\n\t\t\t\t<\/div>\n\t\t\t\t\t<\/div>\n\t\t\t\t<\/div>\n\t\t\t\t<\/div>\n\t\t","protected":false},"excerpt":{"rendered":"<p>40 y\u0131l\u0131n eme\u011fi Ge\u00e7mi\u015fimizden ald\u0131\u011f\u0131m\u0131z g\u00fc\u00e7le, gelece\u011fe y\u00f6nelik hedeflerimizi ger\u00e7ekle\u015ftiriyoruz. 1985 Sekt\u00f6re Giri\u015f 2005 Y\u0131l\u0131nda Kaynak Makinesi \u00fcretimi ve ihracat\u0131<\/p>\n","protected":false},"author":1,"featured_media":0,"parent":15902,"menu_order":0,"comment_status":"closed","ping_status":"closed","template":"","meta":{"footnotes":""},"class_list":["post-15935","page","type-page","status-publish","hentry"],"_links":{"self":[{"href":"https:\/\/www.saglammakina.com\/en\/wp-json\/wp\/v2\/pages\/15935","targetHints":{"allow":["GET"]}}],"collection":[{"href":"https:\/\/www.saglammakina.com\/en\/wp-json\/wp\/v2\/pages"}],"about":[{"href":"https:\/\/www.saglammakina.com\/en\/wp-json\/wp\/v2\/types\/page"}],"author":[{"embeddable":true,"href":"https:\/\/www.saglammakina.com\/en\/wp-json\/wp\/v2\/users\/1"}],"replies":[{"embeddable":true,"href":"https:\/\/www.saglammakina.com\/en\/wp-json\/wp\/v2\/comments?post=15935"}],"version-history":[{"count":31,"href":"https:\/\/www.saglammakina.com\/en\/wp-json\/wp\/v2\/pages\/15935\/revisions"}],"predecessor-version":[{"id":15967,"href":"https:\/\/www.saglammakina.com\/en\/wp-json\/wp\/v2\/pages\/15935\/revisions\/15967"}],"up":[{"embeddable":true,"href":"https:\/\/www.saglammakina.com\/en\/wp-json\/wp\/v2\/pages\/15902"}],"wp:attachment":[{"href":"https:\/\/www.saglammakina.com\/en\/wp-json\/wp\/v2\/media?parent=15935"}],"curies":[{"name":"wp","href":"https:\/\/api.w.org\/{rel}","templated":true}]}}