{"id":15968,"date":"2024-08-22T15:49:57","date_gmt":"2024-08-22T12:49:57","guid":{"rendered":"https:\/\/dijitay.com.tr\/?page_id=15968"},"modified":"2024-08-22T16:20:39","modified_gmt":"2024-08-22T13:20:39","slug":"degerlerimiz","status":"publish","type":"page","link":"https:\/\/www.saglammakina.com\/en\/kurumsal\/degerlerimiz\/","title":{"rendered":"De\u011ferlerimiz"},"content":{"rendered":"\t\t<div data-elementor-type=\"wp-page\" data-elementor-id=\"15968\" class=\"elementor elementor-15968\" data-elementor-post-type=\"page\">\n\t\t\t\t<div class=\"wd-negative-gap elementor-element elementor-element-301ccad wd-section-stretch e-flex e-con-boxed e-con e-parent\" data-id=\"301ccad\" data-element_type=\"container\" data-settings=\"{&quot;background_background&quot;:&quot;classic&quot;}\">\n\t\t\t\t\t<div class=\"e-con-inner\">\n\t\t<div class=\"wd-negative-gap elementor-element elementor-element-fab1c2e e-flex e-con-boxed e-con e-child\" data-id=\"fab1c2e\" data-element_type=\"container\">\n\t\t\t\t\t<div class=\"e-con-inner\">\n\t\t<div class=\"elementor-element elementor-element-01505b4 e-con-full e-flex e-con e-child\" data-id=\"01505b4\" data-element_type=\"container\">\n\t\t\t\t<div class=\"elementor-element elementor-element-5fd9e26 elementor-widget elementor-widget-theme-site-title elementor-widget-heading\" data-id=\"5fd9e26\" data-element_type=\"widget\" data-widget_type=\"theme-site-title.default\">\n\t\t\t\t<div class=\"elementor-widget-container\">\n\t\t\t\t\t<h2 class=\"elementor-heading-title elementor-size-default\"><a href=\"https:\/\/www.saglammakina.com\/en\">Sa\u011flamlar Punta | Bursa | T\u00fcrkiye<\/a><\/h2>\t\t\t\t<\/div>\n\t\t\t\t<\/div>\n\t\t\t\t<\/div>\n\t\t<div class=\"elementor-element elementor-element-4c93326 e-con-full e-flex e-con e-child\" data-id=\"4c93326\" data-element_type=\"container\">\n\t\t\t\t<div class=\"elementor-element elementor-element-6b066a5 color-scheme-inherit text-left elementor-widget elementor-widget-text-editor\" data-id=\"6b066a5\" data-element_type=\"widget\" data-widget_type=\"text-editor.default\">\n\t\t\t\t<div class=\"elementor-widget-container\">\n\t\t\t\t\t\t\t\t\t<p>Sa\u011flam Makina De\u011ferleri, K\u00fclt\u00fcrel Prensipleri ve D\u00f6n\u00fc\u015ft\u00fcr\u00fcc\u00fc Prensipleri<\/p>\t\t\t\t\t\t\t\t<\/div>\n\t\t\t\t<\/div>\n\t\t\t\t<\/div>\n\t\t\t\t\t<\/div>\n\t\t\t\t<\/div>\n\t\t\t\t\t<\/div>\n\t\t\t\t<\/div>\n\t\t<div class=\"wd-negative-gap elementor-element elementor-element-1b960ec wd-section-stretch e-flex e-con-boxed elementor-invisible e-con e-parent\" data-id=\"1b960ec\" data-element_type=\"container\" data-settings=\"{&quot;animation&quot;:&quot;fadeInUp&quot;}\">\n\t\t\t\t\t<div class=\"e-con-inner\">\n\t\t<div class=\"elementor-element elementor-element-647913a e-con-full e-flex e-con e-child\" data-id=\"647913a\" data-element_type=\"container\">\n\t\t<div class=\"elementor-element elementor-element-3c1b068 e-con-full e-flex e-con e-child\" data-id=\"3c1b068\" data-element_type=\"container\">\n\t\t\t\t<div class=\"elementor-element elementor-element-1635c1b elementor-widget elementor-widget-image\" data-id=\"1635c1b\" data-element_type=\"widget\" data-widget_type=\"image.default\">\n\t\t\t\t<div class=\"elementor-widget-container\">\n\t\t\t\t\t\t\t\t\t\t\t\t\t\t\t<img decoding=\"async\" width=\"136\" height=\"131\" src=\"https:\/\/www.saglammakina.com\/en\/wp-content\/uploads\/2024\/08\/icon-3.png\" class=\"elementor-animation-grow attachment-full size-full wp-image-15972\" alt=\"\" \/>\t\t\t\t\t\t\t\t\t\t\t\t\t\t\t<\/div>\n\t\t\t\t<\/div>\n\t\t\t\t<\/div>\n\t\t<div class=\"elementor-element elementor-element-746a500 e-con-full e-flex e-con e-child\" data-id=\"746a500\" data-element_type=\"container\">\n\t\t\t\t<div class=\"elementor-element elementor-element-a765436 elementor-widget__width-inherit elementor-widget-mobile__width-inherit color-scheme-inherit text-left elementor-widget elementor-widget-text-editor\" data-id=\"a765436\" data-element_type=\"widget\" data-widget_type=\"text-editor.default\">\n\t\t\t\t<div class=\"elementor-widget-container\">\n\t\t\t\t\t\t\t\t\t<p>Birlikte \u00fcretmenin g\u00fcc\u00fcne inan\u0131r\u0131z&#8230;<\/p>\t\t\t\t\t\t\t\t<\/div>\n\t\t\t\t<\/div>\n\t\t\t\t<div class=\"elementor-element elementor-element-0db5ad1 elementor-widget__width-inherit color-scheme-inherit text-left elementor-widget elementor-widget-text-editor\" data-id=\"0db5ad1\" data-element_type=\"widget\" data-widget_type=\"text-editor.default\">\n\t\t\t\t<div class=\"elementor-widget-container\">\n\t\t\t\t\t\t\t\t\t<p>Biz, Sa\u011flamlar Makine olarak, ekip \u00e7al\u0131\u015fmas\u0131n\u0131n ve i\u015fbirli\u011finin ba\u015far\u0131n\u0131n anahtar\u0131 oldu\u011funa inan\u0131yoruz. \u00c7al\u0131\u015fanlar\u0131m\u0131z, i\u015f ortaklar\u0131m\u0131z ve m\u00fc\u015fterilerimizle omuz omuza vererek, g\u00fc\u00e7 birli\u011fi ile hedeflerimize ula\u015f\u0131r\u0131z. Her bir bireyin katk\u0131s\u0131, b\u00fcy\u00fck resmi tamamlayan \u00f6nemli bir par\u00e7ad\u0131r ve bu bilin\u00e7le hareket ederiz.<\/p>\t\t\t\t\t\t\t\t<\/div>\n\t\t\t\t<\/div>\n\t\t\t\t<\/div>\n\t\t\t\t<\/div>\n\t\t\t\t\t<\/div>\n\t\t\t\t<\/div>\n\t\t<div class=\"wd-negative-gap elementor-element elementor-element-ca02d90 wd-section-stretch e-flex e-con-boxed elementor-invisible e-con e-parent\" data-id=\"ca02d90\" data-element_type=\"container\" data-settings=\"{&quot;animation&quot;:&quot;fadeInUp&quot;,&quot;background_background&quot;:&quot;classic&quot;}\">\n\t\t\t\t\t<div class=\"e-con-inner\">\n\t\t<div class=\"elementor-element elementor-element-49f58fe e-con-full e-flex e-con e-child\" data-id=\"49f58fe\" data-element_type=\"container\">\n\t\t<div class=\"elementor-element elementor-element-11e4ad2 e-con-full e-flex e-con e-child\" data-id=\"11e4ad2\" data-element_type=\"container\">\n\t\t\t\t<div class=\"elementor-element elementor-element-f472011 elementor-widget elementor-widget-image\" data-id=\"f472011\" data-element_type=\"widget\" data-widget_type=\"image.default\">\n\t\t\t\t<div class=\"elementor-widget-container\">\n\t\t\t\t\t\t\t\t\t\t\t\t\t\t\t<img decoding=\"async\" width=\"136\" height=\"147\" src=\"https:\/\/www.saglammakina.com\/en\/wp-content\/uploads\/2024\/08\/icon-1.png\" class=\"elementor-animation-grow attachment-full size-full wp-image-15973\" alt=\"\" \/>\t\t\t\t\t\t\t\t\t\t\t\t\t\t\t<\/div>\n\t\t\t\t<\/div>\n\t\t\t\t<\/div>\n\t\t<div class=\"elementor-element elementor-element-df3fad8 e-con-full e-flex e-con e-child\" data-id=\"df3fad8\" data-element_type=\"container\">\n\t\t\t\t<div class=\"elementor-element elementor-element-359361c elementor-widget__width-inherit elementor-widget-mobile__width-inherit color-scheme-inherit text-left elementor-widget elementor-widget-text-editor\" data-id=\"359361c\" data-element_type=\"widget\" data-widget_type=\"text-editor.default\">\n\t\t\t\t<div class=\"elementor-widget-container\">\n\t\t\t\t\t\t\t\t\t<p>\u00dclke ve toplum i\u00e7in de\u011fer yaratma hedefiyle \u00e7al\u0131\u015f\u0131r\u0131z&#8230;<\/p>\t\t\t\t\t\t\t\t<\/div>\n\t\t\t\t<\/div>\n\t\t\t\t<div class=\"elementor-element elementor-element-de4b7a6 elementor-widget__width-inherit color-scheme-inherit text-left elementor-widget elementor-widget-text-editor\" data-id=\"de4b7a6\" data-element_type=\"widget\" data-widget_type=\"text-editor.default\">\n\t\t\t\t<div class=\"elementor-widget-container\">\n\t\t\t\t\t\t\t\t\t<p>Faaliyetlerimizde \u00fclkemizin ve toplumumuzun refah\u0131n\u0131 \u00f6n planda tutar\u0131z. \u00dcretti\u011fimiz makineler ve sundu\u011fumuz hizmetlerle, ekonomik b\u00fcy\u00fcmeye katk\u0131 sa\u011flamay\u0131 ve toplumsal kalk\u0131nmay\u0131 desteklemeyi ama\u00e7lar\u0131z. Her ad\u0131m\u0131m\u0131z, \u00fclkemizin gelece\u011fi i\u00e7in de\u011fer katmak \u00fczerine kuruludur.<\/p>\t\t\t\t\t\t\t\t<\/div>\n\t\t\t\t<\/div>\n\t\t\t\t<\/div>\n\t\t\t\t<\/div>\n\t\t\t\t\t<\/div>\n\t\t\t\t<\/div>\n\t\t<div class=\"wd-negative-gap elementor-element elementor-element-6eb6d65 wd-section-stretch e-flex e-con-boxed elementor-invisible e-con e-parent\" data-id=\"6eb6d65\" data-element_type=\"container\" data-settings=\"{&quot;animation&quot;:&quot;fadeInUp&quot;}\">\n\t\t\t\t\t<div class=\"e-con-inner\">\n\t\t<div class=\"elementor-element elementor-element-0d93ea5 e-con-full e-flex e-con e-child\" data-id=\"0d93ea5\" data-element_type=\"container\">\n\t\t<div class=\"elementor-element elementor-element-859b15c e-con-full e-flex e-con e-child\" data-id=\"859b15c\" data-element_type=\"container\">\n\t\t\t\t<div class=\"elementor-element elementor-element-f35b26d elementor-widget elementor-widget-image\" data-id=\"f35b26d\" data-element_type=\"widget\" data-widget_type=\"image.default\">\n\t\t\t\t<div class=\"elementor-widget-container\">\n\t\t\t\t\t\t\t\t\t\t\t\t\t\t\t<img decoding=\"async\" width=\"137\" height=\"131\" src=\"https:\/\/www.saglammakina.com\/en\/wp-content\/uploads\/2024\/08\/icon-5.png\" class=\"elementor-animation-grow attachment-full size-full wp-image-15974\" alt=\"\" \/>\t\t\t\t\t\t\t\t\t\t\t\t\t\t\t<\/div>\n\t\t\t\t<\/div>\n\t\t\t\t<\/div>\n\t\t<div class=\"elementor-element elementor-element-6a67807 e-con-full e-flex e-con e-child\" data-id=\"6a67807\" data-element_type=\"container\">\n\t\t\t\t<div class=\"elementor-element elementor-element-f19e489 elementor-widget__width-inherit elementor-widget-mobile__width-inherit color-scheme-inherit text-left elementor-widget elementor-widget-text-editor\" data-id=\"f19e489\" data-element_type=\"widget\" data-widget_type=\"text-editor.default\">\n\t\t\t\t<div class=\"elementor-widget-container\">\n\t\t\t\t\t\t\t\t\t<p>G\u00fcvenilir, \u015feffaf ve a\u00e7\u0131\u011f\u0131z&#8230;<\/p>\t\t\t\t\t\t\t\t<\/div>\n\t\t\t\t<\/div>\n\t\t\t\t<div class=\"elementor-element elementor-element-d4a9ec9 elementor-widget__width-inherit color-scheme-inherit text-left elementor-widget elementor-widget-text-editor\" data-id=\"d4a9ec9\" data-element_type=\"widget\" data-widget_type=\"text-editor.default\">\n\t\t\t\t<div class=\"elementor-widget-container\">\n\t\t\t\t\t\t\t\t\t<p>\u0130\u015f d\u00fcnyas\u0131nda g\u00fcven, sa\u011flam ili\u015fkilerin temelidir. Sa\u011flamlar Makine olarak, m\u00fc\u015fterilerimize ve i\u015f ortaklar\u0131m\u0131za kar\u015f\u0131 her zaman d\u00fcr\u00fcst, \u015feffaf ve a\u00e7\u0131k bir yakla\u015f\u0131m sergileriz. Verdi\u011fimiz s\u00f6zleri tutar, i\u015f s\u00fcre\u00e7lerimizi en \u015feffaf \u015fekilde y\u00fcr\u00fct\u00fcr\u00fcz.<\/p>\t\t\t\t\t\t\t\t<\/div>\n\t\t\t\t<\/div>\n\t\t\t\t<\/div>\n\t\t\t\t<\/div>\n\t\t\t\t\t<\/div>\n\t\t\t\t<\/div>\n\t\t<div class=\"wd-negative-gap elementor-element elementor-element-056ccdf wd-section-stretch e-flex e-con-boxed elementor-invisible e-con e-parent\" data-id=\"056ccdf\" data-element_type=\"container\" data-settings=\"{&quot;animation&quot;:&quot;fadeInUp&quot;,&quot;background_background&quot;:&quot;classic&quot;}\">\n\t\t\t\t\t<div class=\"e-con-inner\">\n\t\t<div class=\"elementor-element elementor-element-3af2b22 e-con-full e-flex e-con e-child\" data-id=\"3af2b22\" data-element_type=\"container\">\n\t\t<div class=\"elementor-element elementor-element-b6a5641 e-con-full e-flex e-con e-child\" data-id=\"b6a5641\" data-element_type=\"container\">\n\t\t\t\t<div class=\"elementor-element elementor-element-704fe9a elementor-widget elementor-widget-image\" data-id=\"704fe9a\" data-element_type=\"widget\" data-widget_type=\"image.default\">\n\t\t\t\t<div class=\"elementor-widget-container\">\n\t\t\t\t\t\t\t\t\t\t\t\t\t\t\t<img loading=\"lazy\" decoding=\"async\" width=\"137\" height=\"138\" src=\"https:\/\/www.saglammakina.com\/en\/wp-content\/uploads\/2024\/08\/icon-2.png\" class=\"elementor-animation-grow attachment-full size-full wp-image-15975\" alt=\"\" \/>\t\t\t\t\t\t\t\t\t\t\t\t\t\t\t<\/div>\n\t\t\t\t<\/div>\n\t\t\t\t<\/div>\n\t\t<div class=\"elementor-element elementor-element-82642e8 e-con-full e-flex e-con e-child\" data-id=\"82642e8\" data-element_type=\"container\">\n\t\t\t\t<div class=\"elementor-element elementor-element-bb01029 elementor-widget__width-inherit elementor-widget-mobile__width-inherit color-scheme-inherit text-left elementor-widget elementor-widget-text-editor\" data-id=\"bb01029\" data-element_type=\"widget\" data-widget_type=\"text-editor.default\">\n\t\t\t\t<div class=\"elementor-widget-container\">\n\t\t\t\t\t\t\t\t\t<p>Giri\u015fimci, yenilik\u00e7i ve \u00f6nc\u00fcy\u00fcz&#8230;<\/p>\t\t\t\t\t\t\t\t<\/div>\n\t\t\t\t<\/div>\n\t\t\t\t<div class=\"elementor-element elementor-element-dbca8dc elementor-widget__width-inherit color-scheme-inherit text-left elementor-widget elementor-widget-text-editor\" data-id=\"dbca8dc\" data-element_type=\"widget\" data-widget_type=\"text-editor.default\">\n\t\t\t\t<div class=\"elementor-widget-container\">\n\t\t\t\t\t\t\t\t\t<p>De\u011fi\u015fen d\u00fcnyada, ba\u015far\u0131y\u0131 yakalamak i\u00e7in giri\u015fimci ruhumuzu her zaman canl\u0131 tutar\u0131z. Yenilik\u00e7i \u00e7\u00f6z\u00fcmlerle sekt\u00f6r\u00fcm\u00fczde \u00f6nc\u00fc olmay\u0131 hedefleriz. S\u00fcrekli olarak yeni fikirler geli\u015ftirir, teknoloji ve bilgiye dayal\u0131 \u00fcretimle fark yarat\u0131r\u0131z.<\/p>\t\t\t\t\t\t\t\t<\/div>\n\t\t\t\t<\/div>\n\t\t\t\t<\/div>\n\t\t\t\t<\/div>\n\t\t\t\t\t<\/div>\n\t\t\t\t<\/div>\n\t\t<div class=\"wd-negative-gap elementor-element elementor-element-7060371 wd-section-stretch e-flex e-con-boxed elementor-invisible e-con e-parent\" data-id=\"7060371\" data-element_type=\"container\" data-settings=\"{&quot;animation&quot;:&quot;fadeInUp&quot;}\">\n\t\t\t\t\t<div class=\"e-con-inner\">\n\t\t<div class=\"elementor-element elementor-element-6cea147 e-con-full e-flex e-con e-child\" data-id=\"6cea147\" data-element_type=\"container\">\n\t\t<div class=\"elementor-element elementor-element-f6626fd e-con-full e-flex e-con e-child\" data-id=\"f6626fd\" data-element_type=\"container\">\n\t\t\t\t<div class=\"elementor-element elementor-element-9441d5a elementor-widget elementor-widget-image\" data-id=\"9441d5a\" data-element_type=\"widget\" data-widget_type=\"image.default\">\n\t\t\t\t<div class=\"elementor-widget-container\">\n\t\t\t\t\t\t\t\t\t\t\t\t\t\t\t<img loading=\"lazy\" decoding=\"async\" width=\"136\" height=\"163\" src=\"https:\/\/www.saglammakina.com\/en\/wp-content\/uploads\/2024\/08\/icon-4.png\" class=\"elementor-animation-grow attachment-full size-full wp-image-15976\" alt=\"\" \/>\t\t\t\t\t\t\t\t\t\t\t\t\t\t\t<\/div>\n\t\t\t\t<\/div>\n\t\t\t\t<\/div>\n\t\t<div class=\"elementor-element elementor-element-733f016 e-con-full e-flex e-con e-child\" data-id=\"733f016\" data-element_type=\"container\">\n\t\t\t\t<div class=\"elementor-element elementor-element-f98e517 elementor-widget__width-inherit elementor-widget-mobile__width-inherit color-scheme-inherit text-left elementor-widget elementor-widget-text-editor\" data-id=\"f98e517\" data-element_type=\"widget\" data-widget_type=\"text-editor.default\">\n\t\t\t\t<div class=\"elementor-widget-container\">\n\t\t\t\t\t\t\t\t\t<p>D\u00fcr\u00fcst, \u00e7al\u0131\u015fkan ve sorumluluk sahibiyiz&#8230;<\/p>\t\t\t\t\t\t\t\t<\/div>\n\t\t\t\t<\/div>\n\t\t\t\t<div class=\"elementor-element elementor-element-0e943d0 elementor-widget__width-inherit color-scheme-inherit text-left elementor-widget elementor-widget-text-editor\" data-id=\"0e943d0\" data-element_type=\"widget\" data-widget_type=\"text-editor.default\">\n\t\t\t\t<div class=\"elementor-widget-container\">\n\t\t\t\t\t\t\t\t\t<p>Sa\u011flamlar Makine olarak, i\u015f eti\u011fine s\u0131k\u0131 s\u0131k\u0131ya ba\u011fl\u0131y\u0131z. D\u00fcr\u00fcstl\u00fck, \u00e7al\u0131\u015fkanl\u0131k ve sorumluluk bilinci, t\u00fcm \u00e7al\u0131\u015fanlar\u0131m\u0131z\u0131n benimsedi\u011fi temel de\u011ferlerdir. Bu de\u011ferlere olan ba\u011fl\u0131l\u0131\u011f\u0131m\u0131z, g\u00fcvenilir bir i\u015f orta\u011f\u0131 olmam\u0131z\u0131 sa\u011flar.<\/p>\t\t\t\t\t\t\t\t<\/div>\n\t\t\t\t<\/div>\n\t\t\t\t<\/div>\n\t\t\t\t<\/div>\n\t\t\t\t\t<\/div>\n\t\t\t\t<\/div>\n\t\t<div class=\"wd-negative-gap elementor-element elementor-element-f9f8f97 wd-section-stretch e-flex e-con-boxed elementor-invisible e-con e-parent\" data-id=\"f9f8f97\" data-element_type=\"container\" data-settings=\"{&quot;animation&quot;:&quot;fadeInUp&quot;,&quot;background_background&quot;:&quot;classic&quot;}\">\n\t\t\t\t\t<div class=\"e-con-inner\">\n\t\t<div class=\"elementor-element elementor-element-6800275 e-con-full e-flex e-con e-child\" data-id=\"6800275\" data-element_type=\"container\">\n\t\t<div class=\"elementor-element elementor-element-83a6de2 e-con-full e-flex e-con e-child\" data-id=\"83a6de2\" data-element_type=\"container\">\n\t\t\t\t<div class=\"elementor-element elementor-element-f2a2743 elementor-widget elementor-widget-image\" data-id=\"f2a2743\" data-element_type=\"widget\" data-widget_type=\"image.default\">\n\t\t\t\t<div class=\"elementor-widget-container\">\n\t\t\t\t\t\t\t\t\t\t\t\t\t\t\t<img loading=\"lazy\" decoding=\"async\" width=\"136\" height=\"136\" src=\"https:\/\/www.saglammakina.com\/en\/wp-content\/uploads\/2024\/08\/icon-6.png\" class=\"elementor-animation-grow attachment-full size-full wp-image-15977\" alt=\"\" \/>\t\t\t\t\t\t\t\t\t\t\t\t\t\t\t<\/div>\n\t\t\t\t<\/div>\n\t\t\t\t<\/div>\n\t\t<div class=\"elementor-element elementor-element-41f1866 e-con-full e-flex e-con e-child\" data-id=\"41f1866\" data-element_type=\"container\">\n\t\t\t\t<div class=\"elementor-element elementor-element-50e94dc elementor-widget__width-inherit elementor-widget-mobile__width-inherit color-scheme-inherit text-left elementor-widget elementor-widget-text-editor\" data-id=\"50e94dc\" data-element_type=\"widget\" data-widget_type=\"text-editor.default\">\n\t\t\t\t<div class=\"elementor-widget-container\">\n\t\t\t\t\t\t\t\t\t<p>Faaliyetlerimizi s\u00fcrd\u00fcr\u00fclebilirlik anlay\u0131\u015f\u0131yla y\u00f6netiriz&#8230;<\/p>\t\t\t\t\t\t\t\t<\/div>\n\t\t\t\t<\/div>\n\t\t\t\t<div class=\"elementor-element elementor-element-f8c817d elementor-widget__width-inherit color-scheme-inherit text-left elementor-widget elementor-widget-text-editor\" data-id=\"f8c817d\" data-element_type=\"widget\" data-widget_type=\"text-editor.default\">\n\t\t\t\t<div class=\"elementor-widget-container\">\n\t\t\t\t\t\t\t\t\t<p>Gelece\u011fe olan sorumlulu\u011fumuzun bilincindeyiz. \u0130\u015f s\u00fcre\u00e7lerimizde \u00e7evre dostu uygulamalar\u0131 benimser, do\u011fal kaynaklar\u0131 verimli kullan\u0131r ve s\u00fcrd\u00fcr\u00fclebilirlik ilkelerine uygun \u015fekilde hareket ederiz. Do\u011fay\u0131 koruman\u0131n ve gelecek nesillere ya\u015fanabilir bir d\u00fcnya b\u0131rakman\u0131n \u00f6nemine inan\u0131r\u0131z.<\/p>\t\t\t\t\t\t\t\t<\/div>\n\t\t\t\t<\/div>\n\t\t\t\t<\/div>\n\t\t\t\t<\/div>\n\t\t\t\t\t<\/div>\n\t\t\t\t<\/div>\n\t\t<div class=\"wd-negative-gap elementor-element elementor-element-69a553a wd-section-stretch e-flex e-con-boxed elementor-invisible e-con e-parent\" data-id=\"69a553a\" data-element_type=\"container\" data-settings=\"{&quot;animation&quot;:&quot;fadeInUp&quot;}\">\n\t\t\t\t\t<div class=\"e-con-inner\">\n\t\t<div class=\"elementor-element elementor-element-8c9f8df e-con-full e-flex e-con e-child\" data-id=\"8c9f8df\" data-element_type=\"container\">\n\t\t<div class=\"elementor-element elementor-element-f3af5e2 e-con-full e-flex e-con e-child\" data-id=\"f3af5e2\" data-element_type=\"container\">\n\t\t\t\t<div class=\"elementor-element elementor-element-2fb5e8a elementor-widget elementor-widget-image\" data-id=\"2fb5e8a\" data-element_type=\"widget\" data-widget_type=\"image.default\">\n\t\t\t\t<div class=\"elementor-widget-container\">\n\t\t\t\t\t\t\t\t\t\t\t\t\t\t\t<img loading=\"lazy\" decoding=\"async\" width=\"136\" height=\"131\" src=\"https:\/\/www.saglammakina.com\/en\/wp-content\/uploads\/2024\/08\/icon-7.png\" class=\"elementor-animation-grow attachment-full size-full wp-image-15978\" alt=\"\" \/>\t\t\t\t\t\t\t\t\t\t\t\t\t\t\t<\/div>\n\t\t\t\t<\/div>\n\t\t\t\t<\/div>\n\t\t<div class=\"elementor-element elementor-element-4951f12 e-con-full e-flex e-con e-child\" data-id=\"4951f12\" data-element_type=\"container\">\n\t\t\t\t<div class=\"elementor-element elementor-element-c41a034 elementor-widget__width-inherit elementor-widget-mobile__width-inherit color-scheme-inherit text-left elementor-widget elementor-widget-text-editor\" data-id=\"c41a034\" data-element_type=\"widget\" data-widget_type=\"text-editor.default\">\n\t\t\t\t<div class=\"elementor-widget-container\">\n\t\t\t\t\t\t\t\t\t<p>\u00dclkemizin g\u00fcc\u00fcne g\u00fc\u00e7 katmak i\u00e7in \u00e7al\u0131\u015f\u0131r\u0131z&#8230;<\/p>\t\t\t\t\t\t\t\t<\/div>\n\t\t\t\t<\/div>\n\t\t\t\t<div class=\"elementor-element elementor-element-b51b4a7 elementor-widget__width-inherit color-scheme-inherit text-left elementor-widget elementor-widget-text-editor\" data-id=\"b51b4a7\" data-element_type=\"widget\" data-widget_type=\"text-editor.default\">\n\t\t\t\t<div class=\"elementor-widget-container\">\n\t\t\t\t\t\t\t\t\t<p>Sa\u011flamlar Makine olarak, \u00fclkemizin ekonomik ve end\u00fcstriyel g\u00fcc\u00fcne katk\u0131da bulunmay\u0131 g\u00f6rev biliriz. \u00dcretti\u011fimiz makineler ve geli\u015ftirdi\u011fimiz teknolojilerle, T\u00fcrkiye&#8217;nin sanayi sekt\u00f6r\u00fcnde daha da g\u00fc\u00e7l\u00fc bir konuma gelmesi i\u00e7in var g\u00fcc\u00fcm\u00fczle \u00e7al\u0131\u015f\u0131r\u0131z. Her ad\u0131m\u0131m\u0131z, \u00fclkemizin b\u00fcy\u00fcmesine katk\u0131 sa\u011flamak i\u00e7in at\u0131lm\u0131\u015f bir ad\u0131md\u0131r.<\/p>\t\t\t\t\t\t\t\t<\/div>\n\t\t\t\t<\/div>\n\t\t\t\t<\/div>\n\t\t\t\t<\/div>\n\t\t\t\t\t<\/div>\n\t\t\t\t<\/div>\n\t\t\t\t<\/div>\n\t\t","protected":false},"excerpt":{"rendered":"<p>Sa\u011flam Makina De\u011ferleri, K\u00fclt\u00fcrel Prensipleri ve D\u00f6n\u00fc\u015ft\u00fcr\u00fcc\u00fc Prensipleri Birlikte \u00fcretmenin g\u00fcc\u00fcne inan\u0131r\u0131z&#8230; Biz, Sa\u011flamlar Makine olarak, ekip \u00e7al\u0131\u015fmas\u0131n\u0131n ve i\u015fbirli\u011finin<\/p>\n","protected":false},"author":1,"featured_media":0,"parent":15902,"menu_order":0,"comment_status":"closed","ping_status":"closed","template":"","meta":{"footnotes":""},"class_list":["post-15968","page","type-page","status-publish","hentry"],"_links":{"self":[{"href":"https:\/\/www.saglammakina.com\/en\/wp-json\/wp\/v2\/pages\/15968","targetHints":{"allow":["GET"]}}],"collection":[{"href":"https:\/\/www.saglammakina.com\/en\/wp-json\/wp\/v2\/pages"}],"about":[{"href":"https:\/\/www.saglammakina.com\/en\/wp-json\/wp\/v2\/types\/page"}],"author":[{"embeddable":true,"href":"https:\/\/www.saglammakina.com\/en\/wp-json\/wp\/v2\/users\/1"}],"replies":[{"embeddable":true,"href":"https:\/\/www.saglammakina.com\/en\/wp-json\/wp\/v2\/comments?post=15968"}],"version-history":[{"count":16,"href":"https:\/\/www.saglammakina.com\/en\/wp-json\/wp\/v2\/pages\/15968\/revisions"}],"predecessor-version":[{"id":15993,"href":"https:\/\/www.saglammakina.com\/en\/wp-json\/wp\/v2\/pages\/15968\/revisions\/15993"}],"up":[{"embeddable":true,"href":"https:\/\/www.saglammakina.com\/en\/wp-json\/wp\/v2\/pages\/15902"}],"wp:attachment":[{"href":"https:\/\/www.saglammakina.com\/en\/wp-json\/wp\/v2\/media?parent=15968"}],"curies":[{"name":"wp","href":"https:\/\/api.w.org\/{rel}","templated":true}]}}