{"id":16066,"date":"2024-08-24T11:52:00","date_gmt":"2024-08-24T08:52:00","guid":{"rendered":"https:\/\/dijitay.com.tr\/?page_id=16066"},"modified":"2024-08-24T12:08:22","modified_gmt":"2024-08-24T09:08:22","slug":"yolculugumuz","status":"publish","type":"page","link":"https:\/\/www.saglammakina.com\/en\/kurumsal\/yolculugumuz\/","title":{"rendered":"Yolculu\u011fumuz"},"content":{"rendered":"\t\t<div data-elementor-type=\"wp-page\" data-elementor-id=\"16066\" class=\"elementor elementor-16066\" data-elementor-post-type=\"page\">\n\t\t\t\t<div class=\"wd-negative-gap elementor-element elementor-element-301ccad wd-section-stretch e-flex e-con-boxed e-con e-parent\" data-id=\"301ccad\" data-element_type=\"container\">\n\t\t\t\t\t<div class=\"e-con-inner\">\n\t\t<div class=\"elementor-element elementor-element-fab1c2e e-con-full e-flex e-con e-child\" data-id=\"fab1c2e\" data-element_type=\"container\">\n\t\t<div class=\"elementor-element elementor-element-01505b4 e-con-full e-flex e-con e-child\" data-id=\"01505b4\" data-element_type=\"container\">\n\t\t\t\t<div class=\"elementor-element elementor-element-5fd9e26 elementor-widget elementor-widget-theme-site-title elementor-widget-heading\" data-id=\"5fd9e26\" data-element_type=\"widget\" data-widget_type=\"theme-site-title.default\">\n\t\t\t\t<div class=\"elementor-widget-container\">\n\t\t\t\t\t<h2 class=\"elementor-heading-title elementor-size-default\"><a href=\"https:\/\/www.saglammakina.com\/en\">Sa\u011flamlar Punta | Bursa | T\u00fcrkiye<\/a><\/h2>\t\t\t\t<\/div>\n\t\t\t\t<\/div>\n\t\t\t\t<\/div>\n\t\t\t\t<div class=\"elementor-element elementor-element-6b066a5 elementor-widget__width-inherit color-scheme-inherit text-left elementor-widget elementor-widget-text-editor\" data-id=\"6b066a5\" data-element_type=\"widget\" data-widget_type=\"text-editor.default\">\n\t\t\t\t<div class=\"elementor-widget-container\">\n\t\t\t\t\t\t\t\t\t<p>Ba\u015flang\u0131\u00e7ta, birka\u00e7 ki\u015finin bir araya gelerek b\u00fcy\u00fck bir vizyon ve azimle kurdu\u011fu k\u00fc\u00e7\u00fck bir giri\u015fimdik. Ancak, inovasyona ve s\u00fcrekli geli\u015fime olan inanc\u0131m\u0131z sayesinde k\u0131sa s\u00fcrede sekt\u00f6rde kendimize sa\u011flam bir yer edindik<\/p>\t\t\t\t\t\t\t\t<\/div>\n\t\t\t\t<\/div>\n\t\t\t\t<\/div>\n\t\t\t\t\t<\/div>\n\t\t\t\t<\/div>\n\t\t<div class=\"elementor-element elementor-element-ae8f6ce wd-section-stretch e-con-full e-flex e-con e-parent\" data-id=\"ae8f6ce\" data-element_type=\"container\" data-settings=\"{&quot;background_background&quot;:&quot;classic&quot;}\">\n\t\t\t\t<\/div>\n\t\t<div class=\"wd-negative-gap elementor-element elementor-element-1b960ec wd-section-stretch e-flex e-con-boxed e-con e-parent\" data-id=\"1b960ec\" data-element_type=\"container\">\n\t\t\t\t\t<div class=\"e-con-inner\">\n\t\t<div class=\"elementor-element elementor-element-647913a e-con-full e-flex e-con e-child\" data-id=\"647913a\" data-element_type=\"container\">\n\t\t<div class=\"elementor-element elementor-element-3c1b068 e-con-full elementor-hidden-mobile e-flex e-con e-child\" data-id=\"3c1b068\" data-element_type=\"container\">\n\t\t\t\t<\/div>\n\t\t<div class=\"elementor-element elementor-element-746a500 e-con-full e-flex e-con e-child\" data-id=\"746a500\" data-element_type=\"container\">\n\t\t\t\t<div class=\"elementor-element elementor-element-a765436 elementor-widget__width-inherit color-scheme-inherit text-left elementor-widget elementor-widget-text-editor\" data-id=\"a765436\" data-element_type=\"widget\" data-widget_type=\"text-editor.default\">\n\t\t\t\t<div class=\"elementor-widget-container\">\n\t\t\t\t\t\t\t\t\t<p>Ge\u00e7mi\u015fimiz<\/p>\t\t\t\t\t\t\t\t<\/div>\n\t\t\t\t<\/div>\n\t\t\t\t<div class=\"elementor-element elementor-element-0db5ad1 elementor-widget__width-inherit color-scheme-inherit text-left elementor-widget elementor-widget-text-editor\" data-id=\"0db5ad1\" data-element_type=\"widget\" data-widget_type=\"text-editor.default\">\n\t\t\t\t<div class=\"elementor-widget-container\">\n\t\t\t\t\t\t\t\t\t<p>Kurulu\u015fumuzdan bu yana ge\u00e7en y\u0131llar boyunca, pek \u00e7ok zorlukla kar\u015f\u0131la\u015ft\u0131k ve her biri bize \u00f6nemli dersler \u00f6\u011fretti. Teknoloji ve trendler h\u0131zla de\u011fi\u015firken, biz de de\u011fi\u015fime ayak uydurduk, yeni stratejiler geli\u015ftirdik ve i\u015f modelimizi yeniden \u015fekillendirdik. M\u00fc\u015fterilerimizin ihtiya\u00e7lar\u0131n\u0131 her zaman \u00f6ncelik olarak g\u00f6rd\u00fck ve onlara en iyi \u00fcr\u00fcn ve hizmetleri sunmak i\u00e7in \u00e7abalad\u0131k.<\/p>\t\t\t\t\t\t\t\t<\/div>\n\t\t\t\t<\/div>\n\t\t\t\t<div class=\"elementor-element elementor-element-841c36e elementor-widget__width-inherit color-scheme-inherit text-left elementor-widget elementor-widget-text-editor\" data-id=\"841c36e\" data-element_type=\"widget\" data-widget_type=\"text-editor.default\">\n\t\t\t\t<div class=\"elementor-widget-container\">\n\t\t\t\t\t\t\t\t\t<p>Ge\u00e7mi\u015fte elde etti\u011fimiz ba\u015far\u0131lar, sadece bizim de\u011fil, ayn\u0131 zamanda \u00e7al\u0131\u015fanlar\u0131m\u0131z\u0131n, i\u015f ortaklar\u0131m\u0131z\u0131n ve m\u00fc\u015fterilerimizin de bir ba\u015far\u0131s\u0131d\u0131r. Onlar\u0131n deste\u011fi ve g\u00fcveni, bizi bug\u00fcnk\u00fc konumumuza getiren en \u00f6nemli fakt\u00f6rlerdir. Her bir projede, her bir yeni ba\u015flang\u0131\u00e7ta, \u00f6\u011frenmek ve daha iyisini yapmak i\u00e7in \u00e7abalad\u0131k.<\/p>\t\t\t\t\t\t\t\t<\/div>\n\t\t\t\t<\/div>\n\t\t\t\t<\/div>\n\t\t\t\t<\/div>\n\t\t\t\t\t<\/div>\n\t\t\t\t<\/div>\n\t\t<div class=\"wd-negative-gap elementor-element elementor-element-d3c4dac wd-section-stretch e-flex e-con-boxed e-con e-parent\" data-id=\"d3c4dac\" data-element_type=\"container\">\n\t\t\t\t\t<div class=\"e-con-inner\">\n\t\t<div class=\"elementor-element elementor-element-f7a8f92 e-con-full e-flex e-con e-child\" data-id=\"f7a8f92\" data-element_type=\"container\">\n\t\t<div class=\"elementor-element elementor-element-7b406eb e-con-full elementor-hidden-mobile e-flex e-con e-child\" data-id=\"7b406eb\" data-element_type=\"container\">\n\t\t\t\t<\/div>\n\t\t<div class=\"elementor-element elementor-element-c213709 e-con-full e-flex e-con e-child\" data-id=\"c213709\" data-element_type=\"container\">\n\t\t\t\t<div class=\"elementor-element elementor-element-a4b13c3 elementor-widget__width-inherit color-scheme-inherit text-left elementor-widget elementor-widget-text-editor\" data-id=\"a4b13c3\" data-element_type=\"widget\" data-widget_type=\"text-editor.default\">\n\t\t\t\t<div class=\"elementor-widget-container\">\n\t\t\t\t\t\t\t\t\t<p>Gelece\u011fe Bak\u0131\u015f\u0131m\u0131z<\/p>\t\t\t\t\t\t\t\t<\/div>\n\t\t\t\t<\/div>\n\t\t\t\t<div class=\"elementor-element elementor-element-7dfdb03 elementor-widget__width-inherit color-scheme-inherit text-left elementor-widget elementor-widget-text-editor\" data-id=\"7dfdb03\" data-element_type=\"widget\" data-widget_type=\"text-editor.default\">\n\t\t\t\t<div class=\"elementor-widget-container\">\n\t\t\t\t\t\t\t\t\t<p>Gelecek, bize yepyeni f\u0131rsatlar sunuyor ve biz, bu f\u0131rsatlar\u0131 en iyi \u015fekilde de\u011ferlendirmeye kararl\u0131y\u0131z. Yenilik\u00e7i d\u00fc\u015f\u00fcnce yap\u0131m\u0131z ve cesur kararlar\u0131m\u0131zla b\u00fcy\u00fcmeye ve geli\u015fmeye devam edece\u011fiz. S\u00fcrd\u00fcr\u00fclebilirlik ilkeleri do\u011frultusunda hareket ederek, \u00e7evreye duyarl\u0131 ve topluma katk\u0131 sa\u011flayan projelere \u00f6ncelik verece\u011fiz.<\/p>\t\t\t\t\t\t\t\t<\/div>\n\t\t\t\t<\/div>\n\t\t\t\t<div class=\"elementor-element elementor-element-c9287ee elementor-widget__width-inherit color-scheme-inherit text-left elementor-widget elementor-widget-text-editor\" data-id=\"c9287ee\" data-element_type=\"widget\" data-widget_type=\"text-editor.default\">\n\t\t\t\t<div class=\"elementor-widget-container\">\n\t\t\t\t\t\t\t\t\t<p>Teknoloji ve inovasyon, gelecekteki stratejilerimizin merkezinde yer alacak. M\u00fc\u015fterilerimize daha fazla de\u011fer katmak, onlar\u0131n hayatlar\u0131n\u0131 kolayla\u015ft\u0131rmak ve onlara daha iyi bir deneyim sunmak i\u00e7in en yeni teknolojileri ve trendleri yak\u0131ndan takip edece\u011fiz. Global pazarlarda varl\u0131\u011f\u0131m\u0131z\u0131 g\u00fc\u00e7lendirerek, markam\u0131z\u0131 d\u00fcnya \u00e7ap\u0131nda tan\u0131nan ve g\u00fcvenilen bir isim haline getirmeyi hedefliyoruz.<\/p>\t\t\t\t\t\t\t\t<\/div>\n\t\t\t\t<\/div>\n\t\t\t\t<\/div>\n\t\t\t\t<\/div>\n\t\t\t\t\t<\/div>\n\t\t\t\t<\/div>\n\t\t<div class=\"wd-negative-gap elementor-element elementor-element-cc57da1 wd-section-stretch e-flex e-con-boxed e-con e-parent\" data-id=\"cc57da1\" data-element_type=\"container\">\n\t\t\t\t\t<div class=\"e-con-inner\">\n\t\t<div class=\"elementor-element elementor-element-44f6046 e-con-full e-flex e-con e-child\" data-id=\"44f6046\" data-element_type=\"container\">\n\t\t<div class=\"elementor-element elementor-element-e6297ad e-con-full elementor-hidden-mobile e-flex e-con e-child\" data-id=\"e6297ad\" data-element_type=\"container\">\n\t\t\t\t<\/div>\n\t\t<div class=\"elementor-element elementor-element-9093746 e-con-full e-flex e-con e-child\" data-id=\"9093746\" data-element_type=\"container\">\n\t\t\t\t<div class=\"elementor-element elementor-element-742e900 elementor-widget__width-inherit color-scheme-inherit text-left elementor-widget elementor-widget-text-editor\" data-id=\"742e900\" data-element_type=\"widget\" data-widget_type=\"text-editor.default\">\n\t\t\t\t<div class=\"elementor-widget-container\">\n\t\t\t\t\t\t\t\t\t<p>Birlikte \u0130lerliyoruz<\/p>\t\t\t\t\t\t\t\t<\/div>\n\t\t\t\t<\/div>\n\t\t\t\t<div class=\"elementor-element elementor-element-9c2532f elementor-widget__width-inherit color-scheme-inherit text-left elementor-widget elementor-widget-text-editor\" data-id=\"9c2532f\" data-element_type=\"widget\" data-widget_type=\"text-editor.default\">\n\t\t\t\t<div class=\"elementor-widget-container\">\n\t\t\t\t\t\t\t\t\t<p>Bu yolculukta, \u00e7al\u0131\u015fanlar\u0131m\u0131z\u0131n yetenekleri ve ba\u011fl\u0131l\u0131klar\u0131 en b\u00fcy\u00fck g\u00fcc\u00fcm\u00fcz olmaya devam edecek. Onlar\u0131n geli\u015fimini destekleyecek, onlara ilham verecek ve birlikte b\u00fcy\u00fcmenin \u00f6nemini vurgulayaca\u011f\u0131z. \u00c7\u00fcnk\u00fc biz inan\u0131yoruz ki, ba\u015far\u0131 yaln\u0131zca birlikte \u00e7al\u0131\u015farak elde edilir.<\/p>\t\t\t\t\t\t\t\t<\/div>\n\t\t\t\t<\/div>\n\t\t\t\t<div class=\"elementor-element elementor-element-faab271 elementor-widget__width-inherit color-scheme-inherit text-left elementor-widget elementor-widget-text-editor\" data-id=\"faab271\" data-element_type=\"widget\" data-widget_type=\"text-editor.default\">\n\t\t\t\t<div class=\"elementor-widget-container\">\n\t\t\t\t\t\t\t\t\t<p>M\u00fc\u015fterilerimizle olan ili\u015fkilerimizi derinle\u015ftirerek, onlar\u0131n ihtiya\u00e7lar\u0131n\u0131 daha iyi anlayacak ve onlara en uygun \u00e7\u00f6z\u00fcmleri sunaca\u011f\u0131z. G\u00fcven, \u015feffafl\u0131k ve d\u00fcr\u00fcstl\u00fck, t\u00fcm i\u015f ili\u015fkilerimizin temel ta\u015flar\u0131 olmaya devam edecek.<\/p><p>Gelece\u011fe olan inanc\u0131m\u0131z ve kararl\u0131l\u0131\u011f\u0131m\u0131zla, yeni ufuklara do\u011fru yelken a\u00e7\u0131yoruz. Ge\u00e7mi\u015fimizden ald\u0131\u011f\u0131m\u0131z g\u00fc\u00e7 ve gelece\u011fe olan umutla, bu yolculu\u011fa birlikte devam edece\u011fiz.<\/p>\t\t\t\t\t\t\t\t<\/div>\n\t\t\t\t<\/div>\n\t\t\t\t<\/div>\n\t\t\t\t<\/div>\n\t\t\t\t\t<\/div>\n\t\t\t\t<\/div>\n\t\t<div class=\"wd-negative-gap elementor-element elementor-element-188c8cf wd-section-stretch e-flex e-con-boxed e-con e-parent\" data-id=\"188c8cf\" data-element_type=\"container\">\n\t\t\t\t\t<div class=\"e-con-inner\">\n\t\t<div class=\"elementor-element elementor-element-dde01c7 e-con-full e-flex e-con e-child\" data-id=\"dde01c7\" data-element_type=\"container\">\n\t\t<div class=\"elementor-element elementor-element-212bddc e-con-full elementor-hidden-mobile e-flex e-con e-child\" data-id=\"212bddc\" data-element_type=\"container\">\n\t\t\t\t<\/div>\n\t\t<div class=\"elementor-element elementor-element-a31038b e-con-full e-flex e-con e-child\" data-id=\"a31038b\" data-element_type=\"container\">\n\t\t\t\t<div class=\"elementor-element elementor-element-384edb7 elementor-widget__width-inherit color-scheme-inherit text-left elementor-widget elementor-widget-text-editor\" data-id=\"384edb7\" data-element_type=\"widget\" data-widget_type=\"text-editor.default\">\n\t\t\t\t<div class=\"elementor-widget-container\">\n\t\t\t\t\t\t\t\t\t<p><strong>Gelece\u011fe Yolculuk, Bug\u00fcnden Ba\u015flar.<\/strong><\/p>\t\t\t\t\t\t\t\t<\/div>\n\t\t\t\t<\/div>\n\t\t\t\t<\/div>\n\t\t\t\t<\/div>\n\t\t\t\t\t<\/div>\n\t\t\t\t<\/div>\n\t\t<div class=\"wd-negative-gap elementor-element elementor-element-7095618 wd-section-stretch e-flex e-con-boxed e-con e-parent\" data-id=\"7095618\" data-element_type=\"container\">\n\t\t\t\t\t<div class=\"e-con-inner\">\n\t\t<div class=\"elementor-element elementor-element-f7c5a49 e-con-full e-flex e-con e-child\" data-id=\"f7c5a49\" data-element_type=\"container\">\n\t\t<div class=\"elementor-element elementor-element-b4fb14f e-con-full e-flex e-con e-child\" data-id=\"b4fb14f\" data-element_type=\"container\">\n\t\t\t\t<div class=\"elementor-element elementor-element-89f5b28 elementor-widget__width-inherit color-scheme-inherit text-left elementor-widget elementor-widget-text-editor\" data-id=\"89f5b28\" data-element_type=\"widget\" data-widget_type=\"text-editor.default\">\n\t\t\t\t<div class=\"elementor-widget-container\">\n\t\t\t\t\t\t\t\t\t<p>Biz, <b>Sa\u011flamlar Makine<\/b> olarak, s\u00fcrd\u00fcr\u00fclebilir bir gelecek i\u00e7in kararl\u0131y\u0131z. Gezegenimizin ve insanl\u0131\u011f\u0131n sa\u011fl\u0131kl\u0131 bir gelece\u011fe sahip olmas\u0131 i\u00e7in \u00fczerimize d\u00fc\u015feni yapmaya devam edece\u011fiz. Her bir ad\u0131m\u0131m\u0131zla, d\u00fcnyam\u0131z\u0131 daha ya\u015fanabilir bir yer haline getirmek i\u00e7in \u00e7al\u0131\u015f\u0131yoruz.<\/p>\t\t\t\t\t\t\t\t<\/div>\n\t\t\t\t<\/div>\n\t\t\t\t<\/div>\n\t\t\t\t<\/div>\n\t\t\t\t\t<\/div>\n\t\t\t\t<\/div>\n\t\t\t\t<\/div>\n\t\t","protected":false},"excerpt":{"rendered":"<p>Ba\u015flang\u0131\u00e7ta, birka\u00e7 ki\u015finin bir araya gelerek b\u00fcy\u00fck bir vizyon ve azimle kurdu\u011fu k\u00fc\u00e7\u00fck bir giri\u015fimdik. Ancak, inovasyona ve s\u00fcrekli geli\u015fime<\/p>\n","protected":false},"author":1,"featured_media":0,"parent":15902,"menu_order":0,"comment_status":"closed","ping_status":"closed","template":"","meta":{"footnotes":""},"class_list":["post-16066","page","type-page","status-publish","hentry"],"_links":{"self":[{"href":"https:\/\/www.saglammakina.com\/en\/wp-json\/wp\/v2\/pages\/16066","targetHints":{"allow":["GET"]}}],"collection":[{"href":"https:\/\/www.saglammakina.com\/en\/wp-json\/wp\/v2\/pages"}],"about":[{"href":"https:\/\/www.saglammakina.com\/en\/wp-json\/wp\/v2\/types\/page"}],"author":[{"embeddable":true,"href":"https:\/\/www.saglammakina.com\/en\/wp-json\/wp\/v2\/users\/1"}],"replies":[{"embeddable":true,"href":"https:\/\/www.saglammakina.com\/en\/wp-json\/wp\/v2\/comments?post=16066"}],"version-history":[{"count":10,"href":"https:\/\/www.saglammakina.com\/en\/wp-json\/wp\/v2\/pages\/16066\/revisions"}],"predecessor-version":[{"id":16077,"href":"https:\/\/www.saglammakina.com\/en\/wp-json\/wp\/v2\/pages\/16066\/revisions\/16077"}],"up":[{"embeddable":true,"href":"https:\/\/www.saglammakina.com\/en\/wp-json\/wp\/v2\/pages\/15902"}],"wp:attachment":[{"href":"https:\/\/www.saglammakina.com\/en\/wp-json\/wp\/v2\/media?parent=16066"}],"curies":[{"name":"wp","href":"https:\/\/api.w.org\/{rel}","templated":true}]}}