{"id":16078,"date":"2024-08-24T12:10:21","date_gmt":"2024-08-24T09:10:21","guid":{"rendered":"https:\/\/dijitay.com.tr\/?page_id=16078"},"modified":"2024-08-24T12:14:51","modified_gmt":"2024-08-24T09:14:51","slug":"yaklasimimiz","status":"publish","type":"page","link":"https:\/\/www.saglammakina.com\/en\/kurumsal\/yaklasimimiz\/","title":{"rendered":"Yakla\u015f\u0131m\u0131m\u0131z"},"content":{"rendered":"\t\t<div data-elementor-type=\"wp-page\" data-elementor-id=\"16078\" class=\"elementor elementor-16078\" data-elementor-post-type=\"page\">\n\t\t\t\t<div class=\"wd-negative-gap elementor-element elementor-element-301ccad wd-section-stretch e-flex e-con-boxed e-con e-parent\" data-id=\"301ccad\" data-element_type=\"container\">\n\t\t\t\t\t<div class=\"e-con-inner\">\n\t\t<div class=\"elementor-element elementor-element-fab1c2e e-con-full e-flex e-con e-child\" data-id=\"fab1c2e\" data-element_type=\"container\">\n\t\t<div class=\"elementor-element elementor-element-01505b4 e-con-full e-flex e-con e-child\" data-id=\"01505b4\" data-element_type=\"container\">\n\t\t\t\t<div class=\"elementor-element elementor-element-5fd9e26 elementor-widget elementor-widget-theme-site-title elementor-widget-heading\" data-id=\"5fd9e26\" data-element_type=\"widget\" data-widget_type=\"theme-site-title.default\">\n\t\t\t\t<div class=\"elementor-widget-container\">\n\t\t\t\t\t<h2 class=\"elementor-heading-title elementor-size-default\"><a href=\"https:\/\/www.saglammakina.com\/en\">Sa\u011flamlar Punta | Bursa | T\u00fcrkiye<\/a><\/h2>\t\t\t\t<\/div>\n\t\t\t\t<\/div>\n\t\t\t\t<\/div>\n\t\t\t\t<div class=\"elementor-element elementor-element-6b066a5 elementor-widget__width-inherit color-scheme-inherit text-left elementor-widget elementor-widget-text-editor\" data-id=\"6b066a5\" data-element_type=\"widget\" data-widget_type=\"text-editor.default\">\n\t\t\t\t<div class=\"elementor-widget-container\">\n\t\t\t\t\t\t\t\t\t<p>Her bir ad\u0131m\u0131m\u0131zda ve karar\u0131m\u0131zda, m\u00fc\u015fterilerimize ve topluma olan sorumlulu\u011fumuzu ve ba\u011fl\u0131l\u0131\u011f\u0131m\u0131z\u0131 g\u00f6z \u00f6n\u00fcnde bulunduruyoruz.<\/p>\t\t\t\t\t\t\t\t<\/div>\n\t\t\t\t<\/div>\n\t\t\t\t<\/div>\n\t\t\t\t\t<\/div>\n\t\t\t\t<\/div>\n\t\t<div class=\"elementor-element elementor-element-ae8f6ce wd-section-stretch e-con-full e-flex e-con e-parent\" data-id=\"ae8f6ce\" data-element_type=\"container\" data-settings=\"{&quot;background_background&quot;:&quot;classic&quot;}\">\n\t\t\t\t<\/div>\n\t\t<div class=\"wd-negative-gap elementor-element elementor-element-1b960ec wd-section-stretch e-flex e-con-boxed e-con e-parent\" data-id=\"1b960ec\" data-element_type=\"container\">\n\t\t\t\t\t<div class=\"e-con-inner\">\n\t\t<div class=\"elementor-element elementor-element-647913a e-con-full e-flex e-con e-child\" data-id=\"647913a\" data-element_type=\"container\">\n\t\t<div class=\"elementor-element elementor-element-3c1b068 e-con-full elementor-hidden-mobile e-flex e-con e-child\" data-id=\"3c1b068\" data-element_type=\"container\">\n\t\t\t\t<\/div>\n\t\t<div class=\"elementor-element elementor-element-746a500 e-con-full e-flex e-con e-child\" data-id=\"746a500\" data-element_type=\"container\">\n\t\t\t\t<div class=\"elementor-element elementor-element-a765436 elementor-widget__width-inherit color-scheme-inherit text-left elementor-widget elementor-widget-text-editor\" data-id=\"a765436\" data-element_type=\"widget\" data-widget_type=\"text-editor.default\">\n\t\t\t\t<div class=\"elementor-widget-container\">\n\t\t\t\t\t\t\t\t\t<p>M\u00fc\u015fteri Odakl\u0131l\u0131k<\/p>\t\t\t\t\t\t\t\t<\/div>\n\t\t\t\t<\/div>\n\t\t\t\t<div class=\"elementor-element elementor-element-0db5ad1 elementor-widget__width-inherit color-scheme-inherit text-left elementor-widget elementor-widget-text-editor\" data-id=\"0db5ad1\" data-element_type=\"widget\" data-widget_type=\"text-editor.default\">\n\t\t\t\t<div class=\"elementor-widget-container\">\n\t\t\t\t\t\t\t\t\t<p>M\u00fc\u015fterilerimiz, t\u00fcm i\u015f s\u00fcre\u00e7lerimizin merkezinde yer al\u0131r. Onlar\u0131n ihtiya\u00e7lar\u0131n\u0131 anlamak, beklentilerini a\u015fmak ve her zaman en y\u00fcksek memnuniyeti sa\u011flamak i\u00e7in \u00e7aba g\u00f6steriyoruz. Dinlemek, anlamak ve en iyi \u00e7\u00f6z\u00fcmleri sunmak, i\u015fimizin temelini olu\u015fturur.<\/p>\t\t\t\t\t\t\t\t<\/div>\n\t\t\t\t<\/div>\n\t\t\t\t<\/div>\n\t\t\t\t<\/div>\n\t\t\t\t\t<\/div>\n\t\t\t\t<\/div>\n\t\t<div class=\"wd-negative-gap elementor-element elementor-element-d3c4dac wd-section-stretch e-flex e-con-boxed e-con e-parent\" data-id=\"d3c4dac\" data-element_type=\"container\">\n\t\t\t\t\t<div class=\"e-con-inner\">\n\t\t<div class=\"elementor-element elementor-element-f7a8f92 e-con-full e-flex e-con e-child\" data-id=\"f7a8f92\" data-element_type=\"container\">\n\t\t<div class=\"elementor-element elementor-element-7b406eb e-con-full elementor-hidden-mobile e-flex e-con e-child\" data-id=\"7b406eb\" data-element_type=\"container\">\n\t\t\t\t<\/div>\n\t\t<div class=\"elementor-element elementor-element-c213709 e-con-full e-flex e-con e-child\" data-id=\"c213709\" data-element_type=\"container\">\n\t\t\t\t<div class=\"elementor-element elementor-element-a4b13c3 elementor-widget__width-inherit color-scheme-inherit text-left elementor-widget elementor-widget-text-editor\" data-id=\"a4b13c3\" data-element_type=\"widget\" data-widget_type=\"text-editor.default\">\n\t\t\t\t<div class=\"elementor-widget-container\">\n\t\t\t\t\t\t\t\t\t<p>\u0130novasyon ve S\u00fcrekli Geli\u015fim<\/p>\t\t\t\t\t\t\t\t<\/div>\n\t\t\t\t<\/div>\n\t\t\t\t<div class=\"elementor-element elementor-element-7dfdb03 elementor-widget__width-inherit color-scheme-inherit text-left elementor-widget elementor-widget-text-editor\" data-id=\"7dfdb03\" data-element_type=\"widget\" data-widget_type=\"text-editor.default\">\n\t\t\t\t<div class=\"elementor-widget-container\">\n\t\t\t\t\t\t\t\t\t<p>De\u011fi\u015fen d\u00fcnyaya ayak uydurmak ve sekt\u00f6rde lider konumumuzu s\u00fcrd\u00fcrmek i\u00e7in inovasyona ve s\u00fcrekli geli\u015fime inan\u0131yoruz. Yenilik\u00e7i \u00e7\u00f6z\u00fcmler geli\u015ftirerek, m\u00fc\u015fterilerimize en son teknolojileri ve en iyi uygulamalar\u0131 sunuyoruz.<\/p>\t\t\t\t\t\t\t\t<\/div>\n\t\t\t\t<\/div>\n\t\t\t\t<\/div>\n\t\t\t\t<\/div>\n\t\t\t\t\t<\/div>\n\t\t\t\t<\/div>\n\t\t<div class=\"wd-negative-gap elementor-element elementor-element-cc57da1 wd-section-stretch e-flex e-con-boxed e-con e-parent\" data-id=\"cc57da1\" data-element_type=\"container\">\n\t\t\t\t\t<div class=\"e-con-inner\">\n\t\t<div class=\"elementor-element elementor-element-44f6046 e-con-full e-flex e-con e-child\" data-id=\"44f6046\" data-element_type=\"container\">\n\t\t<div class=\"elementor-element elementor-element-e6297ad e-con-full elementor-hidden-mobile e-flex e-con e-child\" data-id=\"e6297ad\" data-element_type=\"container\">\n\t\t\t\t<\/div>\n\t\t<div class=\"elementor-element elementor-element-9093746 e-con-full e-flex e-con e-child\" data-id=\"9093746\" data-element_type=\"container\">\n\t\t\t\t<div class=\"elementor-element elementor-element-742e900 elementor-widget__width-inherit color-scheme-inherit text-left elementor-widget elementor-widget-text-editor\" data-id=\"742e900\" data-element_type=\"widget\" data-widget_type=\"text-editor.default\">\n\t\t\t\t<div class=\"elementor-widget-container\">\n\t\t\t\t\t\t\t\t\t<p>D\u00fcr\u00fcstl\u00fck ve \u015eeffafl\u0131k<\/p>\t\t\t\t\t\t\t\t<\/div>\n\t\t\t\t<\/div>\n\t\t\t\t<div class=\"elementor-element elementor-element-9c2532f elementor-widget__width-inherit color-scheme-inherit text-left elementor-widget elementor-widget-text-editor\" data-id=\"9c2532f\" data-element_type=\"widget\" data-widget_type=\"text-editor.default\">\n\t\t\t\t<div class=\"elementor-widget-container\">\n\t\t\t\t\t\t\t\t\t<p>\u0130\u015fimizin her alan\u0131nda d\u00fcr\u00fcstl\u00fck ve \u015feffafl\u0131k ilkesine sad\u0131k kal\u0131r\u0131z. Hem i\u00e7 hem de d\u0131\u015f payda\u015flar\u0131m\u0131zla a\u00e7\u0131k ve samimi bir ileti\u015fim kurarak g\u00fcven in\u015fa ediyoruz. Bu yakla\u015f\u0131m, uzun vadeli ve s\u00fcrd\u00fcr\u00fclebilir i\u015f ili\u015fkilerimizin temelini olu\u015fturur.<\/p>\t\t\t\t\t\t\t\t<\/div>\n\t\t\t\t<\/div>\n\t\t\t\t<\/div>\n\t\t\t\t<\/div>\n\t\t\t\t\t<\/div>\n\t\t\t\t<\/div>\n\t\t<div class=\"wd-negative-gap elementor-element elementor-element-e7cf135 wd-section-stretch e-flex e-con-boxed e-con e-parent\" data-id=\"e7cf135\" data-element_type=\"container\">\n\t\t\t\t\t<div class=\"e-con-inner\">\n\t\t<div class=\"elementor-element elementor-element-c90536e e-con-full e-flex e-con e-child\" data-id=\"c90536e\" data-element_type=\"container\">\n\t\t<div class=\"elementor-element elementor-element-78bcf8a e-con-full elementor-hidden-mobile e-flex e-con e-child\" data-id=\"78bcf8a\" data-element_type=\"container\">\n\t\t\t\t<\/div>\n\t\t<div class=\"elementor-element elementor-element-8b4c927 e-con-full e-flex e-con e-child\" data-id=\"8b4c927\" data-element_type=\"container\">\n\t\t\t\t<div class=\"elementor-element elementor-element-75710f0 elementor-widget__width-inherit color-scheme-inherit text-left elementor-widget elementor-widget-text-editor\" data-id=\"75710f0\" data-element_type=\"widget\" data-widget_type=\"text-editor.default\">\n\t\t\t\t<div class=\"elementor-widget-container\">\n\t\t\t\t\t\t\t\t\t<p>Kalite ve M\u00fckemmellik<\/p>\t\t\t\t\t\t\t\t<\/div>\n\t\t\t\t<\/div>\n\t\t\t\t<div class=\"elementor-element elementor-element-26b285b elementor-widget__width-inherit color-scheme-inherit text-left elementor-widget elementor-widget-text-editor\" data-id=\"26b285b\" data-element_type=\"widget\" data-widget_type=\"text-editor.default\">\n\t\t\t\t<div class=\"elementor-widget-container\">\n\t\t\t\t\t\t\t\t\t<p>\u00dcr\u00fcnlerimizin ve hizmetlerimizin kalitesi, bizim kimli\u011fimizin bir yans\u0131mas\u0131d\u0131r. Her ayr\u0131nt\u0131ya dikkat ederek, en y\u00fcksek standartlar\u0131 sa\u011flamaya ve m\u00fckemmelli\u011fe ula\u015fmaya odaklan\u0131yoruz. Bu, m\u00fc\u015fteri memnuniyeti ve sadakati i\u00e7in kritik bir unsurdur.<\/p>\t\t\t\t\t\t\t\t<\/div>\n\t\t\t\t<\/div>\n\t\t\t\t<\/div>\n\t\t\t\t<\/div>\n\t\t\t\t\t<\/div>\n\t\t\t\t<\/div>\n\t\t<div class=\"wd-negative-gap elementor-element elementor-element-766af53 wd-section-stretch e-flex e-con-boxed e-con e-parent\" data-id=\"766af53\" data-element_type=\"container\">\n\t\t\t\t\t<div class=\"e-con-inner\">\n\t\t<div class=\"elementor-element elementor-element-0f3ed56 e-con-full e-flex e-con e-child\" data-id=\"0f3ed56\" data-element_type=\"container\">\n\t\t<div class=\"elementor-element elementor-element-45aa007 e-con-full elementor-hidden-mobile e-flex e-con e-child\" data-id=\"45aa007\" data-element_type=\"container\">\n\t\t\t\t<\/div>\n\t\t<div class=\"elementor-element elementor-element-025ede9 e-con-full e-flex e-con e-child\" data-id=\"025ede9\" data-element_type=\"container\">\n\t\t\t\t<div class=\"elementor-element elementor-element-32e12ca elementor-widget__width-inherit color-scheme-inherit text-left elementor-widget elementor-widget-text-editor\" data-id=\"32e12ca\" data-element_type=\"widget\" data-widget_type=\"text-editor.default\">\n\t\t\t\t<div class=\"elementor-widget-container\">\n\t\t\t\t\t\t\t\t\t<p>Sosyal ve \u00c7evresel Sorumluluk<\/p>\t\t\t\t\t\t\t\t<\/div>\n\t\t\t\t<\/div>\n\t\t\t\t<div class=\"elementor-element elementor-element-a6bf232 elementor-widget__width-inherit color-scheme-inherit text-left elementor-widget elementor-widget-text-editor\" data-id=\"a6bf232\" data-element_type=\"widget\" data-widget_type=\"text-editor.default\">\n\t\t\t\t<div class=\"elementor-widget-container\">\n\t\t\t\t\t\t\t\t\t<p>\u0130\u015f yaparken sadece ekonomik sonu\u00e7lara de\u011fil, ayn\u0131 zamanda sosyal ve \u00e7evresel etkilerimize de odaklan\u0131yoruz. S\u00fcrd\u00fcr\u00fclebilir i\u015f uygulamalar\u0131 geli\u015ftirerek, \u00e7evreye duyarl\u0131 projeleri destekliyor ve toplumun yarar\u0131na olan inisiyatiflerde aktif rol al\u0131yoruz.<\/p>\t\t\t\t\t\t\t\t<\/div>\n\t\t\t\t<\/div>\n\t\t\t\t<\/div>\n\t\t\t\t<\/div>\n\t\t\t\t\t<\/div>\n\t\t\t\t<\/div>\n\t\t<div class=\"wd-negative-gap elementor-element elementor-element-f5215e6 wd-section-stretch e-flex e-con-boxed e-con e-parent\" data-id=\"f5215e6\" data-element_type=\"container\">\n\t\t\t\t\t<div class=\"e-con-inner\">\n\t\t<div class=\"elementor-element elementor-element-352cfd4 e-con-full e-flex e-con e-child\" data-id=\"352cfd4\" data-element_type=\"container\">\n\t\t<div class=\"elementor-element elementor-element-d5fca02 e-con-full elementor-hidden-mobile e-flex e-con e-child\" data-id=\"d5fca02\" data-element_type=\"container\">\n\t\t\t\t<\/div>\n\t\t<div class=\"elementor-element elementor-element-19a961f e-con-full e-flex e-con e-child\" data-id=\"19a961f\" data-element_type=\"container\">\n\t\t\t\t<div class=\"elementor-element elementor-element-7962d96 elementor-widget__width-inherit color-scheme-inherit text-left elementor-widget elementor-widget-text-editor\" data-id=\"7962d96\" data-element_type=\"widget\" data-widget_type=\"text-editor.default\">\n\t\t\t\t<div class=\"elementor-widget-container\">\n\t\t\t\t\t\t\t\t\t<p>\u00c7al\u0131\u015fan Geli\u015fimi ve Kat\u0131l\u0131m\u0131<\/p>\t\t\t\t\t\t\t\t<\/div>\n\t\t\t\t<\/div>\n\t\t\t\t<div class=\"elementor-element elementor-element-ce5e195 elementor-widget__width-inherit color-scheme-inherit text-left elementor-widget elementor-widget-text-editor\" data-id=\"ce5e195\" data-element_type=\"widget\" data-widget_type=\"text-editor.default\">\n\t\t\t\t<div class=\"elementor-widget-container\">\n\t\t\t\t\t\t\t\t\t<p>\u00c7al\u0131\u015fanlar\u0131m\u0131z, en de\u011ferli varl\u0131\u011f\u0131m\u0131zd\u0131r. Onlar\u0131n yeteneklerini geli\u015ftirmek, potansiyellerini a\u00e7\u0131\u011fa \u00e7\u0131karmak ve kat\u0131l\u0131mlar\u0131n\u0131 en \u00fcst d\u00fczeye \u00e7\u0131karmak i\u00e7in ilham veren bir \u00e7al\u0131\u015fma ortam\u0131 sunuyoruz. \u0130\u015fbirli\u011fi ve ekip ruhu, ba\u015far\u0131m\u0131z\u0131n anahtar\u0131d\u0131r.<\/p>\t\t\t\t\t\t\t\t<\/div>\n\t\t\t\t<\/div>\n\t\t\t\t<\/div>\n\t\t\t\t<\/div>\n\t\t\t\t\t<\/div>\n\t\t\t\t<\/div>\n\t\t<div class=\"wd-negative-gap elementor-element elementor-element-67b2870 wd-section-stretch e-flex e-con-boxed e-con e-parent\" data-id=\"67b2870\" data-element_type=\"container\">\n\t\t\t\t\t<div class=\"e-con-inner\">\n\t\t<div class=\"elementor-element elementor-element-431efc1 e-con-full e-flex e-con e-child\" data-id=\"431efc1\" data-element_type=\"container\">\n\t\t<div class=\"elementor-element elementor-element-1116906 e-con-full elementor-hidden-mobile e-flex e-con e-child\" data-id=\"1116906\" data-element_type=\"container\">\n\t\t\t\t<\/div>\n\t\t<div class=\"elementor-element elementor-element-cd71ff3 e-con-full e-flex e-con e-child\" data-id=\"cd71ff3\" data-element_type=\"container\">\n\t\t\t\t<div class=\"elementor-element elementor-element-9715289 elementor-widget__width-inherit color-scheme-inherit text-left elementor-widget elementor-widget-text-editor\" data-id=\"9715289\" data-element_type=\"widget\" data-widget_type=\"text-editor.default\">\n\t\t\t\t<div class=\"elementor-widget-container\">\n\t\t\t\t\t\t\t\t\t<p>Uzun Vadeli Vizyon<\/p>\t\t\t\t\t\t\t\t<\/div>\n\t\t\t\t<\/div>\n\t\t\t\t<div class=\"elementor-element elementor-element-ba1de3c elementor-widget__width-inherit color-scheme-inherit text-left elementor-widget elementor-widget-text-editor\" data-id=\"ba1de3c\" data-element_type=\"widget\" data-widget_type=\"text-editor.default\">\n\t\t\t\t<div class=\"elementor-widget-container\">\n\t\t\t\t\t\t\t\t\t<p>\u0130\u015f stratejilerimiz, k\u0131sa vadeli kazan\u00e7lardan ziyade uzun vadeli ba\u015far\u0131ya odaklan\u0131r. Bu nedenle, s\u00fcrd\u00fcr\u00fclebilir b\u00fcy\u00fcme ve yenilik\u00e7i projelerle gelece\u011fe yat\u0131r\u0131m yapar\u0131z. Her ad\u0131mda kal\u0131c\u0131 de\u011fer yaratmay\u0131 hedefleriz.<\/p>\t\t\t\t\t\t\t\t<\/div>\n\t\t\t\t<\/div>\n\t\t\t\t<\/div>\n\t\t\t\t<\/div>\n\t\t\t\t\t<\/div>\n\t\t\t\t<\/div>\n\t\t<div class=\"wd-negative-gap elementor-element elementor-element-188c8cf wd-section-stretch e-flex e-con-boxed e-con e-parent\" data-id=\"188c8cf\" data-element_type=\"container\">\n\t\t\t\t\t<div class=\"e-con-inner\">\n\t\t<div class=\"elementor-element elementor-element-dde01c7 e-con-full e-flex e-con e-child\" data-id=\"dde01c7\" data-element_type=\"container\">\n\t\t<div class=\"elementor-element elementor-element-212bddc e-con-full elementor-hidden-mobile e-flex e-con e-child\" data-id=\"212bddc\" data-element_type=\"container\">\n\t\t\t\t<\/div>\n\t\t<div class=\"elementor-element elementor-element-a31038b e-con-full e-flex e-con e-child\" data-id=\"a31038b\" data-element_type=\"container\">\n\t\t\t\t<div class=\"elementor-element elementor-element-384edb7 elementor-widget__width-inherit color-scheme-inherit text-left elementor-widget elementor-widget-text-editor\" data-id=\"384edb7\" data-element_type=\"widget\" data-widget_type=\"text-editor.default\">\n\t\t\t\t<div class=\"elementor-widget-container\">\n\t\t\t\t\t\t\t\t\t<p><strong>Bizim i\u00e7in, ba\u015far\u0131 sadece rakamlarla de\u011fil, ayn\u0131 zamanda yaratt\u0131\u011f\u0131m\u0131z etki ve in\u015fa etti\u011fimiz ili\u015fkilerle de \u00f6l\u00e7\u00fcl\u00fcr. Bu nedenle, her i\u015fimizde bu de\u011ferlere sad\u0131k kalarak, hem i\u015f ortaklar\u0131m\u0131za hem de topluma en y\u00fcksek katk\u0131y\u0131 sa\u011flamay\u0131 ama\u00e7l\u0131yoruz.<\/strong><\/p>\t\t\t\t\t\t\t\t<\/div>\n\t\t\t\t<\/div>\n\t\t\t\t<\/div>\n\t\t\t\t<\/div>\n\t\t\t\t\t<\/div>\n\t\t\t\t<\/div>\n\t\t<div class=\"wd-negative-gap elementor-element elementor-element-7095618 wd-section-stretch e-flex e-con-boxed e-con e-parent\" data-id=\"7095618\" data-element_type=\"container\">\n\t\t\t\t\t<div class=\"e-con-inner\">\n\t\t<div class=\"elementor-element elementor-element-f7c5a49 e-con-full e-flex e-con e-child\" data-id=\"f7c5a49\" data-element_type=\"container\">\n\t\t<div class=\"elementor-element elementor-element-b4fb14f e-con-full e-flex e-con e-child\" data-id=\"b4fb14f\" data-element_type=\"container\">\n\t\t\t\t<div class=\"elementor-element elementor-element-89f5b28 elementor-widget__width-inherit color-scheme-inherit text-left elementor-widget elementor-widget-text-editor\" data-id=\"89f5b28\" data-element_type=\"widget\" data-widget_type=\"text-editor.default\">\n\t\t\t\t<div class=\"elementor-widget-container\">\n\t\t\t\t\t\t\t\t\t<p>Biz, <b>Sa\u011flamlar Makine<\/b> olarak, s\u00fcrd\u00fcr\u00fclebilir bir gelecek i\u00e7in kararl\u0131y\u0131z. Gezegenimizin ve insanl\u0131\u011f\u0131n sa\u011fl\u0131kl\u0131 bir gelece\u011fe sahip olmas\u0131 i\u00e7in \u00fczerimize d\u00fc\u015feni yapmaya devam edece\u011fiz. Her bir ad\u0131m\u0131m\u0131zla, d\u00fcnyam\u0131z\u0131 daha ya\u015fanabilir bir yer haline getirmek i\u00e7in \u00e7al\u0131\u015f\u0131yoruz.<\/p>\t\t\t\t\t\t\t\t<\/div>\n\t\t\t\t<\/div>\n\t\t\t\t<\/div>\n\t\t\t\t<\/div>\n\t\t\t\t\t<\/div>\n\t\t\t\t<\/div>\n\t\t\t\t<\/div>\n\t\t","protected":false},"excerpt":{"rendered":"<p>Her bir ad\u0131m\u0131m\u0131zda ve karar\u0131m\u0131zda, m\u00fc\u015fterilerimize ve topluma olan sorumlulu\u011fumuzu ve ba\u011fl\u0131l\u0131\u011f\u0131m\u0131z\u0131 g\u00f6z \u00f6n\u00fcnde bulunduruyoruz. M\u00fc\u015fteri Odakl\u0131l\u0131k M\u00fc\u015fterilerimiz, t\u00fcm i\u015f<\/p>\n","protected":false},"author":1,"featured_media":0,"parent":15902,"menu_order":0,"comment_status":"closed","ping_status":"closed","template":"","meta":{"footnotes":""},"class_list":["post-16078","page","type-page","status-publish","hentry"],"_links":{"self":[{"href":"https:\/\/www.saglammakina.com\/en\/wp-json\/wp\/v2\/pages\/16078","targetHints":{"allow":["GET"]}}],"collection":[{"href":"https:\/\/www.saglammakina.com\/en\/wp-json\/wp\/v2\/pages"}],"about":[{"href":"https:\/\/www.saglammakina.com\/en\/wp-json\/wp\/v2\/types\/page"}],"author":[{"embeddable":true,"href":"https:\/\/www.saglammakina.com\/en\/wp-json\/wp\/v2\/users\/1"}],"replies":[{"embeddable":true,"href":"https:\/\/www.saglammakina.com\/en\/wp-json\/wp\/v2\/comments?post=16078"}],"version-history":[{"count":7,"href":"https:\/\/www.saglammakina.com\/en\/wp-json\/wp\/v2\/pages\/16078\/revisions"}],"predecessor-version":[{"id":16087,"href":"https:\/\/www.saglammakina.com\/en\/wp-json\/wp\/v2\/pages\/16078\/revisions\/16087"}],"up":[{"embeddable":true,"href":"https:\/\/www.saglammakina.com\/en\/wp-json\/wp\/v2\/pages\/15902"}],"wp:attachment":[{"href":"https:\/\/www.saglammakina.com\/en\/wp-json\/wp\/v2\/media?parent=16078"}],"curies":[{"name":"wp","href":"https:\/\/api.w.org\/{rel}","templated":true}]}}