{"id":16088,"date":"2024-08-24T12:16:07","date_gmt":"2024-08-24T09:16:07","guid":{"rendered":"https:\/\/dijitay.com.tr\/?page_id=16088"},"modified":"2024-08-24T12:24:24","modified_gmt":"2024-08-24T09:24:24","slug":"enerji-verimliligi","status":"publish","type":"page","link":"https:\/\/www.saglammakina.com\/en\/kurumsal\/enerji-verimliligi\/","title":{"rendered":"Enerji Verimlili\u011fi"},"content":{"rendered":"\t\t<div data-elementor-type=\"wp-page\" data-elementor-id=\"16088\" class=\"elementor elementor-16088\" data-elementor-post-type=\"page\">\n\t\t\t\t<div class=\"wd-negative-gap elementor-element elementor-element-301ccad wd-section-stretch e-flex e-con-boxed e-con e-parent\" data-id=\"301ccad\" data-element_type=\"container\">\n\t\t\t\t\t<div class=\"e-con-inner\">\n\t\t<div class=\"elementor-element elementor-element-fab1c2e e-con-full e-flex e-con e-child\" data-id=\"fab1c2e\" data-element_type=\"container\">\n\t\t<div class=\"elementor-element elementor-element-01505b4 e-con-full e-flex e-con e-child\" data-id=\"01505b4\" data-element_type=\"container\">\n\t\t\t\t<div class=\"elementor-element elementor-element-5fd9e26 elementor-widget elementor-widget-theme-site-title elementor-widget-heading\" data-id=\"5fd9e26\" data-element_type=\"widget\" data-widget_type=\"theme-site-title.default\">\n\t\t\t\t<div class=\"elementor-widget-container\">\n\t\t\t\t\t<h2 class=\"elementor-heading-title elementor-size-default\"><a href=\"https:\/\/www.saglammakina.com\/en\">Sa\u011flamlar Punta | Bursa | T\u00fcrkiye<\/a><\/h2>\t\t\t\t<\/div>\n\t\t\t\t<\/div>\n\t\t\t\t<\/div>\n\t\t\t\t<div class=\"elementor-element elementor-element-6b066a5 elementor-widget__width-inherit color-scheme-inherit text-left elementor-widget elementor-widget-text-editor\" data-id=\"6b066a5\" data-element_type=\"widget\" data-widget_type=\"text-editor.default\">\n\t\t\t\t<div class=\"elementor-widget-container\">\n\t\t\t\t\t\t\t\t\t<p>Enerji kaynaklar\u0131n\u0131n verimli kullan\u0131m\u0131, \u00e7evresel etkilerimizi azaltmam\u0131za ve operasyonel maliyetlerimizi optimize etmemize yard\u0131mc\u0131 olurken, gelecek nesillere daha ya\u015fanabilir bir d\u00fcnya b\u0131rakma misyonumuza da katk\u0131 sa\u011flar.<\/p>\t\t\t\t\t\t\t\t<\/div>\n\t\t\t\t<\/div>\n\t\t\t\t<\/div>\n\t\t\t\t\t<\/div>\n\t\t\t\t<\/div>\n\t\t<div class=\"elementor-element elementor-element-ae8f6ce wd-section-stretch e-con-full e-flex e-con e-parent\" data-id=\"ae8f6ce\" data-element_type=\"container\" data-settings=\"{&quot;background_background&quot;:&quot;classic&quot;}\">\n\t\t\t\t<\/div>\n\t\t<div class=\"wd-negative-gap elementor-element elementor-element-1b960ec wd-section-stretch e-flex e-con-boxed e-con e-parent\" data-id=\"1b960ec\" data-element_type=\"container\">\n\t\t\t\t\t<div class=\"e-con-inner\">\n\t\t<div class=\"elementor-element elementor-element-647913a e-con-full e-flex e-con e-child\" data-id=\"647913a\" data-element_type=\"container\">\n\t\t<div class=\"elementor-element elementor-element-3c1b068 e-con-full elementor-hidden-mobile e-flex e-con e-child\" data-id=\"3c1b068\" data-element_type=\"container\">\n\t\t\t\t<\/div>\n\t\t<div class=\"elementor-element elementor-element-746a500 e-con-full e-flex e-con e-child\" data-id=\"746a500\" data-element_type=\"container\">\n\t\t\t\t<div class=\"elementor-element elementor-element-a765436 elementor-widget__width-inherit color-scheme-inherit text-left elementor-widget elementor-widget-text-editor\" data-id=\"a765436\" data-element_type=\"widget\" data-widget_type=\"text-editor.default\">\n\t\t\t\t<div class=\"elementor-widget-container\">\n\t\t\t\t\t\t\t\t\t<p>\u00c7evresel Sorumluluk<\/p>\t\t\t\t\t\t\t\t<\/div>\n\t\t\t\t<\/div>\n\t\t\t\t<div class=\"elementor-element elementor-element-0db5ad1 elementor-widget__width-inherit color-scheme-inherit text-left elementor-widget elementor-widget-text-editor\" data-id=\"0db5ad1\" data-element_type=\"widget\" data-widget_type=\"text-editor.default\">\n\t\t\t\t<div class=\"elementor-widget-container\">\n\t\t\t\t\t\t\t\t\t<p>K\u00fcresel iklim de\u011fi\u015fikli\u011fiyle m\u00fccadele etmek ve do\u011fal kaynaklar\u0131 korumak ad\u0131na enerji t\u00fcketimimizi en aza indirmeyi hedefliyoruz. Enerji verimlili\u011fi, karbon ayak izimizi azaltman\u0131n en etkili yollar\u0131ndan biridir.<\/p>\t\t\t\t\t\t\t\t<\/div>\n\t\t\t\t<\/div>\n\t\t\t\t<\/div>\n\t\t\t\t<\/div>\n\t\t\t\t\t<\/div>\n\t\t\t\t<\/div>\n\t\t<div class=\"wd-negative-gap elementor-element elementor-element-d3c4dac wd-section-stretch e-flex e-con-boxed e-con e-parent\" data-id=\"d3c4dac\" data-element_type=\"container\">\n\t\t\t\t\t<div class=\"e-con-inner\">\n\t\t<div class=\"elementor-element elementor-element-f7a8f92 e-con-full e-flex e-con e-child\" data-id=\"f7a8f92\" data-element_type=\"container\">\n\t\t<div class=\"elementor-element elementor-element-7b406eb e-con-full elementor-hidden-mobile e-flex e-con e-child\" data-id=\"7b406eb\" data-element_type=\"container\">\n\t\t\t\t<\/div>\n\t\t<div class=\"elementor-element elementor-element-c213709 e-con-full e-flex e-con e-child\" data-id=\"c213709\" data-element_type=\"container\">\n\t\t\t\t<div class=\"elementor-element elementor-element-a4b13c3 elementor-widget__width-inherit color-scheme-inherit text-left elementor-widget elementor-widget-text-editor\" data-id=\"a4b13c3\" data-element_type=\"widget\" data-widget_type=\"text-editor.default\">\n\t\t\t\t<div class=\"elementor-widget-container\">\n\t\t\t\t\t\t\t\t\t<p>Ekonomik Fayda<\/p>\t\t\t\t\t\t\t\t<\/div>\n\t\t\t\t<\/div>\n\t\t\t\t<div class=\"elementor-element elementor-element-7dfdb03 elementor-widget__width-inherit color-scheme-inherit text-left elementor-widget elementor-widget-text-editor\" data-id=\"7dfdb03\" data-element_type=\"widget\" data-widget_type=\"text-editor.default\">\n\t\t\t\t<div class=\"elementor-widget-container\">\n\t\t\t\t\t\t\t\t\t<p>Enerji maliyetlerinin y\u00f6netilmesi, i\u015fletmemizin s\u00fcrd\u00fcr\u00fclebilir b\u00fcy\u00fcmesi i\u00e7in kritik \u00f6neme sahiptir. Enerji verimlili\u011fine yat\u0131r\u0131m yaparak, uzun vadede maliyetlerimizi d\u00fc\u015f\u00fcr\u00fcyor ve rekabet g\u00fcc\u00fcm\u00fcz\u00fc art\u0131r\u0131yoruz.<\/p>\t\t\t\t\t\t\t\t<\/div>\n\t\t\t\t<\/div>\n\t\t\t\t<\/div>\n\t\t\t\t<\/div>\n\t\t\t\t\t<\/div>\n\t\t\t\t<\/div>\n\t\t<div class=\"wd-negative-gap elementor-element elementor-element-cc57da1 wd-section-stretch e-flex e-con-boxed e-con e-parent\" data-id=\"cc57da1\" data-element_type=\"container\">\n\t\t\t\t\t<div class=\"e-con-inner\">\n\t\t<div class=\"elementor-element elementor-element-44f6046 e-con-full e-flex e-con e-child\" data-id=\"44f6046\" data-element_type=\"container\">\n\t\t<div class=\"elementor-element elementor-element-e6297ad e-con-full elementor-hidden-mobile e-flex e-con e-child\" data-id=\"e6297ad\" data-element_type=\"container\">\n\t\t\t\t<\/div>\n\t\t<div class=\"elementor-element elementor-element-9093746 e-con-full e-flex e-con e-child\" data-id=\"9093746\" data-element_type=\"container\">\n\t\t\t\t<div class=\"elementor-element elementor-element-742e900 elementor-widget__width-inherit color-scheme-inherit text-left elementor-widget elementor-widget-text-editor\" data-id=\"742e900\" data-element_type=\"widget\" data-widget_type=\"text-editor.default\">\n\t\t\t\t<div class=\"elementor-widget-container\">\n\t\t\t\t\t\t\t\t\t<p>Teknolojik \u0130novasyon<\/p>\t\t\t\t\t\t\t\t<\/div>\n\t\t\t\t<\/div>\n\t\t\t\t<div class=\"elementor-element elementor-element-9c2532f elementor-widget__width-inherit color-scheme-inherit text-left elementor-widget elementor-widget-text-editor\" data-id=\"9c2532f\" data-element_type=\"widget\" data-widget_type=\"text-editor.default\">\n\t\t\t\t<div class=\"elementor-widget-container\">\n\t\t\t\t\t\t\t\t\t<p>Enerji verimlili\u011fi, yenilik\u00e7i teknolojilere yat\u0131r\u0131m yapmay\u0131 ve bu teknolojileri s\u00fcre\u00e7lerimize entegre etmeyi gerektirir. Bu, hem i\u015f s\u00fcre\u00e7lerimizi iyile\u015ftirir hem de bizi sekt\u00f6rde \u00f6nc\u00fc bir konuma getirir.<\/p>\t\t\t\t\t\t\t\t<\/div>\n\t\t\t\t<\/div>\n\t\t\t\t<\/div>\n\t\t\t\t<\/div>\n\t\t\t\t\t<\/div>\n\t\t\t\t<\/div>\n\t\t<div class=\"wd-negative-gap elementor-element elementor-element-e7cf135 wd-section-stretch e-flex e-con-boxed e-con e-parent\" data-id=\"e7cf135\" data-element_type=\"container\">\n\t\t\t\t\t<div class=\"e-con-inner\">\n\t\t<div class=\"elementor-element elementor-element-c90536e e-con-full e-flex e-con e-child\" data-id=\"c90536e\" data-element_type=\"container\">\n\t\t<div class=\"elementor-element elementor-element-78bcf8a e-con-full elementor-hidden-mobile e-flex e-con e-child\" data-id=\"78bcf8a\" data-element_type=\"container\">\n\t\t\t\t<\/div>\n\t\t<div class=\"elementor-element elementor-element-8b4c927 e-con-full e-flex e-con e-child\" data-id=\"8b4c927\" data-element_type=\"container\">\n\t\t\t\t<div class=\"elementor-element elementor-element-75710f0 elementor-widget__width-inherit color-scheme-inherit text-left elementor-widget elementor-widget-text-editor\" data-id=\"75710f0\" data-element_type=\"widget\" data-widget_type=\"text-editor.default\">\n\t\t\t\t<div class=\"elementor-widget-container\">\n\t\t\t\t\t\t\t\t\t<p>Enerji Tasarrufu Uygulamalar\u0131<\/p>\t\t\t\t\t\t\t\t<\/div>\n\t\t\t\t<\/div>\n\t\t\t\t<div class=\"elementor-element elementor-element-26b285b elementor-widget__width-inherit color-scheme-inherit text-left elementor-widget elementor-widget-text-editor\" data-id=\"26b285b\" data-element_type=\"widget\" data-widget_type=\"text-editor.default\">\n\t\t\t\t<div class=\"elementor-widget-container\">\n\t\t\t\t\t\t\t\t\t<p>Tesislerimizde ve operasyonel s\u00fcre\u00e7lerimizde enerji t\u00fcketimini azaltmak i\u00e7in enerji tasarrufu uygulamalar\u0131n\u0131 benimsiyoruz. Bina y\u00f6netim sistemleri, otomatik ayd\u0131nlatma ve enerji izleme \u00e7\u00f6z\u00fcmleri gibi yenilik\u00e7i teknolojilerle enerji kullan\u0131m\u0131n\u0131 optimize ediyoruz.<\/p>\t\t\t\t\t\t\t\t<\/div>\n\t\t\t\t<\/div>\n\t\t\t\t<\/div>\n\t\t\t\t<\/div>\n\t\t\t\t\t<\/div>\n\t\t\t\t<\/div>\n\t\t<div class=\"wd-negative-gap elementor-element elementor-element-766af53 wd-section-stretch e-flex e-con-boxed e-con e-parent\" data-id=\"766af53\" data-element_type=\"container\">\n\t\t\t\t\t<div class=\"e-con-inner\">\n\t\t<div class=\"elementor-element elementor-element-0f3ed56 e-con-full e-flex e-con e-child\" data-id=\"0f3ed56\" data-element_type=\"container\">\n\t\t<div class=\"elementor-element elementor-element-45aa007 e-con-full elementor-hidden-mobile e-flex e-con e-child\" data-id=\"45aa007\" data-element_type=\"container\">\n\t\t\t\t<\/div>\n\t\t<div class=\"elementor-element elementor-element-025ede9 e-con-full e-flex e-con e-child\" data-id=\"025ede9\" data-element_type=\"container\">\n\t\t\t\t<div class=\"elementor-element elementor-element-32e12ca elementor-widget__width-inherit color-scheme-inherit text-left elementor-widget elementor-widget-text-editor\" data-id=\"32e12ca\" data-element_type=\"widget\" data-widget_type=\"text-editor.default\">\n\t\t\t\t<div class=\"elementor-widget-container\">\n\t\t\t\t\t\t\t\t\t<p>Yenilenebilir Enerji Kullan\u0131m\u0131<\/p>\t\t\t\t\t\t\t\t<\/div>\n\t\t\t\t<\/div>\n\t\t\t\t<div class=\"elementor-element elementor-element-a6bf232 elementor-widget__width-inherit color-scheme-inherit text-left elementor-widget elementor-widget-text-editor\" data-id=\"a6bf232\" data-element_type=\"widget\" data-widget_type=\"text-editor.default\">\n\t\t\t\t<div class=\"elementor-widget-container\">\n\t\t\t\t\t\t\t\t\t<p>Yenilenebilir enerji kaynaklar\u0131n\u0131n kullan\u0131m\u0131n\u0131 art\u0131rmak i\u00e7in \u00e7e\u015fitli projeler hayata ge\u00e7iriyoruz. G\u00fcne\u015f ve r\u00fczgar enerjisi gibi yenilenebilir kaynaklardan elde edilen enerjiyi tesislerimize entegre ederek, fosil yak\u0131tlara olan ba\u011f\u0131ml\u0131l\u0131\u011f\u0131m\u0131z\u0131 azalt\u0131yoruz.<\/p>\t\t\t\t\t\t\t\t<\/div>\n\t\t\t\t<\/div>\n\t\t\t\t<\/div>\n\t\t\t\t<\/div>\n\t\t\t\t\t<\/div>\n\t\t\t\t<\/div>\n\t\t<div class=\"wd-negative-gap elementor-element elementor-element-f5215e6 wd-section-stretch e-flex e-con-boxed e-con e-parent\" data-id=\"f5215e6\" data-element_type=\"container\">\n\t\t\t\t\t<div class=\"e-con-inner\">\n\t\t<div class=\"elementor-element elementor-element-352cfd4 e-con-full e-flex e-con e-child\" data-id=\"352cfd4\" data-element_type=\"container\">\n\t\t<div class=\"elementor-element elementor-element-d5fca02 e-con-full elementor-hidden-mobile e-flex e-con e-child\" data-id=\"d5fca02\" data-element_type=\"container\">\n\t\t\t\t<\/div>\n\t\t<div class=\"elementor-element elementor-element-19a961f e-con-full e-flex e-con e-child\" data-id=\"19a961f\" data-element_type=\"container\">\n\t\t\t\t<div class=\"elementor-element elementor-element-7962d96 elementor-widget__width-inherit color-scheme-inherit text-left elementor-widget elementor-widget-text-editor\" data-id=\"7962d96\" data-element_type=\"widget\" data-widget_type=\"text-editor.default\">\n\t\t\t\t<div class=\"elementor-widget-container\">\n\t\t\t\t\t\t\t\t\t<p>\u00c7al\u0131\u015fan E\u011fitimi ve Bilin\u00e7lendirme<\/p>\t\t\t\t\t\t\t\t<\/div>\n\t\t\t\t<\/div>\n\t\t\t\t<div class=\"elementor-element elementor-element-ce5e195 elementor-widget__width-inherit color-scheme-inherit text-left elementor-widget elementor-widget-text-editor\" data-id=\"ce5e195\" data-element_type=\"widget\" data-widget_type=\"text-editor.default\">\n\t\t\t\t<div class=\"elementor-widget-container\">\n\t\t\t\t\t\t\t\t\t<p>Enerji verimlili\u011fi konusunda \u00e7al\u0131\u015fanlar\u0131m\u0131z\u0131 e\u011fitmek ve bilin\u00e7lendirmek, verimlili\u011fi art\u0131rman\u0131n en \u00f6nemli ad\u0131mlar\u0131ndan biridir. E\u011fitim programlar\u0131m\u0131z ve fark\u0131ndal\u0131k kampanyalar\u0131m\u0131z ile her \u00e7al\u0131\u015fan\u0131m\u0131z\u0131n bu s\u00fcrece katk\u0131da bulunmas\u0131n\u0131 sa\u011fl\u0131yoruz.<\/p>\t\t\t\t\t\t\t\t<\/div>\n\t\t\t\t<\/div>\n\t\t\t\t<\/div>\n\t\t\t\t<\/div>\n\t\t\t\t\t<\/div>\n\t\t\t\t<\/div>\n\t\t<div class=\"wd-negative-gap elementor-element elementor-element-67b2870 wd-section-stretch e-flex e-con-boxed e-con e-parent\" data-id=\"67b2870\" data-element_type=\"container\">\n\t\t\t\t\t<div class=\"e-con-inner\">\n\t\t<div class=\"elementor-element elementor-element-431efc1 e-con-full e-flex e-con e-child\" data-id=\"431efc1\" data-element_type=\"container\">\n\t\t<div class=\"elementor-element elementor-element-1116906 e-con-full elementor-hidden-mobile e-flex e-con e-child\" data-id=\"1116906\" data-element_type=\"container\">\n\t\t\t\t<\/div>\n\t\t<div class=\"elementor-element elementor-element-cd71ff3 e-con-full e-flex e-con e-child\" data-id=\"cd71ff3\" data-element_type=\"container\">\n\t\t\t\t<div class=\"elementor-element elementor-element-9715289 elementor-widget__width-inherit color-scheme-inherit text-left elementor-widget elementor-widget-text-editor\" data-id=\"9715289\" data-element_type=\"widget\" data-widget_type=\"text-editor.default\">\n\t\t\t\t<div class=\"elementor-widget-container\">\n\t\t\t\t\t\t\t\t\t<p>S\u00fcrekli \u0130yile\u015ftirme ve \u0130zleme:<\/p>\t\t\t\t\t\t\t\t<\/div>\n\t\t\t\t<\/div>\n\t\t\t\t<div class=\"elementor-element elementor-element-ba1de3c elementor-widget__width-inherit color-scheme-inherit text-left elementor-widget elementor-widget-text-editor\" data-id=\"ba1de3c\" data-element_type=\"widget\" data-widget_type=\"text-editor.default\">\n\t\t\t\t<div class=\"elementor-widget-container\">\n\t\t\t\t\t\t\t\t\t<p>Enerji verimlili\u011fi performans\u0131m\u0131z\u0131 s\u00fcrekli izliyor ve iyile\u015ftiriyoruz. Enerji kullan\u0131m verilerimizi analiz ederek, iyile\u015ftirme alanlar\u0131n\u0131 belirliyor ve bu alanlarda gerekli ad\u0131mlar\u0131 at\u0131yoruz.<\/p>\t\t\t\t\t\t\t\t<\/div>\n\t\t\t\t<\/div>\n\t\t\t\t<\/div>\n\t\t\t\t<\/div>\n\t\t\t\t\t<\/div>\n\t\t\t\t<\/div>\n\t\t<div class=\"wd-negative-gap elementor-element elementor-element-188c8cf wd-section-stretch e-flex e-con-boxed e-con e-parent\" data-id=\"188c8cf\" data-element_type=\"container\">\n\t\t\t\t\t<div class=\"e-con-inner\">\n\t\t<div class=\"elementor-element elementor-element-dde01c7 e-con-full e-flex e-con e-child\" data-id=\"dde01c7\" data-element_type=\"container\">\n\t\t<div class=\"elementor-element elementor-element-212bddc e-con-full elementor-hidden-mobile e-flex e-con e-child\" data-id=\"212bddc\" data-element_type=\"container\">\n\t\t\t\t<\/div>\n\t\t<div class=\"elementor-element elementor-element-a31038b e-con-full e-flex e-con e-child\" data-id=\"a31038b\" data-element_type=\"container\">\n\t\t\t\t<div class=\"elementor-element elementor-element-384edb7 elementor-widget__width-inherit color-scheme-inherit text-left elementor-widget elementor-widget-text-editor\" data-id=\"384edb7\" data-element_type=\"widget\" data-widget_type=\"text-editor.default\">\n\t\t\t\t<div class=\"elementor-widget-container\">\n\t\t\t\t\t\t\t\t\t<p>Enerji verimlili\u011fi konusunda kendimize iddial\u0131 hedefler koyuyoruz. 2027 y\u0131l\u0131na kadar enerji t\u00fcketimimizi %30 oran\u0131nda azaltmay\u0131 ve t\u00fcm operasyonlar\u0131m\u0131zda yenilenebilir enerji kullan\u0131m oran\u0131n\u0131 %50\u2019ye \u00e7\u0131karmay\u0131 ama\u00e7l\u0131yoruz. Bu hedeflere ula\u015fmak i\u00e7in t\u00fcm ekibimizle birlikte \u00e7al\u0131\u015fmaya kararl\u0131y\u0131z.<\/p><p>Enerji verimlili\u011fi, yaln\u0131zca bir hedef de\u011fil, [\u015eirket Ad\u0131] olarak i\u015f yap\u0131\u015f bi\u00e7imimizin ve s\u00fcrd\u00fcr\u00fclebilirlik vizyonumuzun ayr\u0131lmaz bir par\u00e7as\u0131d\u0131r. Gelecek nesiller i\u00e7in daha temiz ve s\u00fcrd\u00fcr\u00fclebilir bir d\u00fcnya yaratma yolunda att\u0131\u011f\u0131m\u0131z her ad\u0131mda, enerji verimlili\u011fi ilkelerimize sad\u0131k kalmaya devam edece\u011fiz.<\/p>\t\t\t\t\t\t\t\t<\/div>\n\t\t\t\t<\/div>\n\t\t\t\t<\/div>\n\t\t\t\t<\/div>\n\t\t\t\t\t<\/div>\n\t\t\t\t<\/div>\n\t\t<div class=\"wd-negative-gap elementor-element elementor-element-7095618 wd-section-stretch e-flex e-con-boxed e-con e-parent\" data-id=\"7095618\" data-element_type=\"container\">\n\t\t\t\t\t<div class=\"e-con-inner\">\n\t\t<div class=\"elementor-element elementor-element-f7c5a49 e-con-full e-flex e-con e-child\" data-id=\"f7c5a49\" data-element_type=\"container\">\n\t\t<div class=\"elementor-element elementor-element-b4fb14f e-con-full e-flex e-con e-child\" data-id=\"b4fb14f\" data-element_type=\"container\">\n\t\t\t\t<div class=\"elementor-element elementor-element-89f5b28 elementor-widget__width-inherit color-scheme-inherit text-left elementor-widget elementor-widget-text-editor\" data-id=\"89f5b28\" data-element_type=\"widget\" data-widget_type=\"text-editor.default\">\n\t\t\t\t<div class=\"elementor-widget-container\">\n\t\t\t\t\t\t\t\t\t<p>Biz, <b>Sa\u011flamlar Makine<\/b> olarak, s\u00fcrd\u00fcr\u00fclebilir bir gelecek i\u00e7in kararl\u0131y\u0131z. Gezegenimizin ve insanl\u0131\u011f\u0131n sa\u011fl\u0131kl\u0131 bir gelece\u011fe sahip olmas\u0131 i\u00e7in \u00fczerimize d\u00fc\u015feni yapmaya devam edece\u011fiz. Her bir ad\u0131m\u0131m\u0131zla, d\u00fcnyam\u0131z\u0131 daha ya\u015fanabilir bir yer haline getirmek i\u00e7in \u00e7al\u0131\u015f\u0131yoruz.<\/p>\t\t\t\t\t\t\t\t<\/div>\n\t\t\t\t<\/div>\n\t\t\t\t<\/div>\n\t\t\t\t<\/div>\n\t\t\t\t\t<\/div>\n\t\t\t\t<\/div>\n\t\t\t\t<\/div>\n\t\t","protected":false},"excerpt":{"rendered":"<p>Enerji kaynaklar\u0131n\u0131n verimli kullan\u0131m\u0131, \u00e7evresel etkilerimizi azaltmam\u0131za ve operasyonel maliyetlerimizi optimize etmemize yard\u0131mc\u0131 olurken, gelecek nesillere daha ya\u015fanabilir bir d\u00fcnya<\/p>\n","protected":false},"author":1,"featured_media":0,"parent":15902,"menu_order":0,"comment_status":"closed","ping_status":"closed","template":"","meta":{"footnotes":""},"class_list":["post-16088","page","type-page","status-publish","hentry"],"_links":{"self":[{"href":"https:\/\/www.saglammakina.com\/en\/wp-json\/wp\/v2\/pages\/16088","targetHints":{"allow":["GET"]}}],"collection":[{"href":"https:\/\/www.saglammakina.com\/en\/wp-json\/wp\/v2\/pages"}],"about":[{"href":"https:\/\/www.saglammakina.com\/en\/wp-json\/wp\/v2\/types\/page"}],"author":[{"embeddable":true,"href":"https:\/\/www.saglammakina.com\/en\/wp-json\/wp\/v2\/users\/1"}],"replies":[{"embeddable":true,"href":"https:\/\/www.saglammakina.com\/en\/wp-json\/wp\/v2\/comments?post=16088"}],"version-history":[{"count":4,"href":"https:\/\/www.saglammakina.com\/en\/wp-json\/wp\/v2\/pages\/16088\/revisions"}],"predecessor-version":[{"id":16095,"href":"https:\/\/www.saglammakina.com\/en\/wp-json\/wp\/v2\/pages\/16088\/revisions\/16095"}],"up":[{"embeddable":true,"href":"https:\/\/www.saglammakina.com\/en\/wp-json\/wp\/v2\/pages\/15902"}],"wp:attachment":[{"href":"https:\/\/www.saglammakina.com\/en\/wp-json\/wp\/v2\/media?parent=16088"}],"curies":[{"name":"wp","href":"https:\/\/api.w.org\/{rel}","templated":true}]}}