{"id":16096,"date":"2024-08-24T12:25:24","date_gmt":"2024-08-24T09:25:24","guid":{"rendered":"https:\/\/dijitay.com.tr\/?page_id=16096"},"modified":"2024-08-24T12:28:56","modified_gmt":"2024-08-24T09:28:56","slug":"cevresel-yonetim","status":"publish","type":"page","link":"https:\/\/www.saglammakina.com\/en\/kurumsal\/cevresel-yonetim\/","title":{"rendered":"\u00c7evresel Y\u00f6netim"},"content":{"rendered":"\t\t<div data-elementor-type=\"wp-page\" data-elementor-id=\"16096\" class=\"elementor elementor-16096\" data-elementor-post-type=\"page\">\n\t\t\t\t<div class=\"wd-negative-gap elementor-element elementor-element-301ccad wd-section-stretch e-flex e-con-boxed e-con e-parent\" data-id=\"301ccad\" data-element_type=\"container\">\n\t\t\t\t\t<div class=\"e-con-inner\">\n\t\t<div class=\"elementor-element elementor-element-fab1c2e e-con-full e-flex e-con e-child\" data-id=\"fab1c2e\" data-element_type=\"container\">\n\t\t<div class=\"elementor-element elementor-element-01505b4 e-con-full e-flex e-con e-child\" data-id=\"01505b4\" data-element_type=\"container\">\n\t\t\t\t<div class=\"elementor-element elementor-element-5fd9e26 elementor-widget elementor-widget-theme-site-title elementor-widget-heading\" data-id=\"5fd9e26\" data-element_type=\"widget\" data-widget_type=\"theme-site-title.default\">\n\t\t\t\t<div class=\"elementor-widget-container\">\n\t\t\t\t\t<h2 class=\"elementor-heading-title elementor-size-default\"><a href=\"https:\/\/www.saglammakina.com\/en\">Sa\u011flamlar Punta | Bursa | T\u00fcrkiye<\/a><\/h2>\t\t\t\t<\/div>\n\t\t\t\t<\/div>\n\t\t\t\t<\/div>\n\t\t\t\t<div class=\"elementor-element elementor-element-6b066a5 elementor-widget__width-inherit color-scheme-inherit text-left elementor-widget elementor-widget-text-editor\" data-id=\"6b066a5\" data-element_type=\"widget\" data-widget_type=\"text-editor.default\">\n\t\t\t\t<div class=\"elementor-widget-container\">\n\t\t\t\t\t\t\t\t\t<p>S\u00fcrd\u00fcr\u00fclebilir bir gelecek in\u015fa etmek amac\u0131yla, \u00e7evresel y\u00f6netim politikalar\u0131m\u0131z\u0131 ve uygulamalar\u0131m\u0131z\u0131 s\u00fcrekli geli\u015ftiriyor, do\u011fal kaynaklar\u0131n korunmas\u0131 ve \u00e7evresel etkilerimizin en aza indirilmesi i\u00e7in \u00e7al\u0131\u015f\u0131yoruz.<\/p>\t\t\t\t\t\t\t\t<\/div>\n\t\t\t\t<\/div>\n\t\t\t\t<\/div>\n\t\t\t\t\t<\/div>\n\t\t\t\t<\/div>\n\t\t<div class=\"elementor-element elementor-element-ae8f6ce wd-section-stretch e-con-full e-flex e-con e-parent\" data-id=\"ae8f6ce\" data-element_type=\"container\" data-settings=\"{&quot;background_background&quot;:&quot;classic&quot;}\">\n\t\t\t\t<\/div>\n\t\t<div class=\"wd-negative-gap elementor-element elementor-element-1b960ec wd-section-stretch e-flex e-con-boxed e-con e-parent\" data-id=\"1b960ec\" data-element_type=\"container\">\n\t\t\t\t\t<div class=\"e-con-inner\">\n\t\t<div class=\"elementor-element elementor-element-647913a e-con-full e-flex e-con e-child\" data-id=\"647913a\" data-element_type=\"container\">\n\t\t<div class=\"elementor-element elementor-element-3c1b068 e-con-full elementor-hidden-mobile e-flex e-con e-child\" data-id=\"3c1b068\" data-element_type=\"container\">\n\t\t\t\t<\/div>\n\t\t<div class=\"elementor-element elementor-element-746a500 e-con-full e-flex e-con e-child\" data-id=\"746a500\" data-element_type=\"container\">\n\t\t\t\t<div class=\"elementor-element elementor-element-a765436 elementor-widget__width-inherit color-scheme-inherit text-left elementor-widget elementor-widget-text-editor\" data-id=\"a765436\" data-element_type=\"widget\" data-widget_type=\"text-editor.default\">\n\t\t\t\t<div class=\"elementor-widget-container\">\n\t\t\t\t\t\t\t\t\t<p>Gelecek Nesiller \u0130\u00e7in Sorumluluk<\/p>\t\t\t\t\t\t\t\t<\/div>\n\t\t\t\t<\/div>\n\t\t\t\t<div class=\"elementor-element elementor-element-0db5ad1 elementor-widget__width-inherit color-scheme-inherit text-left elementor-widget elementor-widget-text-editor\" data-id=\"0db5ad1\" data-element_type=\"widget\" data-widget_type=\"text-editor.default\">\n\t\t\t\t<div class=\"elementor-widget-container\">\n\t\t\t\t\t\t\t\t\t<p>Do\u011fal kaynaklar\u0131n korunmas\u0131 ve \u00e7evresel dengeye katk\u0131da bulunmak, gelecek nesillere olan sorumlulu\u011fumuzun bir gere\u011fidir. Bu nedenle, s\u00fcrd\u00fcr\u00fclebilirlik ve \u00e7evre y\u00f6netimi stratejilerimizi s\u00fcrekli olarak g\u00fcncelliyoruz.<\/p>\t\t\t\t\t\t\t\t<\/div>\n\t\t\t\t<\/div>\n\t\t\t\t<\/div>\n\t\t\t\t<\/div>\n\t\t\t\t\t<\/div>\n\t\t\t\t<\/div>\n\t\t<div class=\"wd-negative-gap elementor-element elementor-element-d3c4dac wd-section-stretch e-flex e-con-boxed e-con e-parent\" data-id=\"d3c4dac\" data-element_type=\"container\">\n\t\t\t\t\t<div class=\"e-con-inner\">\n\t\t<div class=\"elementor-element elementor-element-f7a8f92 e-con-full e-flex e-con e-child\" data-id=\"f7a8f92\" data-element_type=\"container\">\n\t\t<div class=\"elementor-element elementor-element-7b406eb e-con-full elementor-hidden-mobile e-flex e-con e-child\" data-id=\"7b406eb\" data-element_type=\"container\">\n\t\t\t\t<\/div>\n\t\t<div class=\"elementor-element elementor-element-c213709 e-con-full e-flex e-con e-child\" data-id=\"c213709\" data-element_type=\"container\">\n\t\t\t\t<div class=\"elementor-element elementor-element-a4b13c3 elementor-widget__width-inherit color-scheme-inherit text-left elementor-widget elementor-widget-text-editor\" data-id=\"a4b13c3\" data-element_type=\"widget\" data-widget_type=\"text-editor.default\">\n\t\t\t\t<div class=\"elementor-widget-container\">\n\t\t\t\t\t\t\t\t\t<p>\u0130\u015f S\u00fcreklili\u011fi ve \u0130tibar<\/p>\t\t\t\t\t\t\t\t<\/div>\n\t\t\t\t<\/div>\n\t\t\t\t<div class=\"elementor-element elementor-element-7dfdb03 elementor-widget__width-inherit color-scheme-inherit text-left elementor-widget elementor-widget-text-editor\" data-id=\"7dfdb03\" data-element_type=\"widget\" data-widget_type=\"text-editor.default\">\n\t\t\t\t<div class=\"elementor-widget-container\">\n\t\t\t\t\t\t\t\t\t<p>\u00c7evresel y\u00f6netim, sadece \u00e7evreye de\u011fil, ayn\u0131 zamanda i\u015fletmemizin s\u00fcreklili\u011fine ve itibar\u0131na da katk\u0131da bulunur. Do\u011fru \u00e7evre politikalar\u0131, m\u00fc\u015fterilerimizin ve i\u015f ortaklar\u0131m\u0131z\u0131n g\u00f6z\u00fcnde g\u00fcvenilirli\u011fimizi art\u0131r\u0131r.<\/p>\t\t\t\t\t\t\t\t<\/div>\n\t\t\t\t<\/div>\n\t\t\t\t<\/div>\n\t\t\t\t<\/div>\n\t\t\t\t\t<\/div>\n\t\t\t\t<\/div>\n\t\t<div class=\"wd-negative-gap elementor-element elementor-element-cc57da1 wd-section-stretch e-flex e-con-boxed e-con e-parent\" data-id=\"cc57da1\" data-element_type=\"container\">\n\t\t\t\t\t<div class=\"e-con-inner\">\n\t\t<div class=\"elementor-element elementor-element-44f6046 e-con-full e-flex e-con e-child\" data-id=\"44f6046\" data-element_type=\"container\">\n\t\t<div class=\"elementor-element elementor-element-e6297ad e-con-full elementor-hidden-mobile e-flex e-con e-child\" data-id=\"e6297ad\" data-element_type=\"container\">\n\t\t\t\t<\/div>\n\t\t<div class=\"elementor-element elementor-element-9093746 e-con-full e-flex e-con e-child\" data-id=\"9093746\" data-element_type=\"container\">\n\t\t\t\t<div class=\"elementor-element elementor-element-742e900 elementor-widget__width-inherit color-scheme-inherit text-left elementor-widget elementor-widget-text-editor\" data-id=\"742e900\" data-element_type=\"widget\" data-widget_type=\"text-editor.default\">\n\t\t\t\t<div class=\"elementor-widget-container\">\n\t\t\t\t\t\t\t\t\t<p>Reg\u00fclasyonlara Uyum<\/p>\t\t\t\t\t\t\t\t<\/div>\n\t\t\t\t<\/div>\n\t\t\t\t<div class=\"elementor-element elementor-element-9c2532f elementor-widget__width-inherit color-scheme-inherit text-left elementor-widget elementor-widget-text-editor\" data-id=\"9c2532f\" data-element_type=\"widget\" data-widget_type=\"text-editor.default\">\n\t\t\t\t<div class=\"elementor-widget-container\">\n\t\t\t\t\t\t\t\t\t<p>\u00c7evresel y\u00f6netim, yerel ve uluslararas\u0131 d\u00fczenlemelere uyum sa\u011flamam\u0131za yard\u0131mc\u0131 olur. Mevzuata uygunluk, sadece yasal bir gereklilik de\u011fil, ayn\u0131 zamanda topluma ve gezegene kar\u015f\u0131 etik bir sorumluluktur.<\/p>\t\t\t\t\t\t\t\t<\/div>\n\t\t\t\t<\/div>\n\t\t\t\t<\/div>\n\t\t\t\t<\/div>\n\t\t\t\t\t<\/div>\n\t\t\t\t<\/div>\n\t\t<div class=\"wd-negative-gap elementor-element elementor-element-e7cf135 wd-section-stretch e-flex e-con-boxed e-con e-parent\" data-id=\"e7cf135\" data-element_type=\"container\">\n\t\t\t\t\t<div class=\"e-con-inner\">\n\t\t<div class=\"elementor-element elementor-element-c90536e e-con-full e-flex e-con e-child\" data-id=\"c90536e\" data-element_type=\"container\">\n\t\t<div class=\"elementor-element elementor-element-78bcf8a e-con-full elementor-hidden-mobile e-flex e-con e-child\" data-id=\"78bcf8a\" data-element_type=\"container\">\n\t\t\t\t<\/div>\n\t\t<div class=\"elementor-element elementor-element-8b4c927 e-con-full e-flex e-con e-child\" data-id=\"8b4c927\" data-element_type=\"container\">\n\t\t\t\t<div class=\"elementor-element elementor-element-75710f0 elementor-widget__width-inherit color-scheme-inherit text-left elementor-widget elementor-widget-text-editor\" data-id=\"75710f0\" data-element_type=\"widget\" data-widget_type=\"text-editor.default\">\n\t\t\t\t<div class=\"elementor-widget-container\">\n\t\t\t\t\t\t\t\t\t<p>Karbon Ayak \u0130zimizi Azaltmak<\/p>\t\t\t\t\t\t\t\t<\/div>\n\t\t\t\t<\/div>\n\t\t\t\t<div class=\"elementor-element elementor-element-26b285b elementor-widget__width-inherit color-scheme-inherit text-left elementor-widget elementor-widget-text-editor\" data-id=\"26b285b\" data-element_type=\"widget\" data-widget_type=\"text-editor.default\">\n\t\t\t\t<div class=\"elementor-widget-container\">\n\t\t\t\t\t\t\t\t\t<p>Karbon ayak izimizi azaltmak i\u00e7in enerji verimlili\u011fi, yenilenebilir enerji kullan\u0131m\u0131 ve d\u00fc\u015f\u00fck karbon teknolojilerine yat\u0131r\u0131m yap\u0131yoruz. Taahh\u00fcd\u00fcm\u00fcz, karbon sal\u0131n\u0131mlar\u0131n\u0131 s\u00fcrekli olarak azaltarak iklim de\u011fi\u015fikli\u011fiyle m\u00fccadele etmektir.<\/p>\t\t\t\t\t\t\t\t<\/div>\n\t\t\t\t<\/div>\n\t\t\t\t<\/div>\n\t\t\t\t<\/div>\n\t\t\t\t\t<\/div>\n\t\t\t\t<\/div>\n\t\t<div class=\"wd-negative-gap elementor-element elementor-element-766af53 wd-section-stretch e-flex e-con-boxed e-con e-parent\" data-id=\"766af53\" data-element_type=\"container\">\n\t\t\t\t\t<div class=\"e-con-inner\">\n\t\t<div class=\"elementor-element elementor-element-0f3ed56 e-con-full e-flex e-con e-child\" data-id=\"0f3ed56\" data-element_type=\"container\">\n\t\t<div class=\"elementor-element elementor-element-45aa007 e-con-full elementor-hidden-mobile e-flex e-con e-child\" data-id=\"45aa007\" data-element_type=\"container\">\n\t\t\t\t<\/div>\n\t\t<div class=\"elementor-element elementor-element-025ede9 e-con-full e-flex e-con e-child\" data-id=\"025ede9\" data-element_type=\"container\">\n\t\t\t\t<div class=\"elementor-element elementor-element-32e12ca elementor-widget__width-inherit color-scheme-inherit text-left elementor-widget elementor-widget-text-editor\" data-id=\"32e12ca\" data-element_type=\"widget\" data-widget_type=\"text-editor.default\">\n\t\t\t\t<div class=\"elementor-widget-container\">\n\t\t\t\t\t\t\t\t\t<p>Biyolojik \u00c7e\u015fitlili\u011fi Koruma<\/p>\t\t\t\t\t\t\t\t<\/div>\n\t\t\t\t<\/div>\n\t\t\t\t<div class=\"elementor-element elementor-element-a6bf232 elementor-widget__width-inherit color-scheme-inherit text-left elementor-widget elementor-widget-text-editor\" data-id=\"a6bf232\" data-element_type=\"widget\" data-widget_type=\"text-editor.default\">\n\t\t\t\t<div class=\"elementor-widget-container\">\n\t\t\t\t\t\t\t\t\t<p>Tesislerimizin ve faaliyetlerimizin bulundu\u011fu b\u00f6lgelerde biyolojik \u00e7e\u015fitlili\u011fi koruma taahh\u00fcd\u00fcm\u00fcz var. Do\u011fal habitatlar\u0131 korumak ve ekosistemlere zarar vermemek i\u00e7in titizlikle \u00e7al\u0131\u015f\u0131yoruz.<\/p>\t\t\t\t\t\t\t\t<\/div>\n\t\t\t\t<\/div>\n\t\t\t\t<\/div>\n\t\t\t\t<\/div>\n\t\t\t\t\t<\/div>\n\t\t\t\t<\/div>\n\t\t<div class=\"wd-negative-gap elementor-element elementor-element-f5215e6 wd-section-stretch e-flex e-con-boxed e-con e-parent\" data-id=\"f5215e6\" data-element_type=\"container\">\n\t\t\t\t\t<div class=\"e-con-inner\">\n\t\t<div class=\"elementor-element elementor-element-352cfd4 e-con-full e-flex e-con e-child\" data-id=\"352cfd4\" data-element_type=\"container\">\n\t\t<div class=\"elementor-element elementor-element-d5fca02 e-con-full elementor-hidden-mobile e-flex e-con e-child\" data-id=\"d5fca02\" data-element_type=\"container\">\n\t\t\t\t<\/div>\n\t\t<div class=\"elementor-element elementor-element-19a961f e-con-full e-flex e-con e-child\" data-id=\"19a961f\" data-element_type=\"container\">\n\t\t\t\t<div class=\"elementor-element elementor-element-7962d96 elementor-widget__width-inherit color-scheme-inherit text-left elementor-widget elementor-widget-text-editor\" data-id=\"7962d96\" data-element_type=\"widget\" data-widget_type=\"text-editor.default\">\n\t\t\t\t<div class=\"elementor-widget-container\">\n\t\t\t\t\t\t\t\t\t<p>Tedarik Zinciri Y\u00f6netimi<\/p>\t\t\t\t\t\t\t\t<\/div>\n\t\t\t\t<\/div>\n\t\t\t\t<div class=\"elementor-element elementor-element-ce5e195 elementor-widget__width-inherit color-scheme-inherit text-left elementor-widget elementor-widget-text-editor\" data-id=\"ce5e195\" data-element_type=\"widget\" data-widget_type=\"text-editor.default\">\n\t\t\t\t<div class=\"elementor-widget-container\">\n\t\t\t\t\t\t\t\t\t<p>Tedarik zincirimizin \u00e7evresel performans\u0131n\u0131 iyile\u015ftirmek i\u00e7in i\u015f ortaklar\u0131m\u0131zla birlikte \u00e7al\u0131\u015f\u0131yoruz. \u00c7evresel etkileri en aza indirmek ve s\u00fcrd\u00fcr\u00fclebilir tedarik zinciri uygulamalar\u0131n\u0131 benimsemek i\u00e7in s\u00fcrekli diyalog halindeyiz.<\/p>\t\t\t\t\t\t\t\t<\/div>\n\t\t\t\t<\/div>\n\t\t\t\t<\/div>\n\t\t\t\t<\/div>\n\t\t\t\t\t<\/div>\n\t\t\t\t<\/div>\n\t\t<div class=\"wd-negative-gap elementor-element elementor-element-67b2870 wd-section-stretch e-flex e-con-boxed e-con e-parent\" data-id=\"67b2870\" data-element_type=\"container\">\n\t\t\t\t\t<div class=\"e-con-inner\">\n\t\t<div class=\"elementor-element elementor-element-431efc1 e-con-full e-flex e-con e-child\" data-id=\"431efc1\" data-element_type=\"container\">\n\t\t<div class=\"elementor-element elementor-element-1116906 e-con-full elementor-hidden-mobile e-flex e-con e-child\" data-id=\"1116906\" data-element_type=\"container\">\n\t\t\t\t<\/div>\n\t\t<div class=\"elementor-element elementor-element-cd71ff3 e-con-full e-flex e-con e-child\" data-id=\"cd71ff3\" data-element_type=\"container\">\n\t\t\t\t<div class=\"elementor-element elementor-element-9715289 elementor-widget__width-inherit color-scheme-inherit text-left elementor-widget elementor-widget-text-editor\" data-id=\"9715289\" data-element_type=\"widget\" data-widget_type=\"text-editor.default\">\n\t\t\t\t<div class=\"elementor-widget-container\">\n\t\t\t\t\t\t\t\t\t<p>Gelece\u011fe D\u00f6n\u00fck Hedeflerimiz<\/p>\t\t\t\t\t\t\t\t<\/div>\n\t\t\t\t<\/div>\n\t\t\t\t<div class=\"elementor-element elementor-element-ba1de3c elementor-widget__width-inherit color-scheme-inherit text-left elementor-widget elementor-widget-text-editor\" data-id=\"ba1de3c\" data-element_type=\"widget\" data-widget_type=\"text-editor.default\">\n\t\t\t\t<div class=\"elementor-widget-container\">\n\t\t\t\t\t\t\t\t\t<p>\u00c7evresel y\u00f6netim konusundaki taahh\u00fcd\u00fcm\u00fcz\u00fc g\u00fc\u00e7lendirmek ve daha s\u00fcrd\u00fcr\u00fclebilir bir i\u015fletme olmak i\u00e7in belirledi\u011fimiz baz\u0131 gelece\u011fe d\u00f6n\u00fck hedeflerimiz \u015funlard\u0131r:<\/p><ul><li>2025 y\u0131l\u0131na kadar at\u0131k \u00fcretimimizi %50 azaltmak.<\/li><li>T\u00fcm operasyonlar\u0131m\u0131zda yenilenebilir enerji kullan\u0131m oran\u0131n\u0131 %60\u2019a \u00e7\u0131karmak.<\/li><li>Su t\u00fcketimimizi %40 oran\u0131nda azaltmak ve su y\u00f6netimi stratejilerimizi iyile\u015ftirmek.<\/li><\/ul><p>Bu hedeflere ula\u015fmak i\u00e7in ekip olarak \u00e7al\u0131\u015f\u0131yor ve \u00e7evresel y\u00f6netim konusundaki kararl\u0131l\u0131\u011f\u0131m\u0131z\u0131 s\u00fcrd\u00fcrmeye devam ediyoruz. Sa\u011flamlar Makine olarak, \u00e7evreye olan etkilerimizi en aza indirmek ve s\u00fcrd\u00fcr\u00fclebilir bir gelece\u011fe katk\u0131da bulunmak i\u00e7in her zaman \u00f6nc\u00fc bir rol oynamaya kararl\u0131y\u0131z.<\/p>\t\t\t\t\t\t\t\t<\/div>\n\t\t\t\t<\/div>\n\t\t\t\t<\/div>\n\t\t\t\t<\/div>\n\t\t\t\t\t<\/div>\n\t\t\t\t<\/div>\n\t\t<div class=\"wd-negative-gap elementor-element elementor-element-7095618 wd-section-stretch e-flex e-con-boxed e-con e-parent\" data-id=\"7095618\" data-element_type=\"container\">\n\t\t\t\t\t<div class=\"e-con-inner\">\n\t\t<div class=\"elementor-element elementor-element-f7c5a49 e-con-full e-flex e-con e-child\" data-id=\"f7c5a49\" data-element_type=\"container\">\n\t\t<div class=\"elementor-element elementor-element-b4fb14f e-con-full e-flex e-con e-child\" data-id=\"b4fb14f\" data-element_type=\"container\">\n\t\t\t\t<div class=\"elementor-element elementor-element-89f5b28 elementor-widget__width-inherit color-scheme-inherit text-left elementor-widget elementor-widget-text-editor\" data-id=\"89f5b28\" data-element_type=\"widget\" data-widget_type=\"text-editor.default\">\n\t\t\t\t<div class=\"elementor-widget-container\">\n\t\t\t\t\t\t\t\t\t<p>Biz, <b>Sa\u011flamlar Makine<\/b> olarak, s\u00fcrd\u00fcr\u00fclebilir bir gelecek i\u00e7in kararl\u0131y\u0131z. Gezegenimizin ve insanl\u0131\u011f\u0131n sa\u011fl\u0131kl\u0131 bir gelece\u011fe sahip olmas\u0131 i\u00e7in \u00fczerimize d\u00fc\u015feni yapmaya devam edece\u011fiz. Her bir ad\u0131m\u0131m\u0131zla, d\u00fcnyam\u0131z\u0131 daha ya\u015fanabilir bir yer haline getirmek i\u00e7in \u00e7al\u0131\u015f\u0131yoruz.<\/p>\t\t\t\t\t\t\t\t<\/div>\n\t\t\t\t<\/div>\n\t\t\t\t<\/div>\n\t\t\t\t<\/div>\n\t\t\t\t\t<\/div>\n\t\t\t\t<\/div>\n\t\t\t\t<\/div>\n\t\t","protected":false},"excerpt":{"rendered":"<p>S\u00fcrd\u00fcr\u00fclebilir bir gelecek in\u015fa etmek amac\u0131yla, \u00e7evresel y\u00f6netim politikalar\u0131m\u0131z\u0131 ve uygulamalar\u0131m\u0131z\u0131 s\u00fcrekli geli\u015ftiriyor, do\u011fal kaynaklar\u0131n korunmas\u0131 ve \u00e7evresel etkilerimizin en<\/p>\n","protected":false},"author":1,"featured_media":0,"parent":15902,"menu_order":0,"comment_status":"closed","ping_status":"closed","template":"","meta":{"footnotes":""},"class_list":["post-16096","page","type-page","status-publish","hentry"],"_links":{"self":[{"href":"https:\/\/www.saglammakina.com\/en\/wp-json\/wp\/v2\/pages\/16096","targetHints":{"allow":["GET"]}}],"collection":[{"href":"https:\/\/www.saglammakina.com\/en\/wp-json\/wp\/v2\/pages"}],"about":[{"href":"https:\/\/www.saglammakina.com\/en\/wp-json\/wp\/v2\/types\/page"}],"author":[{"embeddable":true,"href":"https:\/\/www.saglammakina.com\/en\/wp-json\/wp\/v2\/users\/1"}],"replies":[{"embeddable":true,"href":"https:\/\/www.saglammakina.com\/en\/wp-json\/wp\/v2\/comments?post=16096"}],"version-history":[{"count":7,"href":"https:\/\/www.saglammakina.com\/en\/wp-json\/wp\/v2\/pages\/16096\/revisions"}],"predecessor-version":[{"id":16104,"href":"https:\/\/www.saglammakina.com\/en\/wp-json\/wp\/v2\/pages\/16096\/revisions\/16104"}],"up":[{"embeddable":true,"href":"https:\/\/www.saglammakina.com\/en\/wp-json\/wp\/v2\/pages\/15902"}],"wp:attachment":[{"href":"https:\/\/www.saglammakina.com\/en\/wp-json\/wp\/v2\/media?parent=16096"}],"curies":[{"name":"wp","href":"https:\/\/api.w.org\/{rel}","templated":true}]}}