{"id":16105,"date":"2024-08-24T12:29:48","date_gmt":"2024-08-24T09:29:48","guid":{"rendered":"https:\/\/dijitay.com.tr\/?page_id=16105"},"modified":"2024-08-24T12:38:06","modified_gmt":"2024-08-24T09:38:06","slug":"kurumsal-surdurulebilirlik","status":"publish","type":"page","link":"https:\/\/www.saglammakina.com\/en\/kurumsal\/kurumsal-surdurulebilirlik\/","title":{"rendered":"Kurumsal S\u00fcrd\u00fcr\u00fclebilirlik"},"content":{"rendered":"\t\t<div data-elementor-type=\"wp-page\" data-elementor-id=\"16105\" class=\"elementor elementor-16105\" data-elementor-post-type=\"page\">\n\t\t\t\t<div class=\"wd-negative-gap elementor-element elementor-element-301ccad wd-section-stretch e-flex e-con-boxed e-con e-parent\" data-id=\"301ccad\" data-element_type=\"container\">\n\t\t\t\t\t<div class=\"e-con-inner\">\n\t\t<div class=\"elementor-element elementor-element-fab1c2e e-con-full e-flex e-con e-child\" data-id=\"fab1c2e\" data-element_type=\"container\">\n\t\t<div class=\"elementor-element elementor-element-01505b4 e-con-full e-flex e-con e-child\" data-id=\"01505b4\" data-element_type=\"container\">\n\t\t\t\t<div class=\"elementor-element elementor-element-5fd9e26 elementor-widget elementor-widget-theme-site-title elementor-widget-heading\" data-id=\"5fd9e26\" data-element_type=\"widget\" data-widget_type=\"theme-site-title.default\">\n\t\t\t\t<div class=\"elementor-widget-container\">\n\t\t\t\t\t<h2 class=\"elementor-heading-title elementor-size-default\"><a href=\"https:\/\/www.saglammakina.com\/en\">Sa\u011flamlar Punta | Bursa | T\u00fcrkiye<\/a><\/h2>\t\t\t\t<\/div>\n\t\t\t\t<\/div>\n\t\t\t\t<\/div>\n\t\t\t\t<div class=\"elementor-element elementor-element-6b066a5 elementor-widget__width-inherit color-scheme-inherit text-left elementor-widget elementor-widget-text-editor\" data-id=\"6b066a5\" data-element_type=\"widget\" data-widget_type=\"text-editor.default\">\n\t\t\t\t<div class=\"elementor-widget-container\">\n\t\t\t\t\t\t\t\t\t<p>Sadece ekonomik ba\u015far\u0131ya odaklanmak yerine, toplumsal ve \u00e7evresel sorumluluklar\u0131m\u0131z\u0131 da g\u00f6zeten bir yakla\u015f\u0131mla hareket ediyoruz. Amac\u0131m\u0131z, uzun vadeli de\u011fer yaratmak ve gelecekte de varl\u0131\u011f\u0131m\u0131z\u0131 s\u00fcrd\u00fcrebilmek i\u00e7in gezegenimize ve topluma kar\u015f\u0131 olan sorumluluklar\u0131m\u0131z\u0131 yerine getirmektir.<\/p>\t\t\t\t\t\t\t\t<\/div>\n\t\t\t\t<\/div>\n\t\t\t\t<\/div>\n\t\t\t\t\t<\/div>\n\t\t\t\t<\/div>\n\t\t<div class=\"elementor-element elementor-element-ae8f6ce wd-section-stretch e-con-full e-flex e-con e-parent\" data-id=\"ae8f6ce\" data-element_type=\"container\" data-settings=\"{&quot;background_background&quot;:&quot;classic&quot;}\">\n\t\t\t\t<\/div>\n\t\t<div class=\"wd-negative-gap elementor-element elementor-element-1b960ec wd-section-stretch e-flex e-con-boxed e-con e-parent\" data-id=\"1b960ec\" data-element_type=\"container\">\n\t\t\t\t\t<div class=\"e-con-inner\">\n\t\t<div class=\"elementor-element elementor-element-647913a e-con-full e-flex e-con e-child\" data-id=\"647913a\" data-element_type=\"container\">\n\t\t<div class=\"elementor-element elementor-element-3c1b068 e-con-full elementor-hidden-mobile e-flex e-con e-child\" data-id=\"3c1b068\" data-element_type=\"container\">\n\t\t\t\t<\/div>\n\t\t<div class=\"elementor-element elementor-element-746a500 e-con-full e-flex e-con e-child\" data-id=\"746a500\" data-element_type=\"container\">\n\t\t\t\t<div class=\"elementor-element elementor-element-a765436 elementor-widget__width-inherit color-scheme-inherit text-left elementor-widget elementor-widget-text-editor\" data-id=\"a765436\" data-element_type=\"widget\" data-widget_type=\"text-editor.default\">\n\t\t\t\t<div class=\"elementor-widget-container\">\n\t\t\t\t\t\t\t\t\t<p>Uzun Vadeli Dayan\u0131kl\u0131l\u0131k<\/p>\t\t\t\t\t\t\t\t<\/div>\n\t\t\t\t<\/div>\n\t\t\t\t<div class=\"elementor-element elementor-element-0db5ad1 elementor-widget__width-inherit color-scheme-inherit text-left elementor-widget elementor-widget-text-editor\" data-id=\"0db5ad1\" data-element_type=\"widget\" data-widget_type=\"text-editor.default\">\n\t\t\t\t<div class=\"elementor-widget-container\">\n\t\t\t\t\t\t\t\t\t<p>S\u00fcrd\u00fcr\u00fclebilir bir i\u015f modeli, de\u011fi\u015fen pazar dinamiklerine, reg\u00fclasyonlara ve toplumsal beklentilere daha iyi adapte olabilmemizi sa\u011flar. Uzun vadeli dayan\u0131kl\u0131l\u0131\u011f\u0131m\u0131z\u0131 art\u0131rmak i\u00e7in s\u00fcrd\u00fcr\u00fclebilirli\u011fi i\u015f yap\u0131\u015f bi\u00e7imimizin bir par\u00e7as\u0131 haline getiriyoruz.<\/p>\t\t\t\t\t\t\t\t<\/div>\n\t\t\t\t<\/div>\n\t\t\t\t<\/div>\n\t\t\t\t<\/div>\n\t\t\t\t\t<\/div>\n\t\t\t\t<\/div>\n\t\t<div class=\"wd-negative-gap elementor-element elementor-element-d3c4dac wd-section-stretch e-flex e-con-boxed e-con e-parent\" data-id=\"d3c4dac\" data-element_type=\"container\">\n\t\t\t\t\t<div class=\"e-con-inner\">\n\t\t<div class=\"elementor-element elementor-element-f7a8f92 e-con-full e-flex e-con e-child\" data-id=\"f7a8f92\" data-element_type=\"container\">\n\t\t<div class=\"elementor-element elementor-element-7b406eb e-con-full elementor-hidden-mobile e-flex e-con e-child\" data-id=\"7b406eb\" data-element_type=\"container\">\n\t\t\t\t<\/div>\n\t\t<div class=\"elementor-element elementor-element-c213709 e-con-full e-flex e-con e-child\" data-id=\"c213709\" data-element_type=\"container\">\n\t\t\t\t<div class=\"elementor-element elementor-element-a4b13c3 elementor-widget__width-inherit color-scheme-inherit text-left elementor-widget elementor-widget-text-editor\" data-id=\"a4b13c3\" data-element_type=\"widget\" data-widget_type=\"text-editor.default\">\n\t\t\t\t<div class=\"elementor-widget-container\">\n\t\t\t\t\t\t\t\t\t<p>\u0130tibar ve G\u00fcven<\/p>\t\t\t\t\t\t\t\t<\/div>\n\t\t\t\t<\/div>\n\t\t\t\t<div class=\"elementor-element elementor-element-7dfdb03 elementor-widget__width-inherit color-scheme-inherit text-left elementor-widget elementor-widget-text-editor\" data-id=\"7dfdb03\" data-element_type=\"widget\" data-widget_type=\"text-editor.default\">\n\t\t\t\t<div class=\"elementor-widget-container\">\n\t\t\t\t\t\t\t\t\t<p>S\u00fcrd\u00fcr\u00fclebilir uygulamalar, m\u00fc\u015fterilerimizin, \u00e7al\u0131\u015fanlar\u0131m\u0131z\u0131n ve payda\u015flar\u0131m\u0131z\u0131n g\u00fcvenini kazanmam\u0131za yard\u0131mc\u0131 olur. Sorumlu ve etik bir \u015fekilde hareket etmek, itibar\u0131m\u0131z\u0131 g\u00fc\u00e7lendirir ve markam\u0131za olan ba\u011fl\u0131l\u0131\u011f\u0131 art\u0131r\u0131r.<\/p>\t\t\t\t\t\t\t\t<\/div>\n\t\t\t\t<\/div>\n\t\t\t\t<\/div>\n\t\t\t\t<\/div>\n\t\t\t\t\t<\/div>\n\t\t\t\t<\/div>\n\t\t<div class=\"wd-negative-gap elementor-element elementor-element-cc57da1 wd-section-stretch e-flex e-con-boxed e-con e-parent\" data-id=\"cc57da1\" data-element_type=\"container\">\n\t\t\t\t\t<div class=\"e-con-inner\">\n\t\t<div class=\"elementor-element elementor-element-44f6046 e-con-full e-flex e-con e-child\" data-id=\"44f6046\" data-element_type=\"container\">\n\t\t<div class=\"elementor-element elementor-element-e6297ad e-con-full elementor-hidden-mobile e-flex e-con e-child\" data-id=\"e6297ad\" data-element_type=\"container\">\n\t\t\t\t<\/div>\n\t\t<div class=\"elementor-element elementor-element-9093746 e-con-full e-flex e-con e-child\" data-id=\"9093746\" data-element_type=\"container\">\n\t\t\t\t<div class=\"elementor-element elementor-element-742e900 elementor-widget__width-inherit color-scheme-inherit text-left elementor-widget elementor-widget-text-editor\" data-id=\"742e900\" data-element_type=\"widget\" data-widget_type=\"text-editor.default\">\n\t\t\t\t<div class=\"elementor-widget-container\">\n\t\t\t\t\t\t\t\t\t<p>\u0130novasyon ve B\u00fcy\u00fcme<\/p>\t\t\t\t\t\t\t\t<\/div>\n\t\t\t\t<\/div>\n\t\t\t\t<div class=\"elementor-element elementor-element-9c2532f elementor-widget__width-inherit color-scheme-inherit text-left elementor-widget elementor-widget-text-editor\" data-id=\"9c2532f\" data-element_type=\"widget\" data-widget_type=\"text-editor.default\">\n\t\t\t\t<div class=\"elementor-widget-container\">\n\t\t\t\t\t\t\t\t\t<p>S\u00fcrd\u00fcr\u00fclebilirlik odakl\u0131 inovasyonlar, yeni pazar f\u0131rsatlar\u0131n\u0131 ke\u015ffetmemize ve i\u015fimizi b\u00fcy\u00fctmemize olanak tan\u0131r. S\u00fcrd\u00fcr\u00fclebilir \u00e7\u00f6z\u00fcmler geli\u015ftirmek, hem rekabet avantaj\u0131 sa\u011flar hem de i\u015fimizin gelece\u011fini g\u00fcvence alt\u0131na al\u0131r.<\/p>\t\t\t\t\t\t\t\t<\/div>\n\t\t\t\t<\/div>\n\t\t\t\t<\/div>\n\t\t\t\t<\/div>\n\t\t\t\t\t<\/div>\n\t\t\t\t<\/div>\n\t\t<div class=\"wd-negative-gap elementor-element elementor-element-e7cf135 wd-section-stretch e-flex e-con-boxed e-con e-parent\" data-id=\"e7cf135\" data-element_type=\"container\">\n\t\t\t\t\t<div class=\"e-con-inner\">\n\t\t<div class=\"elementor-element elementor-element-c90536e e-con-full e-flex e-con e-child\" data-id=\"c90536e\" data-element_type=\"container\">\n\t\t<div class=\"elementor-element elementor-element-78bcf8a e-con-full elementor-hidden-mobile e-flex e-con e-child\" data-id=\"78bcf8a\" data-element_type=\"container\">\n\t\t\t\t<\/div>\n\t\t<div class=\"elementor-element elementor-element-8b4c927 e-con-full e-flex e-con e-child\" data-id=\"8b4c927\" data-element_type=\"container\">\n\t\t\t\t<div class=\"elementor-element elementor-element-75710f0 elementor-widget__width-inherit color-scheme-inherit text-left elementor-widget elementor-widget-text-editor\" data-id=\"75710f0\" data-element_type=\"widget\" data-widget_type=\"text-editor.default\">\n\t\t\t\t<div class=\"elementor-widget-container\">\n\t\t\t\t\t\t\t\t\t<p>Sosyal Sorumluluk<\/p>\t\t\t\t\t\t\t\t<\/div>\n\t\t\t\t<\/div>\n\t\t\t\t<div class=\"elementor-element elementor-element-26b285b elementor-widget__width-inherit color-scheme-inherit text-left elementor-widget elementor-widget-text-editor\" data-id=\"26b285b\" data-element_type=\"widget\" data-widget_type=\"text-editor.default\">\n\t\t\t\t<div class=\"elementor-widget-container\">\n\t\t\t\t\t\t\t\t\t<p>Toplumsal de\u011fer yaratmak ve topluluklar\u0131m\u0131z\u0131n geli\u015fimine katk\u0131da bulunmak i\u00e7in \u00e7e\u015fitli sosyal sorumluluk projeleri y\u00fcr\u00fct\u00fcyoruz. E\u011fitim, sa\u011fl\u0131k, k\u00fclt\u00fcr ve sanat alanlar\u0131nda topluma fayda sa\u011flayan projelere yat\u0131r\u0131m yap\u0131yoruz.<\/p>\t\t\t\t\t\t\t\t<\/div>\n\t\t\t\t<\/div>\n\t\t\t\t<\/div>\n\t\t\t\t<\/div>\n\t\t\t\t\t<\/div>\n\t\t\t\t<\/div>\n\t\t<div class=\"wd-negative-gap elementor-element elementor-element-766af53 wd-section-stretch e-flex e-con-boxed e-con e-parent\" data-id=\"766af53\" data-element_type=\"container\">\n\t\t\t\t\t<div class=\"e-con-inner\">\n\t\t<div class=\"elementor-element elementor-element-0f3ed56 e-con-full e-flex e-con e-child\" data-id=\"0f3ed56\" data-element_type=\"container\">\n\t\t<div class=\"elementor-element elementor-element-45aa007 e-con-full elementor-hidden-mobile e-flex e-con e-child\" data-id=\"45aa007\" data-element_type=\"container\">\n\t\t\t\t<\/div>\n\t\t<div class=\"elementor-element elementor-element-025ede9 e-con-full e-flex e-con e-child\" data-id=\"025ede9\" data-element_type=\"container\">\n\t\t\t\t<div class=\"elementor-element elementor-element-32e12ca elementor-widget__width-inherit color-scheme-inherit text-left elementor-widget elementor-widget-text-editor\" data-id=\"32e12ca\" data-element_type=\"widget\" data-widget_type=\"text-editor.default\">\n\t\t\t\t<div class=\"elementor-widget-container\">\n\t\t\t\t\t\t\t\t\t<p>\u00c7evresel S\u00fcrd\u00fcr\u00fclebilirlik<\/p>\t\t\t\t\t\t\t\t<\/div>\n\t\t\t\t<\/div>\n\t\t\t\t<div class=\"elementor-element elementor-element-a6bf232 elementor-widget__width-inherit color-scheme-inherit text-left elementor-widget elementor-widget-text-editor\" data-id=\"a6bf232\" data-element_type=\"widget\" data-widget_type=\"text-editor.default\">\n\t\t\t\t<div class=\"elementor-widget-container\">\n\t\t\t\t\t\t\t\t\t<p>\u00c7evresel etkilerimizi en aza indirmek i\u00e7in enerji verimlili\u011fi, at\u0131k y\u00f6netimi, su tasarrufu ve karbon ayak izimizi azaltmaya y\u00f6nelik stratejiler geli\u015ftiriyoruz. \u00c7evre dostu \u00fcr\u00fcn ve s\u00fcre\u00e7ler olu\u015fturarak gezegenimizi korumaya kararl\u0131y\u0131z.<\/p>\t\t\t\t\t\t\t\t<\/div>\n\t\t\t\t<\/div>\n\t\t\t\t<\/div>\n\t\t\t\t<\/div>\n\t\t\t\t\t<\/div>\n\t\t\t\t<\/div>\n\t\t<div class=\"wd-negative-gap elementor-element elementor-element-f5215e6 wd-section-stretch e-flex e-con-boxed e-con e-parent\" data-id=\"f5215e6\" data-element_type=\"container\">\n\t\t\t\t\t<div class=\"e-con-inner\">\n\t\t<div class=\"elementor-element elementor-element-352cfd4 e-con-full e-flex e-con e-child\" data-id=\"352cfd4\" data-element_type=\"container\">\n\t\t<div class=\"elementor-element elementor-element-d5fca02 e-con-full elementor-hidden-mobile e-flex e-con e-child\" data-id=\"d5fca02\" data-element_type=\"container\">\n\t\t\t\t<\/div>\n\t\t<div class=\"elementor-element elementor-element-19a961f e-con-full e-flex e-con e-child\" data-id=\"19a961f\" data-element_type=\"container\">\n\t\t\t\t<div class=\"elementor-element elementor-element-7962d96 elementor-widget__width-inherit color-scheme-inherit text-left elementor-widget elementor-widget-text-editor\" data-id=\"7962d96\" data-element_type=\"widget\" data-widget_type=\"text-editor.default\">\n\t\t\t\t<div class=\"elementor-widget-container\">\n\t\t\t\t\t\t\t\t\t<p>\u00c7al\u0131\u015fanlar\u0131n Kat\u0131l\u0131m\u0131 ve Geli\u015fimi<\/p>\t\t\t\t\t\t\t\t<\/div>\n\t\t\t\t<\/div>\n\t\t\t\t<div class=\"elementor-element elementor-element-ce5e195 elementor-widget__width-inherit color-scheme-inherit text-left elementor-widget elementor-widget-text-editor\" data-id=\"ce5e195\" data-element_type=\"widget\" data-widget_type=\"text-editor.default\">\n\t\t\t\t<div class=\"elementor-widget-container\">\n\t\t\t\t\t\t\t\t\t<p>\u00c7al\u0131\u015fanlar\u0131m\u0131z\u0131 s\u00fcrd\u00fcr\u00fclebilirlik konular\u0131nda bilin\u00e7lendirmek ve yeteneklerini geli\u015ftirmek i\u00e7in e\u011fitim ve geli\u015fim programlar\u0131 sunuyoruz. Kat\u0131l\u0131mc\u0131 bir i\u015f k\u00fclt\u00fcr\u00fc olu\u015fturarak, her bireyin s\u00fcrd\u00fcr\u00fclebilirlik hedeflerimize katk\u0131da bulunmas\u0131n\u0131 sa\u011fl\u0131yoruz.<\/p>\t\t\t\t\t\t\t\t<\/div>\n\t\t\t\t<\/div>\n\t\t\t\t<\/div>\n\t\t\t\t<\/div>\n\t\t\t\t\t<\/div>\n\t\t\t\t<\/div>\n\t\t<div class=\"wd-negative-gap elementor-element elementor-element-67b2870 wd-section-stretch e-flex e-con-boxed e-con e-parent\" data-id=\"67b2870\" data-element_type=\"container\">\n\t\t\t\t\t<div class=\"e-con-inner\">\n\t\t<div class=\"elementor-element elementor-element-431efc1 e-con-full e-flex e-con e-child\" data-id=\"431efc1\" data-element_type=\"container\">\n\t\t<div class=\"elementor-element elementor-element-1116906 e-con-full elementor-hidden-mobile e-flex e-con e-child\" data-id=\"1116906\" data-element_type=\"container\">\n\t\t\t\t<\/div>\n\t\t<div class=\"elementor-element elementor-element-cd71ff3 e-con-full e-flex e-con e-child\" data-id=\"cd71ff3\" data-element_type=\"container\">\n\t\t\t\t<div class=\"elementor-element elementor-element-9715289 elementor-widget__width-inherit color-scheme-inherit text-left elementor-widget elementor-widget-text-editor\" data-id=\"9715289\" data-element_type=\"widget\" data-widget_type=\"text-editor.default\">\n\t\t\t\t<div class=\"elementor-widget-container\">\n\t\t\t\t\t\t\t\t\t<p>S\u00fcrd\u00fcr\u00fclebilir Tedarik Zinciri<\/p>\t\t\t\t\t\t\t\t<\/div>\n\t\t\t\t<\/div>\n\t\t\t\t<div class=\"elementor-element elementor-element-ba1de3c elementor-widget__width-inherit color-scheme-inherit text-left elementor-widget elementor-widget-text-editor\" data-id=\"ba1de3c\" data-element_type=\"widget\" data-widget_type=\"text-editor.default\">\n\t\t\t\t<div class=\"elementor-widget-container\">\n\t\t\t\t\t\t\t\t\t<p>Tedarik zincirimizi s\u00fcrd\u00fcr\u00fclebilirlik prensiplerine uygun hale getiriyoruz. \u0130\u015f ortaklar\u0131m\u0131zla s\u00fcrd\u00fcr\u00fclebilir uygulamalar\u0131 te\u015fvik eden i\u015fbirlikleri kurarak, t\u00fcm s\u00fcre\u00e7lerimizde sorumlu kaynak kullan\u0131m\u0131n\u0131 sa\u011fl\u0131yoruz.<\/p>\t\t\t\t\t\t\t\t<\/div>\n\t\t\t\t<\/div>\n\t\t\t\t<\/div>\n\t\t\t\t<\/div>\n\t\t\t\t\t<\/div>\n\t\t\t\t<\/div>\n\t\t<div class=\"wd-negative-gap elementor-element elementor-element-73f021d wd-section-stretch e-flex e-con-boxed e-con e-parent\" data-id=\"73f021d\" data-element_type=\"container\">\n\t\t\t\t\t<div class=\"e-con-inner\">\n\t\t<div class=\"elementor-element elementor-element-6ec544f e-con-full e-flex e-con e-child\" data-id=\"6ec544f\" data-element_type=\"container\">\n\t\t<div class=\"elementor-element elementor-element-a517bf7 e-con-full elementor-hidden-mobile e-flex e-con e-child\" data-id=\"a517bf7\" data-element_type=\"container\">\n\t\t\t\t<\/div>\n\t\t<div class=\"elementor-element elementor-element-4156d51 e-con-full e-flex e-con e-child\" data-id=\"4156d51\" data-element_type=\"container\">\n\t\t\t\t<div class=\"elementor-element elementor-element-eb20c81 elementor-widget__width-inherit color-scheme-inherit text-left elementor-widget elementor-widget-text-editor\" data-id=\"eb20c81\" data-element_type=\"widget\" data-widget_type=\"text-editor.default\">\n\t\t\t\t<div class=\"elementor-widget-container\">\n\t\t\t\t\t\t\t\t\t<p>\u015eeffafl\u0131k ve Hesap Verebilirlik<\/p>\t\t\t\t\t\t\t\t<\/div>\n\t\t\t\t<\/div>\n\t\t\t\t<div class=\"elementor-element elementor-element-e182889 elementor-widget__width-inherit color-scheme-inherit text-left elementor-widget elementor-widget-text-editor\" data-id=\"e182889\" data-element_type=\"widget\" data-widget_type=\"text-editor.default\">\n\t\t\t\t<div class=\"elementor-widget-container\">\n\t\t\t\t\t\t\t\t\t<p>S\u00fcrd\u00fcr\u00fclebilirlik performans\u0131m\u0131z\u0131 d\u00fczenli olarak raporluyor ve payda\u015flar\u0131m\u0131zla \u015feffaf bir ileti\u015fim kuruyoruz. Hesap verebilirlik ilkemiz, g\u00fcvenilirli\u011fimizi ve itibar\u0131m\u0131z\u0131 art\u0131r\u0131r.<\/p>\t\t\t\t\t\t\t\t<\/div>\n\t\t\t\t<\/div>\n\t\t\t\t<\/div>\n\t\t\t\t<\/div>\n\t\t\t\t\t<\/div>\n\t\t\t\t<\/div>\n\t\t<div class=\"wd-negative-gap elementor-element elementor-element-d0fed64 wd-section-stretch e-flex e-con-boxed e-con e-parent\" data-id=\"d0fed64\" data-element_type=\"container\">\n\t\t\t\t\t<div class=\"e-con-inner\">\n\t\t<div class=\"elementor-element elementor-element-7e5d897 e-con-full e-flex e-con e-child\" data-id=\"7e5d897\" data-element_type=\"container\">\n\t\t<div class=\"elementor-element elementor-element-83ff3c5 e-con-full elementor-hidden-mobile e-flex e-con e-child\" data-id=\"83ff3c5\" data-element_type=\"container\">\n\t\t\t\t<\/div>\n\t\t<div class=\"elementor-element elementor-element-aaf82ea e-con-full e-flex e-con e-child\" data-id=\"aaf82ea\" data-element_type=\"container\">\n\t\t\t\t<div class=\"elementor-element elementor-element-e72cc59 elementor-widget__width-inherit color-scheme-inherit text-left elementor-widget elementor-widget-text-editor\" data-id=\"e72cc59\" data-element_type=\"widget\" data-widget_type=\"text-editor.default\">\n\t\t\t\t<div class=\"elementor-widget-container\">\n\t\t\t\t\t\t\t\t\t<p>Gelece\u011fe D\u00f6n\u00fck Hedeflerimiz<\/p>\t\t\t\t\t\t\t\t<\/div>\n\t\t\t\t<\/div>\n\t\t\t\t<div class=\"elementor-element elementor-element-9436cbb elementor-widget__width-inherit color-scheme-inherit text-left elementor-widget elementor-widget-text-editor\" data-id=\"9436cbb\" data-element_type=\"widget\" data-widget_type=\"text-editor.default\">\n\t\t\t\t<div class=\"elementor-widget-container\">\n\t\t\t\t\t\t\t\t\t<p>Kurumsal s\u00fcrd\u00fcr\u00fclebilirlik \u00e7er\u00e7evesinde, gelecekte ger\u00e7ekle\u015ftirmeyi hedefledi\u011fimiz baz\u0131 \u00f6nceliklerimiz \u015funlard\u0131r:<\/p><ul><li>2030 y\u0131l\u0131na kadar t\u00fcm operasyonlar\u0131m\u0131zda karbon n\u00f6tr hale gelmek.<\/li><li>S\u00fcrd\u00fcr\u00fclebilir \u00fcr\u00fcn ve hizmet portf\u00f6y\u00fcm\u00fcz\u00fc %50 oran\u0131nda art\u0131rmak.<\/li><li>Toplumsal projelere y\u0131ll\u0131k yat\u0131r\u0131m\u0131m\u0131z\u0131 %30 art\u0131rmak ve daha geni\u015f kitlelere ula\u015fmak.<\/li><\/ul><p>Bu hedefler do\u011frultusunda ilerlerken, s\u00fcrekli iyile\u015ftirme anlay\u0131\u015f\u0131m\u0131zla s\u00fcrd\u00fcr\u00fclebilirlik performans\u0131m\u0131z\u0131 y\u00fckseltmeye devam edece\u011fiz. [\u015eirket Ad\u0131] olarak, sadece bug\u00fcn\u00fcn de\u011fil, yar\u0131n\u0131n d\u00fcnyas\u0131 i\u00e7in de sorumluluk al\u0131yor ve s\u00fcrd\u00fcr\u00fclebilir bir gelecek i\u00e7in \u00e7al\u0131\u015f\u0131yoruz.<\/p>\t\t\t\t\t\t\t\t<\/div>\n\t\t\t\t<\/div>\n\t\t\t\t<\/div>\n\t\t\t\t<\/div>\n\t\t\t\t\t<\/div>\n\t\t\t\t<\/div>\n\t\t<div class=\"wd-negative-gap elementor-element elementor-element-7095618 wd-section-stretch e-flex e-con-boxed e-con e-parent\" data-id=\"7095618\" data-element_type=\"container\">\n\t\t\t\t\t<div class=\"e-con-inner\">\n\t\t<div class=\"elementor-element elementor-element-f7c5a49 e-con-full e-flex e-con e-child\" data-id=\"f7c5a49\" data-element_type=\"container\">\n\t\t<div class=\"elementor-element elementor-element-b4fb14f e-con-full e-flex e-con e-child\" data-id=\"b4fb14f\" data-element_type=\"container\">\n\t\t\t\t<div class=\"elementor-element elementor-element-89f5b28 elementor-widget__width-inherit color-scheme-inherit text-left elementor-widget elementor-widget-text-editor\" data-id=\"89f5b28\" data-element_type=\"widget\" data-widget_type=\"text-editor.default\">\n\t\t\t\t<div class=\"elementor-widget-container\">\n\t\t\t\t\t\t\t\t\t<p>Biz, <b>Sa\u011flamlar Makine<\/b> olarak, s\u00fcrd\u00fcr\u00fclebilir bir gelecek i\u00e7in kararl\u0131y\u0131z. Gezegenimizin ve insanl\u0131\u011f\u0131n sa\u011fl\u0131kl\u0131 bir gelece\u011fe sahip olmas\u0131 i\u00e7in \u00fczerimize d\u00fc\u015feni yapmaya devam edece\u011fiz. Her bir ad\u0131m\u0131m\u0131zla, d\u00fcnyam\u0131z\u0131 daha ya\u015fanabilir bir yer haline getirmek i\u00e7in \u00e7al\u0131\u015f\u0131yoruz.<\/p>\t\t\t\t\t\t\t\t<\/div>\n\t\t\t\t<\/div>\n\t\t\t\t<\/div>\n\t\t\t\t<\/div>\n\t\t\t\t\t<\/div>\n\t\t\t\t<\/div>\n\t\t\t\t<\/div>\n\t\t","protected":false},"excerpt":{"rendered":"<p>Sadece ekonomik ba\u015far\u0131ya odaklanmak yerine, toplumsal ve \u00e7evresel sorumluluklar\u0131m\u0131z\u0131 da g\u00f6zeten bir yakla\u015f\u0131mla hareket ediyoruz. Amac\u0131m\u0131z, uzun vadeli de\u011fer yaratmak<\/p>\n","protected":false},"author":1,"featured_media":0,"parent":15902,"menu_order":0,"comment_status":"closed","ping_status":"closed","template":"","meta":{"footnotes":""},"class_list":["post-16105","page","type-page","status-publish","hentry"],"_links":{"self":[{"href":"https:\/\/www.saglammakina.com\/en\/wp-json\/wp\/v2\/pages\/16105","targetHints":{"allow":["GET"]}}],"collection":[{"href":"https:\/\/www.saglammakina.com\/en\/wp-json\/wp\/v2\/pages"}],"about":[{"href":"https:\/\/www.saglammakina.com\/en\/wp-json\/wp\/v2\/types\/page"}],"author":[{"embeddable":true,"href":"https:\/\/www.saglammakina.com\/en\/wp-json\/wp\/v2\/users\/1"}],"replies":[{"embeddable":true,"href":"https:\/\/www.saglammakina.com\/en\/wp-json\/wp\/v2\/comments?post=16105"}],"version-history":[{"count":4,"href":"https:\/\/www.saglammakina.com\/en\/wp-json\/wp\/v2\/pages\/16105\/revisions"}],"predecessor-version":[{"id":16110,"href":"https:\/\/www.saglammakina.com\/en\/wp-json\/wp\/v2\/pages\/16105\/revisions\/16110"}],"up":[{"embeddable":true,"href":"https:\/\/www.saglammakina.com\/en\/wp-json\/wp\/v2\/pages\/15902"}],"wp:attachment":[{"href":"https:\/\/www.saglammakina.com\/en\/wp-json\/wp\/v2\/media?parent=16105"}],"curies":[{"name":"wp","href":"https:\/\/api.w.org\/{rel}","templated":true}]}}