{"id":16111,"date":"2024-08-24T12:39:16","date_gmt":"2024-08-24T09:39:16","guid":{"rendered":"https:\/\/dijitay.com.tr\/?page_id=16111"},"modified":"2024-08-24T12:44:48","modified_gmt":"2024-08-24T09:44:48","slug":"egitim-ve-farkindalik","status":"publish","type":"page","link":"https:\/\/www.saglammakina.com\/en\/kurumsal\/egitim-ve-farkindalik\/","title":{"rendered":"E\u011fitim ve Fark\u0131ndal\u0131k"},"content":{"rendered":"\t\t<div data-elementor-type=\"wp-page\" data-elementor-id=\"16111\" class=\"elementor elementor-16111\" data-elementor-post-type=\"page\">\n\t\t\t\t<div class=\"wd-negative-gap elementor-element elementor-element-301ccad wd-section-stretch e-flex e-con-boxed e-con e-parent\" data-id=\"301ccad\" data-element_type=\"container\">\n\t\t\t\t\t<div class=\"e-con-inner\">\n\t\t<div class=\"elementor-element elementor-element-fab1c2e e-con-full e-flex e-con e-child\" data-id=\"fab1c2e\" data-element_type=\"container\">\n\t\t<div class=\"elementor-element elementor-element-01505b4 e-con-full e-flex e-con e-child\" data-id=\"01505b4\" data-element_type=\"container\">\n\t\t\t\t<div class=\"elementor-element elementor-element-5fd9e26 elementor-widget elementor-widget-theme-site-title elementor-widget-heading\" data-id=\"5fd9e26\" data-element_type=\"widget\" data-widget_type=\"theme-site-title.default\">\n\t\t\t\t<div class=\"elementor-widget-container\">\n\t\t\t\t\t<h2 class=\"elementor-heading-title elementor-size-default\"><a href=\"https:\/\/www.saglammakina.com\/en\">Sa\u011flamlar Punta | Bursa | T\u00fcrkiye<\/a><\/h2>\t\t\t\t<\/div>\n\t\t\t\t<\/div>\n\t\t\t\t<\/div>\n\t\t\t\t<div class=\"elementor-element elementor-element-6b066a5 elementor-widget__width-inherit color-scheme-inherit text-left elementor-widget elementor-widget-text-editor\" data-id=\"6b066a5\" data-element_type=\"widget\" data-widget_type=\"text-editor.default\">\n\t\t\t\t<div class=\"elementor-widget-container\">\n\t\t\t\t\t\t\t\t\t<p>Hem \u00e7al\u0131\u015fanlar\u0131m\u0131z hem de toplum genelinde s\u00fcrd\u00fcr\u00fclebilirlik konusunda fark\u0131ndal\u0131k yaratmak ve e\u011fitim sa\u011flamak i\u00e7in \u00e7e\u015fitli programlar ve inisiyatifler geli\u015ftiriyoruz.<\/p>\t\t\t\t\t\t\t\t<\/div>\n\t\t\t\t<\/div>\n\t\t\t\t<\/div>\n\t\t\t\t\t<\/div>\n\t\t\t\t<\/div>\n\t\t<div class=\"elementor-element elementor-element-ae8f6ce wd-section-stretch e-con-full e-flex e-con e-parent\" data-id=\"ae8f6ce\" data-element_type=\"container\" data-settings=\"{&quot;background_background&quot;:&quot;classic&quot;}\">\n\t\t\t\t<\/div>\n\t\t<div class=\"wd-negative-gap elementor-element elementor-element-1b960ec wd-section-stretch e-flex e-con-boxed e-con e-parent\" data-id=\"1b960ec\" data-element_type=\"container\">\n\t\t\t\t\t<div class=\"e-con-inner\">\n\t\t<div class=\"elementor-element elementor-element-647913a e-con-full e-flex e-con e-child\" data-id=\"647913a\" data-element_type=\"container\">\n\t\t<div class=\"elementor-element elementor-element-3c1b068 e-con-full elementor-hidden-mobile e-flex e-con e-child\" data-id=\"3c1b068\" data-element_type=\"container\">\n\t\t\t\t<\/div>\n\t\t<div class=\"elementor-element elementor-element-746a500 e-con-full e-flex e-con e-child\" data-id=\"746a500\" data-element_type=\"container\">\n\t\t\t\t<div class=\"elementor-element elementor-element-a765436 elementor-widget__width-inherit color-scheme-inherit text-left elementor-widget elementor-widget-text-editor\" data-id=\"a765436\" data-element_type=\"widget\" data-widget_type=\"text-editor.default\">\n\t\t\t\t<div class=\"elementor-widget-container\">\n\t\t\t\t\t\t\t\t\t<p>Bilgi G\u00fc\u00e7t\u00fcr<\/p>\t\t\t\t\t\t\t\t<\/div>\n\t\t\t\t<\/div>\n\t\t\t\t<div class=\"elementor-element elementor-element-0db5ad1 elementor-widget__width-inherit color-scheme-inherit text-left elementor-widget elementor-widget-text-editor\" data-id=\"0db5ad1\" data-element_type=\"widget\" data-widget_type=\"text-editor.default\">\n\t\t\t\t<div class=\"elementor-widget-container\">\n\t\t\t\t\t\t\t\t\t<p>S\u00fcrd\u00fcr\u00fclebilirlik konusundaki bilgi ve fark\u0131ndal\u0131k, bireylerin \u00e7evreye duyarl\u0131 kararlar almas\u0131n\u0131 sa\u011flar. E\u011fitim, \u00e7evresel etkilerin ve s\u00fcrd\u00fcr\u00fclebilirlik uygulamalar\u0131n\u0131n daha iyi anla\u015f\u0131lmas\u0131na yard\u0131mc\u0131 olur.<\/p>\t\t\t\t\t\t\t\t<\/div>\n\t\t\t\t<\/div>\n\t\t\t\t<\/div>\n\t\t\t\t<\/div>\n\t\t\t\t\t<\/div>\n\t\t\t\t<\/div>\n\t\t<div class=\"wd-negative-gap elementor-element elementor-element-d3c4dac wd-section-stretch e-flex e-con-boxed e-con e-parent\" data-id=\"d3c4dac\" data-element_type=\"container\">\n\t\t\t\t\t<div class=\"e-con-inner\">\n\t\t<div class=\"elementor-element elementor-element-f7a8f92 e-con-full e-flex e-con e-child\" data-id=\"f7a8f92\" data-element_type=\"container\">\n\t\t<div class=\"elementor-element elementor-element-7b406eb e-con-full elementor-hidden-mobile e-flex e-con e-child\" data-id=\"7b406eb\" data-element_type=\"container\">\n\t\t\t\t<\/div>\n\t\t<div class=\"elementor-element elementor-element-c213709 e-con-full e-flex e-con e-child\" data-id=\"c213709\" data-element_type=\"container\">\n\t\t\t\t<div class=\"elementor-element elementor-element-a4b13c3 elementor-widget__width-inherit color-scheme-inherit text-left elementor-widget elementor-widget-text-editor\" data-id=\"a4b13c3\" data-element_type=\"widget\" data-widget_type=\"text-editor.default\">\n\t\t\t\t<div class=\"elementor-widget-container\">\n\t\t\t\t\t\t\t\t\t<p>Toplumsal D\u00f6n\u00fc\u015f\u00fcm<\/p>\t\t\t\t\t\t\t\t<\/div>\n\t\t\t\t<\/div>\n\t\t\t\t<div class=\"elementor-element elementor-element-7dfdb03 elementor-widget__width-inherit color-scheme-inherit text-left elementor-widget elementor-widget-text-editor\" data-id=\"7dfdb03\" data-element_type=\"widget\" data-widget_type=\"text-editor.default\">\n\t\t\t\t<div class=\"elementor-widget-container\">\n\t\t\t\t\t\t\t\t\t<p>Fark\u0131ndal\u0131k yaratma ve e\u011fitim yoluyla, sadece bireylerin de\u011fil, topluluklar\u0131n da \u00e7evreye ve topluma kar\u015f\u0131 daha duyarl\u0131 hale gelmesini sa\u011fl\u0131yoruz. Bu, daha s\u00fcrd\u00fcr\u00fclebilir bir toplumun olu\u015fmas\u0131na katk\u0131 sa\u011flar.<\/p>\t\t\t\t\t\t\t\t<\/div>\n\t\t\t\t<\/div>\n\t\t\t\t<\/div>\n\t\t\t\t<\/div>\n\t\t\t\t\t<\/div>\n\t\t\t\t<\/div>\n\t\t<div class=\"wd-negative-gap elementor-element elementor-element-cc57da1 wd-section-stretch e-flex e-con-boxed e-con e-parent\" data-id=\"cc57da1\" data-element_type=\"container\">\n\t\t\t\t\t<div class=\"e-con-inner\">\n\t\t<div class=\"elementor-element elementor-element-44f6046 e-con-full e-flex e-con e-child\" data-id=\"44f6046\" data-element_type=\"container\">\n\t\t<div class=\"elementor-element elementor-element-e6297ad e-con-full elementor-hidden-mobile e-flex e-con e-child\" data-id=\"e6297ad\" data-element_type=\"container\">\n\t\t\t\t<\/div>\n\t\t<div class=\"elementor-element elementor-element-9093746 e-con-full e-flex e-con e-child\" data-id=\"9093746\" data-element_type=\"container\">\n\t\t\t\t<div class=\"elementor-element elementor-element-742e900 elementor-widget__width-inherit color-scheme-inherit text-left elementor-widget elementor-widget-text-editor\" data-id=\"742e900\" data-element_type=\"widget\" data-widget_type=\"text-editor.default\">\n\t\t\t\t<div class=\"elementor-widget-container\">\n\t\t\t\t\t\t\t\t\t<p>\u0130\u015f Yerinde S\u00fcrd\u00fcr\u00fclebilirlik K\u00fclt\u00fcr\u00fc<\/p>\t\t\t\t\t\t\t\t<\/div>\n\t\t\t\t<\/div>\n\t\t\t\t<div class=\"elementor-element elementor-element-9c2532f elementor-widget__width-inherit color-scheme-inherit text-left elementor-widget elementor-widget-text-editor\" data-id=\"9c2532f\" data-element_type=\"widget\" data-widget_type=\"text-editor.default\">\n\t\t\t\t<div class=\"elementor-widget-container\">\n\t\t\t\t\t\t\t\t\t<p>E\u011fitim programlar\u0131m\u0131z sayesinde, \u00e7al\u0131\u015fanlar\u0131m\u0131z\u0131n s\u00fcrd\u00fcr\u00fclebilirlik ilkelerini i\u015f s\u00fcre\u00e7lerine entegre etmelerini te\u015fvik ediyoruz. Bu, \u015firket i\u00e7indeki s\u00fcrd\u00fcr\u00fclebilirlik k\u00fclt\u00fcr\u00fcn\u00fcn g\u00fc\u00e7lenmesine ve s\u00fcrekli geli\u015fmesine katk\u0131da bulunur.<\/p>\t\t\t\t\t\t\t\t<\/div>\n\t\t\t\t<\/div>\n\t\t\t\t<\/div>\n\t\t\t\t<\/div>\n\t\t\t\t\t<\/div>\n\t\t\t\t<\/div>\n\t\t<div class=\"wd-negative-gap elementor-element elementor-element-e7cf135 wd-section-stretch e-flex e-con-boxed e-con e-parent\" data-id=\"e7cf135\" data-element_type=\"container\">\n\t\t\t\t\t<div class=\"e-con-inner\">\n\t\t<div class=\"elementor-element elementor-element-c90536e e-con-full e-flex e-con e-child\" data-id=\"c90536e\" data-element_type=\"container\">\n\t\t<div class=\"elementor-element elementor-element-78bcf8a e-con-full elementor-hidden-mobile e-flex e-con e-child\" data-id=\"78bcf8a\" data-element_type=\"container\">\n\t\t\t\t<\/div>\n\t\t<div class=\"elementor-element elementor-element-8b4c927 e-con-full e-flex e-con e-child\" data-id=\"8b4c927\" data-element_type=\"container\">\n\t\t\t\t<div class=\"elementor-element elementor-element-75710f0 elementor-widget__width-inherit color-scheme-inherit text-left elementor-widget elementor-widget-text-editor\" data-id=\"75710f0\" data-element_type=\"widget\" data-widget_type=\"text-editor.default\">\n\t\t\t\t<div class=\"elementor-widget-container\">\n\t\t\t\t\t\t\t\t\t<p>Sosyal Medya ve \u0130leti\u015fim Kanallar\u0131<\/p>\t\t\t\t\t\t\t\t<\/div>\n\t\t\t\t<\/div>\n\t\t\t\t<div class=\"elementor-element elementor-element-26b285b elementor-widget__width-inherit color-scheme-inherit text-left elementor-widget elementor-widget-text-editor\" data-id=\"26b285b\" data-element_type=\"widget\" data-widget_type=\"text-editor.default\">\n\t\t\t\t<div class=\"elementor-widget-container\">\n\t\t\t\t\t\t\t\t\t<p>Sosyal medya ve di\u011fer dijital ileti\u015fim kanallar\u0131 arac\u0131l\u0131\u011f\u0131yla s\u00fcrd\u00fcr\u00fclebilirlik konusundaki fark\u0131ndal\u0131\u011f\u0131 art\u0131r\u0131yoruz. D\u00fczenli olarak yay\u0131nlad\u0131\u011f\u0131m\u0131z bilgilendirici i\u00e7erikler ve fark\u0131ndal\u0131k kampanyalar\u0131 ile geni\u015f bir kitleye ula\u015f\u0131yoruz.<\/p>\t\t\t\t\t\t\t\t<\/div>\n\t\t\t\t<\/div>\n\t\t\t\t<\/div>\n\t\t\t\t<\/div>\n\t\t\t\t\t<\/div>\n\t\t\t\t<\/div>\n\t\t<div class=\"wd-negative-gap elementor-element elementor-element-766af53 wd-section-stretch e-flex e-con-boxed e-con e-parent\" data-id=\"766af53\" data-element_type=\"container\">\n\t\t\t\t\t<div class=\"e-con-inner\">\n\t\t<div class=\"elementor-element elementor-element-0f3ed56 e-con-full e-flex e-con e-child\" data-id=\"0f3ed56\" data-element_type=\"container\">\n\t\t<div class=\"elementor-element elementor-element-45aa007 e-con-full elementor-hidden-mobile e-flex e-con e-child\" data-id=\"45aa007\" data-element_type=\"container\">\n\t\t\t\t<\/div>\n\t\t<div class=\"elementor-element elementor-element-025ede9 e-con-full e-flex e-con e-child\" data-id=\"025ede9\" data-element_type=\"container\">\n\t\t\t\t<div class=\"elementor-element elementor-element-32e12ca elementor-widget__width-inherit color-scheme-inherit text-left elementor-widget elementor-widget-text-editor\" data-id=\"32e12ca\" data-element_type=\"widget\" data-widget_type=\"text-editor.default\">\n\t\t\t\t<div class=\"elementor-widget-container\">\n\t\t\t\t\t\t\t\t\t<p><strong>Gelece\u011fe D\u00f6n\u00fck Hedeflerimiz<\/strong><\/p>\t\t\t\t\t\t\t\t<\/div>\n\t\t\t\t<\/div>\n\t\t\t\t<div class=\"elementor-element elementor-element-a6bf232 elementor-widget__width-inherit color-scheme-inherit text-left elementor-widget elementor-widget-text-editor\" data-id=\"a6bf232\" data-element_type=\"widget\" data-widget_type=\"text-editor.default\">\n\t\t\t\t<div class=\"elementor-widget-container\">\n\t\t\t\t\t\t\t\t\t<p>E\u011fitim ve fark\u0131ndal\u0131k \u00e7al\u0131\u015fmalar\u0131 kapsam\u0131nda, gelecek y\u0131llar i\u00e7in belirledi\u011fimiz baz\u0131 hedeflerimiz \u015funlard\u0131r:<\/p>\n<ul>\n<li>2030 y\u0131l\u0131na kadar \u00e7al\u0131\u015fanlar\u0131m\u0131z\u0131n %100&#8217;\u00fcne s\u00fcrd\u00fcr\u00fclebilirlik e\u011fitimi sa\u011flamak.<\/li>\n<li>Toplumsal fark\u0131ndal\u0131k kampanyalar\u0131m\u0131z\u0131 y\u0131lda en az 5 kez d\u00fczenlemek ve 1 milyon ki\u015fiye ula\u015fmak.<\/li>\n<li>\u00c7evrimi\u00e7i e\u011fitim platformlar\u0131m\u0131z\u0131 geni\u015fleterek daha fazla ki\u015fiye eri\u015fim sa\u011flamak ve i\u00e7erik \u00e7e\u015fitlili\u011fini art\u0131rmak.<\/li>\n<\/ul>\n<p>Bu hedeflere ula\u015fmak i\u00e7in kararl\u0131l\u0131kla \u00e7al\u0131\u015f\u0131yor ve s\u00fcrd\u00fcr\u00fclebilirlik konusundaki bilinci art\u0131rmak i\u00e7in her f\u0131rsat\u0131 de\u011ferlendiriyoruz. Sa\u011flamlar Makine olarak, e\u011fitim ve fark\u0131ndal\u0131k \u00e7al\u0131\u015fmalar\u0131m\u0131zla daha s\u00fcrd\u00fcr\u00fclebilir bir d\u00fcnya i\u00e7in \u00e7aba g\u00f6steriyoruz.<\/p>\t\t\t\t\t\t\t\t<\/div>\n\t\t\t\t<\/div>\n\t\t\t\t<\/div>\n\t\t\t\t<\/div>\n\t\t\t\t\t<\/div>\n\t\t\t\t<\/div>\n\t\t<div class=\"wd-negative-gap elementor-element elementor-element-7095618 wd-section-stretch e-flex e-con-boxed e-con e-parent\" data-id=\"7095618\" data-element_type=\"container\">\n\t\t\t\t\t<div class=\"e-con-inner\">\n\t\t<div class=\"elementor-element elementor-element-f7c5a49 e-con-full e-flex e-con e-child\" data-id=\"f7c5a49\" data-element_type=\"container\">\n\t\t<div class=\"elementor-element elementor-element-b4fb14f e-con-full e-flex e-con e-child\" data-id=\"b4fb14f\" data-element_type=\"container\">\n\t\t\t\t<div class=\"elementor-element elementor-element-89f5b28 elementor-widget__width-inherit color-scheme-inherit text-left elementor-widget elementor-widget-text-editor\" data-id=\"89f5b28\" data-element_type=\"widget\" data-widget_type=\"text-editor.default\">\n\t\t\t\t<div class=\"elementor-widget-container\">\n\t\t\t\t\t\t\t\t\t<p>Biz, <b>Sa\u011flamlar Makine<\/b> olarak, s\u00fcrd\u00fcr\u00fclebilir bir gelecek i\u00e7in kararl\u0131y\u0131z. Gezegenimizin ve insanl\u0131\u011f\u0131n sa\u011fl\u0131kl\u0131 bir gelece\u011fe sahip olmas\u0131 i\u00e7in \u00fczerimize d\u00fc\u015feni yapmaya devam edece\u011fiz. Her bir ad\u0131m\u0131m\u0131zla, d\u00fcnyam\u0131z\u0131 daha ya\u015fanabilir bir yer haline getirmek i\u00e7in \u00e7al\u0131\u015f\u0131yoruz.<\/p>\t\t\t\t\t\t\t\t<\/div>\n\t\t\t\t<\/div>\n\t\t\t\t<\/div>\n\t\t\t\t<\/div>\n\t\t\t\t\t<\/div>\n\t\t\t\t<\/div>\n\t\t\t\t<\/div>\n\t\t","protected":false},"excerpt":{"rendered":"<p>Hem \u00e7al\u0131\u015fanlar\u0131m\u0131z hem de toplum genelinde s\u00fcrd\u00fcr\u00fclebilirlik konusunda fark\u0131ndal\u0131k yaratmak ve e\u011fitim sa\u011flamak i\u00e7in \u00e7e\u015fitli programlar ve inisiyatifler geli\u015ftiriyoruz. Bilgi<\/p>\n","protected":false},"author":1,"featured_media":0,"parent":15902,"menu_order":0,"comment_status":"closed","ping_status":"closed","template":"","meta":{"footnotes":""},"class_list":["post-16111","page","type-page","status-publish","hentry"],"_links":{"self":[{"href":"https:\/\/www.saglammakina.com\/en\/wp-json\/wp\/v2\/pages\/16111","targetHints":{"allow":["GET"]}}],"collection":[{"href":"https:\/\/www.saglammakina.com\/en\/wp-json\/wp\/v2\/pages"}],"about":[{"href":"https:\/\/www.saglammakina.com\/en\/wp-json\/wp\/v2\/types\/page"}],"author":[{"embeddable":true,"href":"https:\/\/www.saglammakina.com\/en\/wp-json\/wp\/v2\/users\/1"}],"replies":[{"embeddable":true,"href":"https:\/\/www.saglammakina.com\/en\/wp-json\/wp\/v2\/comments?post=16111"}],"version-history":[{"count":4,"href":"https:\/\/www.saglammakina.com\/en\/wp-json\/wp\/v2\/pages\/16111\/revisions"}],"predecessor-version":[{"id":16117,"href":"https:\/\/www.saglammakina.com\/en\/wp-json\/wp\/v2\/pages\/16111\/revisions\/16117"}],"up":[{"embeddable":true,"href":"https:\/\/www.saglammakina.com\/en\/wp-json\/wp\/v2\/pages\/15902"}],"wp:attachment":[{"href":"https:\/\/www.saglammakina.com\/en\/wp-json\/wp\/v2\/media?parent=16111"}],"curies":[{"name":"wp","href":"https:\/\/api.w.org\/{rel}","templated":true}]}}