{"id":16203,"date":"2024-08-26T09:06:26","date_gmt":"2024-08-26T06:06:26","guid":{"rendered":"https:\/\/dijitay.com.tr\/?page_id=16203"},"modified":"2024-08-26T09:13:13","modified_gmt":"2024-08-26T06:13:13","slug":"yatirimci-iliskileri","status":"publish","type":"page","link":"https:\/\/www.saglammakina.com\/en\/kurumsal\/yatirimci-iliskileri\/","title":{"rendered":"Yat\u0131r\u0131mc\u0131 \u0130li\u015fkileri"},"content":{"rendered":"\t\t<div data-elementor-type=\"wp-page\" data-elementor-id=\"16203\" class=\"elementor elementor-16203\" data-elementor-post-type=\"page\">\n\t\t\t\t<div class=\"wd-negative-gap elementor-element elementor-element-301ccad wd-section-stretch e-flex e-con-boxed e-con e-parent\" data-id=\"301ccad\" data-element_type=\"container\">\n\t\t\t\t\t<div class=\"e-con-inner\">\n\t\t<div class=\"elementor-element elementor-element-fab1c2e e-con-full e-flex e-con e-child\" data-id=\"fab1c2e\" data-element_type=\"container\">\n\t\t<div class=\"elementor-element elementor-element-01505b4 e-con-full e-flex e-con e-child\" data-id=\"01505b4\" data-element_type=\"container\">\n\t\t\t\t<div class=\"elementor-element elementor-element-5fd9e26 elementor-widget elementor-widget-theme-site-title elementor-widget-heading\" data-id=\"5fd9e26\" data-element_type=\"widget\" data-widget_type=\"theme-site-title.default\">\n\t\t\t\t<div class=\"elementor-widget-container\">\n\t\t\t\t\t<h2 class=\"elementor-heading-title elementor-size-default\"><a href=\"https:\/\/www.saglammakina.com\/en\">Sa\u011flamlar Punta | Bursa | T\u00fcrkiye<\/a><\/h2>\t\t\t\t<\/div>\n\t\t\t\t<\/div>\n\t\t\t\t<\/div>\n\t\t\t\t<div class=\"elementor-element elementor-element-6b066a5 elementor-widget__width-inherit color-scheme-inherit text-left elementor-widget elementor-widget-text-editor\" data-id=\"6b066a5\" data-element_type=\"widget\" data-widget_type=\"text-editor.default\">\n\t\t\t\t<div class=\"elementor-widget-container\">\n\t\t\t\t\t\t\t\t\t<p>Sa\u011flamlar Makine, y\u0131llard\u0131r punta kaynak makineleri, diki\u015f kaynak makineleri, form makineleri, so\u011futma sistemleri ve yedek par\u00e7a ve aksesuarlar kategorilerinde yenilik\u00e7i \u00e7\u00f6z\u00fcmler sunarak sekt\u00f6rde \u00f6nc\u00fc bir konumda yer almaktad\u0131r.<\/p>\t\t\t\t\t\t\t\t<\/div>\n\t\t\t\t<\/div>\n\t\t\t\t<\/div>\n\t\t\t\t\t<\/div>\n\t\t\t\t<\/div>\n\t\t<div class=\"elementor-element elementor-element-ae8f6ce wd-section-stretch e-con-full e-flex e-con e-parent\" data-id=\"ae8f6ce\" data-element_type=\"container\" data-settings=\"{&quot;background_background&quot;:&quot;classic&quot;}\">\n\t\t\t\t<\/div>\n\t\t<div class=\"wd-negative-gap elementor-element elementor-element-1b960ec wd-section-stretch e-flex e-con-boxed e-con e-parent\" data-id=\"1b960ec\" data-element_type=\"container\">\n\t\t\t\t\t<div class=\"e-con-inner\">\n\t\t<div class=\"elementor-element elementor-element-647913a e-con-full e-flex e-con e-child\" data-id=\"647913a\" data-element_type=\"container\">\n\t\t<div class=\"elementor-element elementor-element-3c1b068 e-con-full elementor-hidden-mobile e-flex e-con e-child\" data-id=\"3c1b068\" data-element_type=\"container\">\n\t\t\t\t<\/div>\n\t\t<div class=\"elementor-element elementor-element-746a500 e-con-full e-flex e-con e-child\" data-id=\"746a500\" data-element_type=\"container\">\n\t\t\t\t<div class=\"elementor-element elementor-element-a765436 elementor-widget__width-inherit color-scheme-inherit text-left elementor-widget elementor-widget-text-editor\" data-id=\"a765436\" data-element_type=\"widget\" data-widget_type=\"text-editor.default\">\n\t\t\t\t<div class=\"elementor-widget-container\">\n\t\t\t\t\t\t\t\t\t<p>Sa\u011flamlar Makina<\/p>\t\t\t\t\t\t\t\t<\/div>\n\t\t\t\t<\/div>\n\t\t\t\t<div class=\"elementor-element elementor-element-0db5ad1 elementor-widget__width-inherit color-scheme-inherit text-left elementor-widget elementor-widget-text-editor\" data-id=\"0db5ad1\" data-element_type=\"widget\" data-widget_type=\"text-editor.default\">\n\t\t\t\t<div class=\"elementor-widget-container\">\n\t\t\t\t\t\t\t\t\t<p>Sa\u011flamlar Makine, sekt\u00f6rdeki tecr\u00fcbesi ve yenilik\u00e7i yakla\u015f\u0131m\u0131 ile tan\u0131nan bir markad\u0131r. Firmam\u0131z, \u00f6zellikle sanayi ve imalat sekt\u00f6r\u00fcnde ihtiya\u00e7 duyulan makine ve ekipmanlar\u0131n \u00fcretiminde uzmanla\u015fm\u0131\u015ft\u0131r. Punta kaynak makineleri, diki\u015f kaynak makineleri, form makineleri ve so\u011futma sistemleri gibi geni\u015f bir \u00fcr\u00fcn yelpazesi sunan Sa\u011flamlar Makine, kaliteli \u00fcr\u00fcnleri ve m\u00fc\u015fteri odakl\u0131 hizmet anlay\u0131\u015f\u0131 ile sekt\u00f6rde fark yaratmaktad\u0131r.<\/p>\t\t\t\t\t\t\t\t<\/div>\n\t\t\t\t<\/div>\n\t\t\t\t<div class=\"elementor-element elementor-element-81edef5 elementor-widget__width-inherit color-scheme-inherit text-left elementor-widget elementor-widget-text-editor\" data-id=\"81edef5\" data-element_type=\"widget\" data-widget_type=\"text-editor.default\">\n\t\t\t\t<div class=\"elementor-widget-container\">\n\t\t\t\t\t\t\t\t\t<p>Firman\u0131n b\u00fcy\u00fcme hikayesi, g\u00fc\u00e7l\u00fc m\u00fchendislik ekibi ve Ar-Ge yat\u0131r\u0131mlar\u0131 ile desteklenmi\u015ftir. Geli\u015ftirdi\u011fi teknolojik \u00e7\u00f6z\u00fcmler ve inovasyon odakl\u0131 \u00fcretim s\u00fcre\u00e7leri sayesinde, Sa\u011flamlar Makine sadece T\u00fcrkiye&#8217;de de\u011fil, uluslararas\u0131 pazarlarda da tercih edilen bir marka olmu\u015ftur. Bug\u00fcn, d\u00fcnya genelinde bir\u00e7ok \u00fclkeye ihracat yapan firma, global bir oyuncu olma yolunda emin ad\u0131mlarla ilerlemektedir.<\/p>\t\t\t\t\t\t\t\t<\/div>\n\t\t\t\t<\/div>\n\t\t\t\t<\/div>\n\t\t\t\t<\/div>\n\t\t\t\t\t<\/div>\n\t\t\t\t<\/div>\n\t\t<div class=\"wd-negative-gap elementor-element elementor-element-d3c4dac wd-section-stretch e-flex e-con-boxed e-con e-parent\" data-id=\"d3c4dac\" data-element_type=\"container\">\n\t\t\t\t\t<div class=\"e-con-inner\">\n\t\t<div class=\"elementor-element elementor-element-f7a8f92 e-con-full e-flex e-con e-child\" data-id=\"f7a8f92\" data-element_type=\"container\">\n\t\t<div class=\"elementor-element elementor-element-7b406eb e-con-full elementor-hidden-mobile e-flex e-con e-child\" data-id=\"7b406eb\" data-element_type=\"container\">\n\t\t\t\t<\/div>\n\t\t<div class=\"elementor-element elementor-element-c213709 e-con-full e-flex e-con e-child\" data-id=\"c213709\" data-element_type=\"container\">\n\t\t\t\t<div class=\"elementor-element elementor-element-a4b13c3 elementor-widget__width-inherit color-scheme-inherit text-left elementor-widget elementor-widget-text-editor\" data-id=\"a4b13c3\" data-element_type=\"widget\" data-widget_type=\"text-editor.default\">\n\t\t\t\t<div class=\"elementor-widget-container\">\n\t\t\t\t\t\t\t\t\t<p>Finansal Performans ve Stratejiler<\/p>\t\t\t\t\t\t\t\t<\/div>\n\t\t\t\t<\/div>\n\t\t\t\t<div class=\"elementor-element elementor-element-7dfdb03 elementor-widget__width-inherit color-scheme-inherit text-left elementor-widget elementor-widget-text-editor\" data-id=\"7dfdb03\" data-element_type=\"widget\" data-widget_type=\"text-editor.default\">\n\t\t\t\t<div class=\"elementor-widget-container\">\n\t\t\t\t\t\t\t\t\t<p>Sa\u011flamlar Makine&#8217;nin son y\u0131llardaki finansal performans\u0131, \u015firketin s\u00fcrd\u00fcr\u00fclebilir b\u00fcy\u00fcme ve k\u00e2rl\u0131l\u0131k stratejilerinin bir g\u00f6stergesidir. 2023 y\u0131l\u0131nda %15&#8217;lik bir gelir art\u0131\u015f\u0131 kaydeden firma, ayn\u0131 d\u00f6nemde net k\u00e2r\u0131n\u0131 da %20 oran\u0131nda art\u0131rmay\u0131 ba\u015farm\u0131\u015ft\u0131r. Bu ba\u015far\u0131, \u00f6zellikle yeni \u00fcr\u00fcn geli\u015ftirme ve inovasyon odakl\u0131 yat\u0131r\u0131mlardan kaynaklanmaktad\u0131r.<\/p>\t\t\t\t\t\t\t\t<\/div>\n\t\t\t\t<\/div>\n\t\t\t\t<div class=\"elementor-element elementor-element-c9287ee elementor-widget__width-inherit color-scheme-inherit text-left elementor-widget elementor-widget-text-editor\" data-id=\"c9287ee\" data-element_type=\"widget\" data-widget_type=\"text-editor.default\">\n\t\t\t\t<div class=\"elementor-widget-container\">\n\t\t\t\t\t\t\t\t\t<p>\u015eirketin b\u00fcy\u00fcme stratejisi, \u00fc\u00e7 ana temel \u00fczerine in\u015fa edilmi\u015ftir: <strong>Pazar \u00c7e\u015fitlendirmesi, \u00dcr\u00fcn \u0130novasyonu ve Maliyet Verimlili\u011fi.<\/strong> Sa\u011flamlar Makine, yeni pazarlara a\u00e7\u0131larak ve mevcut pazarlarda derinle\u015ferek b\u00fcy\u00fcmeyi hedeflemektedir. Ayn\u0131 zamanda, Ar-Ge \u00e7al\u0131\u015fmalar\u0131na yap\u0131lan yat\u0131r\u0131mlar sayesinde yenilik\u00e7i \u00fcr\u00fcnler geli\u015ftirilmekte ve bu da \u015firketin rekabet g\u00fcc\u00fcn\u00fc art\u0131rmaktad\u0131r. Maliyet verimlili\u011fi stratejisi ile ise operasyonel maliyetler minimize edilmekte ve kaynaklar daha verimli kullan\u0131lmaktad\u0131r.<\/p>\t\t\t\t\t\t\t\t<\/div>\n\t\t\t\t<\/div>\n\t\t\t\t<\/div>\n\t\t\t\t<\/div>\n\t\t\t\t\t<\/div>\n\t\t\t\t<\/div>\n\t\t<div class=\"wd-negative-gap elementor-element elementor-element-cc57da1 wd-section-stretch e-flex e-con-boxed e-con e-parent\" data-id=\"cc57da1\" data-element_type=\"container\">\n\t\t\t\t\t<div class=\"e-con-inner\">\n\t\t<div class=\"elementor-element elementor-element-44f6046 e-con-full e-flex e-con e-child\" data-id=\"44f6046\" data-element_type=\"container\">\n\t\t<div class=\"elementor-element elementor-element-e6297ad e-con-full elementor-hidden-mobile e-flex e-con e-child\" data-id=\"e6297ad\" data-element_type=\"container\">\n\t\t\t\t<\/div>\n\t\t<div class=\"elementor-element elementor-element-9093746 e-con-full e-flex e-con e-child\" data-id=\"9093746\" data-element_type=\"container\">\n\t\t\t\t<div class=\"elementor-element elementor-element-742e900 elementor-widget__width-inherit color-scheme-inherit text-left elementor-widget elementor-widget-text-editor\" data-id=\"742e900\" data-element_type=\"widget\" data-widget_type=\"text-editor.default\">\n\t\t\t\t<div class=\"elementor-widget-container\">\n\t\t\t\t\t\t\t\t\t<p>Yat\u0131r\u0131mc\u0131lar \u0130\u00e7in De\u011fer \u00d6nerisi<\/p>\t\t\t\t\t\t\t\t<\/div>\n\t\t\t\t<\/div>\n\t\t\t\t<div class=\"elementor-element elementor-element-9c2532f elementor-widget__width-inherit color-scheme-inherit text-left elementor-widget elementor-widget-text-editor\" data-id=\"9c2532f\" data-element_type=\"widget\" data-widget_type=\"text-editor.default\">\n\t\t\t\t<div class=\"elementor-widget-container\">\n\t\t\t\t\t\t\t\t\t<p>Sa\u011flamlar Makine&#8217;nin yat\u0131r\u0131mc\u0131lar i\u00e7in sundu\u011fu ba\u015fl\u0131ca de\u011fer \u00f6nerileri \u015funlard\u0131r:<\/p>\t\t\t\t\t\t\t\t<\/div>\n\t\t\t\t<\/div>\n\t\t\t\t<div class=\"elementor-element elementor-element-faab271 elementor-widget__width-inherit color-scheme-inherit text-left elementor-widget elementor-widget-text-editor\" data-id=\"faab271\" data-element_type=\"widget\" data-widget_type=\"text-editor.default\">\n\t\t\t\t<div class=\"elementor-widget-container\">\n\t\t\t\t\t\t\t\t\t<p><strong>S\u00fcrd\u00fcr\u00fclebilir B\u00fcy\u00fcme:<\/strong> \u015eirketin finansal performans\u0131, sa\u011fl\u0131kl\u0131 b\u00fcy\u00fcme stratejileri ve g\u00fc\u00e7l\u00fc pazar konumu, yat\u0131r\u0131mc\u0131lara uzun vadeli bir b\u00fcy\u00fcme potansiyeli sunmaktad\u0131r.<\/p>\t\t\t\t\t\t\t\t<\/div>\n\t\t\t\t<\/div>\n\t\t\t\t<div class=\"elementor-element elementor-element-37c80fc elementor-widget__width-inherit color-scheme-inherit text-left elementor-widget elementor-widget-text-editor\" data-id=\"37c80fc\" data-element_type=\"widget\" data-widget_type=\"text-editor.default\">\n\t\t\t\t<div class=\"elementor-widget-container\">\n\t\t\t\t\t\t\t\t\t<p><strong>Yenilik\u00e7ilik ve Ar-Ge:<\/strong> S\u00fcrekli olarak Ar-Ge&#8217;ye yap\u0131lan yat\u0131r\u0131mlar, Sa\u011flamlar Makine&#8217;yi sekt\u00f6rdeki yenilik\u00e7i \u00e7\u00f6z\u00fcmlerin \u00f6nc\u00fcs\u00fc yapmaktad\u0131r. Bu da \u015firketin gelecekteki pazar pay\u0131n\u0131 ve gelir potansiyelini art\u0131rmaktad\u0131r.<\/p>\t\t\t\t\t\t\t\t<\/div>\n\t\t\t\t<\/div>\n\t\t\t\t<div class=\"elementor-element elementor-element-bf46b58 elementor-widget__width-inherit color-scheme-inherit text-left elementor-widget elementor-widget-text-editor\" data-id=\"bf46b58\" data-element_type=\"widget\" data-widget_type=\"text-editor.default\">\n\t\t\t\t<div class=\"elementor-widget-container\">\n\t\t\t\t\t\t\t\t\t<p><strong>G\u00fc\u00e7l\u00fc Y\u00f6netim Ekibi:<\/strong> Sa\u011flamlar Makine&#8217;nin deneyimli ve vizyoner y\u00f6netim ekibi, stratejik kararlar alarak \u015firketin s\u00fcrd\u00fcr\u00fclebilir b\u00fcy\u00fcmesine katk\u0131 sa\u011flamaktad\u0131r.<\/p>\t\t\t\t\t\t\t\t<\/div>\n\t\t\t\t<\/div>\n\t\t\t\t<div class=\"elementor-element elementor-element-44d1f09 elementor-widget__width-inherit color-scheme-inherit text-left elementor-widget elementor-widget-text-editor\" data-id=\"44d1f09\" data-element_type=\"widget\" data-widget_type=\"text-editor.default\">\n\t\t\t\t<div class=\"elementor-widget-container\">\n\t\t\t\t\t\t\t\t\t<p><strong>Uluslararas\u0131 B\u00fcy\u00fcme Potansiyeli:<\/strong> \u015eirketin global pazarlardaki varl\u0131\u011f\u0131 ve b\u00fcy\u00fcme stratejileri, yat\u0131r\u0131mc\u0131lara geni\u015fleyen bir pazarda b\u00fcy\u00fcme f\u0131rsatlar\u0131 sunmaktad\u0131r.<\/p>\t\t\t\t\t\t\t\t<\/div>\n\t\t\t\t<\/div>\n\t\t\t\t<\/div>\n\t\t\t\t<\/div>\n\t\t\t\t\t<\/div>\n\t\t\t\t<\/div>\n\t\t<div class=\"wd-negative-gap elementor-element elementor-element-188c8cf wd-section-stretch e-flex e-con-boxed e-con e-parent\" data-id=\"188c8cf\" data-element_type=\"container\">\n\t\t\t\t\t<div class=\"e-con-inner\">\n\t\t<div class=\"elementor-element elementor-element-dde01c7 e-con-full e-flex e-con e-child\" data-id=\"dde01c7\" data-element_type=\"container\">\n\t\t<div class=\"elementor-element elementor-element-212bddc e-con-full elementor-hidden-mobile e-flex e-con e-child\" data-id=\"212bddc\" data-element_type=\"container\">\n\t\t\t\t<\/div>\n\t\t<div class=\"elementor-element elementor-element-a31038b e-con-full e-flex e-con e-child\" data-id=\"a31038b\" data-element_type=\"container\">\n\t\t\t\t<div class=\"elementor-element elementor-element-384edb7 elementor-widget__width-inherit color-scheme-inherit text-left elementor-widget elementor-widget-text-editor\" data-id=\"384edb7\" data-element_type=\"widget\" data-widget_type=\"text-editor.default\">\n\t\t\t\t<div class=\"elementor-widget-container\">\n\t\t\t\t\t\t\t\t\t<p>S\u00fcrd\u00fcr\u00fclebilirlik ve Kurumsal Sorumluluk<\/p>\t\t\t\t\t\t\t\t<\/div>\n\t\t\t\t<\/div>\n\t\t\t\t<\/div>\n\t\t\t\t<\/div>\n\t\t\t\t\t<\/div>\n\t\t\t\t<\/div>\n\t\t<div class=\"wd-negative-gap elementor-element elementor-element-7095618 wd-section-stretch e-flex e-con-boxed e-con e-parent\" data-id=\"7095618\" data-element_type=\"container\">\n\t\t\t\t\t<div class=\"e-con-inner\">\n\t\t<div class=\"elementor-element elementor-element-f7c5a49 e-con-full e-flex e-con e-child\" data-id=\"f7c5a49\" data-element_type=\"container\">\n\t\t<div class=\"elementor-element elementor-element-b4fb14f e-con-full e-flex e-con e-child\" data-id=\"b4fb14f\" data-element_type=\"container\">\n\t\t\t\t<div class=\"elementor-element elementor-element-89f5b28 elementor-widget__width-inherit color-scheme-inherit text-left elementor-widget elementor-widget-text-editor\" data-id=\"89f5b28\" data-element_type=\"widget\" data-widget_type=\"text-editor.default\">\n\t\t\t\t<div class=\"elementor-widget-container\">\n\t\t\t\t\t\t\t\t\t<p>Sa\u011flamlar Makine, \u00e7evreye duyarl\u0131 \u00fcretim teknikleri ve s\u00fcrd\u00fcr\u00fclebilir i\u015f uygulamalar\u0131 ile bilinmektedir. \u015eirket, enerji verimlili\u011fi y\u00fcksek makineler \u00fcretmekte ve \u00fcretim s\u00fcre\u00e7lerinde geri d\u00f6n\u00fc\u015ft\u00fcr\u00fclebilir malzemeler kullanmaktad\u0131r. Ayn\u0131 zamanda, topluma katk\u0131da bulunmay\u0131 hedefleyen sosyal sorumluluk projeleri ile yerel ve uluslararas\u0131 topluluklarda olumlu bir etki yaratmaktad\u0131r. Bu taahh\u00fctler, Sa\u011flamlar Makine&#8217;nin uzun vadeli bir yat\u0131r\u0131m olarak s\u00fcrd\u00fcr\u00fclebilirlik ve etik sorumluluk ilkelerine ba\u011fl\u0131l\u0131\u011f\u0131n\u0131 g\u00f6stermektedir.<\/p>\t\t\t\t\t\t\t\t<\/div>\n\t\t\t\t<\/div>\n\t\t\t\t<\/div>\n\t\t\t\t<\/div>\n\t\t\t\t\t<\/div>\n\t\t\t\t<\/div>\n\t\t<div class=\"wd-negative-gap elementor-element elementor-element-1464e1f wd-section-stretch e-flex e-con-boxed e-con e-parent\" data-id=\"1464e1f\" data-element_type=\"container\">\n\t\t\t\t\t<div class=\"e-con-inner\">\n\t\t<div class=\"elementor-element elementor-element-b331961 e-con-full e-flex e-con e-child\" data-id=\"b331961\" data-element_type=\"container\">\n\t\t<div class=\"elementor-element elementor-element-b806823 e-con-full elementor-hidden-mobile e-flex e-con e-child\" data-id=\"b806823\" data-element_type=\"container\">\n\t\t\t\t<\/div>\n\t\t<div class=\"elementor-element elementor-element-cc3f078 e-con-full e-flex e-con e-child\" data-id=\"cc3f078\" data-element_type=\"container\">\n\t\t\t\t<div class=\"elementor-element elementor-element-0bdf88f elementor-widget__width-inherit color-scheme-inherit text-left elementor-widget elementor-widget-text-editor\" data-id=\"0bdf88f\" data-element_type=\"widget\" data-widget_type=\"text-editor.default\">\n\t\t\t\t<div class=\"elementor-widget-container\">\n\t\t\t\t\t\t\t\t\t<p>Yat\u0131r\u0131mc\u0131 \u0130li\u015fkileri Stratejisi<\/p>\t\t\t\t\t\t\t\t<\/div>\n\t\t\t\t<\/div>\n\t\t\t\t<div class=\"elementor-element elementor-element-87537a2 elementor-widget__width-inherit color-scheme-inherit text-left elementor-widget elementor-widget-text-editor\" data-id=\"87537a2\" data-element_type=\"widget\" data-widget_type=\"text-editor.default\">\n\t\t\t\t<div class=\"elementor-widget-container\">\n\t\t\t\t\t\t\t\t\t<p>Sa\u011flamlar Makine, yat\u0131r\u0131mc\u0131larla \u015feffaf ve s\u00fcrekli bir ileti\u015fim kurmay\u0131 ama\u00e7lamaktad\u0131r. \u015eirket, finansal raporlamalar\u0131nda ve di\u011fer ileti\u015fim kanallar\u0131nda \u015feffafl\u0131k ilkesine ba\u011fl\u0131 kalmakta ve yat\u0131r\u0131mc\u0131lar\u0131na zaman\u0131nda ve do\u011fru bilgiler sunmaktad\u0131r. Yat\u0131r\u0131mc\u0131 \u0130li\u015fkileri Departman\u0131, yat\u0131r\u0131mc\u0131 sorular\u0131n\u0131 yan\u0131tlamak ve d\u00fczenli bilgilendirme yapmak i\u00e7in etkin bir \u015fekilde \u00e7al\u0131\u015fmakta, bu sayede yat\u0131r\u0131mc\u0131 g\u00fcvenini art\u0131rmaktad\u0131r.<\/p>\t\t\t\t\t\t\t\t<\/div>\n\t\t\t\t<\/div>\n\t\t\t\t<div class=\"elementor-element elementor-element-baf5ddc elementor-widget__width-inherit color-scheme-inherit text-left elementor-widget elementor-widget-text-editor\" data-id=\"baf5ddc\" data-element_type=\"widget\" data-widget_type=\"text-editor.default\">\n\t\t\t\t<div class=\"elementor-widget-container\">\n\t\t\t\t\t\t\t\t\t<p>\u015eirketin d\u00fczenli olarak d\u00fczenledi\u011fi yat\u0131r\u0131mc\u0131 toplant\u0131lar\u0131 ve y\u0131ll\u0131k genel kurullar, yat\u0131r\u0131mc\u0131lara \u015firketin performans\u0131 ve gelecekteki planlar\u0131 hakk\u0131nda ayr\u0131nt\u0131l\u0131 bilgi sunmaktad\u0131r. Ayr\u0131ca, Sa\u011flamlar Makine&#8217;nin internet sitesi \u00fczerinden de yat\u0131r\u0131mc\u0131lara y\u00f6nelik detayl\u0131 raporlar ve bilgiler sunulmaktad\u0131r.<\/p>\t\t\t\t\t\t\t\t<\/div>\n\t\t\t\t<\/div>\n\t\t\t\t<\/div>\n\t\t\t\t<\/div>\n\t\t\t\t\t<\/div>\n\t\t\t\t<\/div>\n\t\t<div class=\"wd-negative-gap elementor-element elementor-element-5b786ca wd-section-stretch e-flex e-con-boxed e-con e-parent\" data-id=\"5b786ca\" data-element_type=\"container\">\n\t\t\t\t\t<div class=\"e-con-inner\">\n\t\t<div class=\"elementor-element elementor-element-6704a71 e-con-full e-flex e-con e-child\" data-id=\"6704a71\" data-element_type=\"container\">\n\t\t<div class=\"elementor-element elementor-element-183bac4 e-con-full e-flex e-con e-child\" data-id=\"183bac4\" data-element_type=\"container\">\n\t\t\t\t<div class=\"elementor-element elementor-element-8c7b99e elementor-widget__width-inherit color-scheme-inherit text-left elementor-widget elementor-widget-text-editor\" data-id=\"8c7b99e\" data-element_type=\"widget\" data-widget_type=\"text-editor.default\">\n\t\t\t\t<div class=\"elementor-widget-container\">\n\t\t\t\t\t\t\t\t\t<p>Sa\u011flamlar Makine, g\u00fc\u00e7l\u00fc finansal performans\u0131, yenilik\u00e7i \u00fcr\u00fcn portf\u00f6y\u00fc, s\u00fcrd\u00fcr\u00fclebilirlik taahh\u00fctleri ve \u015feffaf yat\u0131r\u0131mc\u0131 ili\u015fkileri y\u00f6netimi ile yat\u0131r\u0131mc\u0131lar i\u00e7in cazip bir se\u00e7enek olmaya devam etmektedir. \u015eirketin gelecekteki b\u00fcy\u00fcme planlar\u0131 ve stratejik hedefleri, yat\u0131r\u0131mc\u0131lara uzun vadeli bir de\u011fer \u00f6nerisi sunmaktad\u0131r. Sa\u011flamlar Makine&#8217;ye yat\u0131r\u0131m yaparak, siz de g\u00fc\u00e7l\u00fc bir gelece\u011fe katk\u0131da bulunabilir ve b\u00fcy\u00fcme potansiyeli y\u00fcksek bir firmada yerinizi alabilirsiniz.<\/p>\t\t\t\t\t\t\t\t<\/div>\n\t\t\t\t<\/div>\n\t\t\t\t<\/div>\n\t\t\t\t<\/div>\n\t\t\t\t\t<\/div>\n\t\t\t\t<\/div>\n\t\t\t\t<\/div>\n\t\t","protected":false},"excerpt":{"rendered":"<p>Sa\u011flamlar Makine, y\u0131llard\u0131r punta kaynak makineleri, diki\u015f kaynak makineleri, form makineleri, so\u011futma sistemleri ve yedek par\u00e7a ve aksesuarlar kategorilerinde yenilik\u00e7i<\/p>\n","protected":false},"author":1,"featured_media":0,"parent":15902,"menu_order":0,"comment_status":"closed","ping_status":"closed","template":"","meta":{"footnotes":""},"class_list":["post-16203","page","type-page","status-publish","hentry"],"_links":{"self":[{"href":"https:\/\/www.saglammakina.com\/en\/wp-json\/wp\/v2\/pages\/16203","targetHints":{"allow":["GET"]}}],"collection":[{"href":"https:\/\/www.saglammakina.com\/en\/wp-json\/wp\/v2\/pages"}],"about":[{"href":"https:\/\/www.saglammakina.com\/en\/wp-json\/wp\/v2\/types\/page"}],"author":[{"embeddable":true,"href":"https:\/\/www.saglammakina.com\/en\/wp-json\/wp\/v2\/users\/1"}],"replies":[{"embeddable":true,"href":"https:\/\/www.saglammakina.com\/en\/wp-json\/wp\/v2\/comments?post=16203"}],"version-history":[{"count":7,"href":"https:\/\/www.saglammakina.com\/en\/wp-json\/wp\/v2\/pages\/16203\/revisions"}],"predecessor-version":[{"id":16211,"href":"https:\/\/www.saglammakina.com\/en\/wp-json\/wp\/v2\/pages\/16203\/revisions\/16211"}],"up":[{"embeddable":true,"href":"https:\/\/www.saglammakina.com\/en\/wp-json\/wp\/v2\/pages\/15902"}],"wp:attachment":[{"href":"https:\/\/www.saglammakina.com\/en\/wp-json\/wp\/v2\/media?parent=16203"}],"curies":[{"name":"wp","href":"https:\/\/api.w.org\/{rel}","templated":true}]}}