{"id":16368,"date":"2024-08-27T11:23:11","date_gmt":"2024-08-27T08:23:11","guid":{"rendered":"https:\/\/dijitay.com.tr\/?page_id=16368"},"modified":"2025-09-22T18:47:31","modified_gmt":"2025-09-22T15:47:31","slug":"ustten-kollu-punta-kaynak-makineleri","status":"publish","type":"page","link":"https:\/\/www.saglammakina.com\/en\/urunler\/punta-kaynak-makineleri\/ustten-kollu-punta-kaynak-makineleri\/","title":{"rendered":"\u00dcstten Kollu Punta Kaynak Makineleri"},"content":{"rendered":"\t\t<div data-elementor-type=\"wp-page\" data-elementor-id=\"16368\" class=\"elementor elementor-16368\" data-elementor-post-type=\"page\">\n\t\t\t\t<div class=\"elementor-element elementor-element-b22a35e e-con-full wd-section-stretch e-flex e-con e-parent\" data-id=\"b22a35e\" data-element_type=\"container\" data-settings=\"{&quot;background_background&quot;:&quot;classic&quot;}\">\n\t\t\t\t<\/div>\n\t\t<div class=\"wd-negative-gap elementor-element elementor-element-eb4b909 e-flex e-con-boxed e-con e-parent\" data-id=\"eb4b909\" data-element_type=\"container\">\n\t\t\t\t\t<div class=\"e-con-inner\">\n\t\t<div class=\"elementor-element elementor-element-f290f5e e-con-full e-flex e-con e-child\" data-id=\"f290f5e\" data-element_type=\"container\" data-settings=\"{&quot;background_background&quot;:&quot;classic&quot;}\">\n\t\t\t\t<\/div>\n\t\t<div class=\"elementor-element elementor-element-bbebdb4 e-con-full elementor-hidden-mobile e-flex e-con e-child\" data-id=\"bbebdb4\" data-element_type=\"container\">\n\t\t\t\t<\/div>\n\t\t<div class=\"elementor-element elementor-element-4df7059 e-con-full elementor-hidden-mobile e-flex e-con e-child\" data-id=\"4df7059\" data-element_type=\"container\">\n\t\t\t\t<\/div>\n\t\t\t\t\t<\/div>\n\t\t\t\t<\/div>\n\t\t<div class=\"wd-negative-gap elementor-element elementor-element-5bdb5e4 e-flex e-con-boxed e-con e-parent\" data-id=\"5bdb5e4\" data-element_type=\"container\">\n\t\t\t\t\t<div class=\"e-con-inner\">\n\t\t<div class=\"wd-negative-gap elementor-element elementor-element-220ef9f e-flex e-con-boxed e-con e-child\" data-id=\"220ef9f\" data-element_type=\"container\">\n\t\t\t\t\t<div class=\"e-con-inner\">\n\t\t\t\t<div class=\"elementor-element elementor-element-bc9f06e elementor-widget__width-inherit color-scheme-inherit text-left elementor-widget elementor-widget-text-editor\" data-id=\"bc9f06e\" data-element_type=\"widget\" data-widget_type=\"text-editor.default\">\n\t\t\t\t<div class=\"elementor-widget-container\">\n\t\t\t\t\t\t\t\t\t<p>Sa\u011flamlar Makine olarak, <strong>\u00dcstten Kollu Punta Kaynak Makinelerimiz<\/strong> ile kaynak i\u015flemlerinde esnek ve g\u00fc\u00e7l\u00fc \u00e7\u00f6z\u00fcmler sunmaktay\u0131z. \u00dcstten kollu punta kaynak makineleri, \u00e7e\u015fitli kal\u0131nl\u0131klarda ve boyutlarda metal levhalar\u0131n birle\u015ftirilmesinde kullan\u0131lan, y\u00fcksek performansl\u0131 ve dayan\u0131kl\u0131 makinelerdir. Bu makineler, \u00f6zellikle geni\u015f alanl\u0131 par\u00e7alar\u0131n birle\u015ftirilmesinde ve y\u00fcksek hassasiyet gerektiren uygulamalarda b\u00fcy\u00fck avantaj sa\u011flar.<\/p>\t\t\t\t\t\t\t\t<\/div>\n\t\t\t\t<\/div>\n\t\t\t\t\t<\/div>\n\t\t\t\t<\/div>\n\t\t\t\t\t<\/div>\n\t\t\t\t<\/div>\n\t\t<div class=\"wd-negative-gap elementor-element elementor-element-3877260 e-flex e-con-boxed e-con e-parent\" data-id=\"3877260\" data-element_type=\"container\" data-settings=\"{&quot;background_background&quot;:&quot;classic&quot;}\">\n\t\t\t\t\t<div class=\"e-con-inner\">\n\t\t<div class=\"elementor-element elementor-element-6145425 e-con-full e-flex e-con e-child\" data-id=\"6145425\" data-element_type=\"container\">\n\t\t<div class=\"elementor-element elementor-element-03328ed e-con-full e-flex e-con e-child\" data-id=\"03328ed\" data-element_type=\"container\" data-settings=\"{&quot;background_background&quot;:&quot;classic&quot;}\">\n\t\t\t\t<div class=\"elementor-element elementor-element-3a9c2f5 elementor-widget elementor-widget-image\" data-id=\"3a9c2f5\" data-element_type=\"widget\" data-widget_type=\"image.default\">\n\t\t\t\t<div class=\"elementor-widget-container\">\n\t\t\t\t\t\t\t\t\t\t\t\t\t\t\t\t<a href=\"https:\/\/www.saglammakina.com\/en\/urunler\/punta-kaynak-makineleri\/ustten-kollu-punta-kaynak-makineleri\/pu045-ustten-kollu-punta-kaynak-makinesi-2\/\">\n\t\t\t\t\t\t\t<img fetchpriority=\"high\" decoding=\"async\" width=\"500\" height=\"500\" src=\"https:\/\/www.saglammakina.com\/en\/wp-content\/uploads\/2024\/08\/PE002-1.png\" class=\"elementor-animation-float attachment-full size-full wp-image-16515\" alt=\"\" srcset=\"https:\/\/www.saglammakina.com\/en\/wp-content\/uploads\/2024\/08\/PE002-1.png 500w, https:\/\/www.saglammakina.com\/en\/wp-content\/uploads\/2024\/08\/PE002-1-300x300.png 300w, https:\/\/www.saglammakina.com\/en\/wp-content\/uploads\/2024\/08\/PE002-1-150x150.png 150w\" sizes=\"(max-width: 500px) 100vw, 500px\" \/>\t\t\t\t\t\t\t\t<\/a>\n\t\t\t\t\t\t\t\t\t\t\t\t\t\t\t<\/div>\n\t\t\t\t<\/div>\n\t\t\t\t<div class=\"elementor-element elementor-element-95bc483 elementor-icon-list--layout-traditional elementor-list-item-link-full_width elementor-widget elementor-widget-icon-list\" data-id=\"95bc483\" data-element_type=\"widget\" data-widget_type=\"icon-list.default\">\n\t\t\t\t<div class=\"elementor-widget-container\">\n\t\t\t\t\t\t\t<ul class=\"elementor-icon-list-items\">\n\t\t\t\t\t\t\t<li class=\"elementor-icon-list-item\">\n\t\t\t\t\t\t\t\t\t\t\t<a href=\"https:\/\/www.saglammakina.com\/en\/urunler\/punta-kaynak-makineleri\/ustten-kollu-punta-kaynak-makineleri\/pu045-ustten-kollu-punta-kaynak-makinesi-2\/\">\n\n\t\t\t\t\t\t\t\t\t\t\t<span class=\"elementor-icon-list-text\">PU045 - Rocker Arm Spot Weld\u0131ng Mach\u0131ne<\/span>\n\t\t\t\t\t\t\t\t\t\t\t<\/a>\n\t\t\t\t\t\t\t\t\t<\/li>\n\t\t\t\t\t\t<\/ul>\n\t\t\t\t\t\t<\/div>\n\t\t\t\t<\/div>\n\t\t\t\t<div class=\"elementor-element elementor-element-661555b elementor-align-left elementor-widget elementor-widget-button\" data-id=\"661555b\" data-element_type=\"widget\" data-widget_type=\"button.default\">\n\t\t\t\t<div class=\"elementor-widget-container\">\n\t\t\t\t\t\t\t\t\t<div class=\"elementor-button-wrapper\">\n\t\t\t\t\t<a class=\"elementor-button elementor-button-link elementor-size-sm\" href=\"https:\/\/www.saglammakina.com\/en\/urunler\/punta-kaynak-makineleri\/ustten-kollu-punta-kaynak-makineleri\/pu045-ustten-kollu-punta-kaynak-makinesi-2\/\">\n\t\t\t\t\t\t<span class=\"elementor-button-content-wrapper\">\n\t\t\t\t\t\t<span class=\"elementor-button-icon\">\n\t\t\t\t<svg aria-hidden=\"true\" class=\"e-font-icon-svg e-fas-long-arrow-alt-right\" viewBox=\"0 0 448 512\" xmlns=\"http:\/\/www.w3.org\/2000\/svg\"><path d=\"M313.941 216H12c-6.627 0-12 5.373-12 12v56c0 6.627 5.373 12 12 12h301.941v46.059c0 21.382 25.851 32.09 40.971 16.971l86.059-86.059c9.373-9.373 9.373-24.569 0-33.941l-86.059-86.059c-15.119-15.119-40.971-4.411-40.971 16.971V216z\"><\/path><\/svg>\t\t\t<\/span>\n\t\t\t\t\t\t\t\t\t<span class=\"elementor-button-text\">\u00dcr\u00fcn \u00f6zellikleri<\/span>\n\t\t\t\t\t<\/span>\n\t\t\t\t\t<\/a>\n\t\t\t\t<\/div>\n\t\t\t\t\t\t\t\t<\/div>\n\t\t\t\t<\/div>\n\t\t\t\t<\/div>\n\t\t\t\t<\/div>\n\t\t<div class=\"elementor-element elementor-element-4e05835 e-con-full e-flex e-con e-child\" data-id=\"4e05835\" data-element_type=\"container\">\n\t\t<div class=\"elementor-element elementor-element-038b87f e-con-full e-flex e-con e-child\" data-id=\"038b87f\" data-element_type=\"container\" data-settings=\"{&quot;background_background&quot;:&quot;classic&quot;}\">\n\t\t\t\t<div class=\"elementor-element elementor-element-0644df1 elementor-widget elementor-widget-image\" data-id=\"0644df1\" data-element_type=\"widget\" data-widget_type=\"image.default\">\n\t\t\t\t<div class=\"elementor-widget-container\">\n\t\t\t\t\t\t\t\t\t\t\t\t\t\t\t\t<a href=\"https:\/\/www.saglammakina.com\/en\/urunler\/punta-kaynak-makineleri\/ustten-kollu-punta-kaynak-makineleri\/pu060-ustten-kollu-punta-kaynak-makinesi-2\/\">\n\t\t\t\t\t\t\t<img decoding=\"async\" width=\"500\" height=\"500\" src=\"https:\/\/www.saglammakina.com\/en\/wp-content\/uploads\/2024\/08\/PA010-1.png\" class=\"elementor-animation-float attachment-full size-full wp-image-16516\" alt=\"\" srcset=\"https:\/\/www.saglammakina.com\/en\/wp-content\/uploads\/2024\/08\/PA010-1.png 500w, https:\/\/www.saglammakina.com\/en\/wp-content\/uploads\/2024\/08\/PA010-1-300x300.png 300w, https:\/\/www.saglammakina.com\/en\/wp-content\/uploads\/2024\/08\/PA010-1-150x150.png 150w\" sizes=\"(max-width: 500px) 100vw, 500px\" \/>\t\t\t\t\t\t\t\t<\/a>\n\t\t\t\t\t\t\t\t\t\t\t\t\t\t\t<\/div>\n\t\t\t\t<\/div>\n\t\t\t\t<div class=\"elementor-element elementor-element-a3a1359 elementor-icon-list--layout-traditional elementor-list-item-link-full_width elementor-widget elementor-widget-icon-list\" data-id=\"a3a1359\" data-element_type=\"widget\" data-widget_type=\"icon-list.default\">\n\t\t\t\t<div class=\"elementor-widget-container\">\n\t\t\t\t\t\t\t<ul class=\"elementor-icon-list-items\">\n\t\t\t\t\t\t\t<li class=\"elementor-icon-list-item\">\n\t\t\t\t\t\t\t\t\t\t\t<a href=\"https:\/\/www.saglammakina.com\/en\/urunler\/punta-kaynak-makineleri\/ustten-kollu-punta-kaynak-makineleri\/pu060-ustten-kollu-punta-kaynak-makinesi-2\/\">\n\n\t\t\t\t\t\t\t\t\t\t\t<span class=\"elementor-icon-list-text\">PU060 - Rocker Arm Spot Weld\u0131ng Mach\u0131ne<\/span>\n\t\t\t\t\t\t\t\t\t\t\t<\/a>\n\t\t\t\t\t\t\t\t\t<\/li>\n\t\t\t\t\t\t<\/ul>\n\t\t\t\t\t\t<\/div>\n\t\t\t\t<\/div>\n\t\t\t\t<div class=\"elementor-element elementor-element-c0d7d0b elementor-align-left elementor-widget elementor-widget-button\" data-id=\"c0d7d0b\" data-element_type=\"widget\" data-widget_type=\"button.default\">\n\t\t\t\t<div class=\"elementor-widget-container\">\n\t\t\t\t\t\t\t\t\t<div class=\"elementor-button-wrapper\">\n\t\t\t\t\t<a class=\"elementor-button elementor-button-link elementor-size-sm\" href=\"https:\/\/www.saglammakina.com\/en\/urunler\/punta-kaynak-makineleri\/ustten-kollu-punta-kaynak-makineleri\/pu060-ustten-kollu-punta-kaynak-makinesi-2\/\">\n\t\t\t\t\t\t<span class=\"elementor-button-content-wrapper\">\n\t\t\t\t\t\t<span class=\"elementor-button-icon\">\n\t\t\t\t<svg aria-hidden=\"true\" class=\"e-font-icon-svg e-fas-long-arrow-alt-right\" viewBox=\"0 0 448 512\" xmlns=\"http:\/\/www.w3.org\/2000\/svg\"><path d=\"M313.941 216H12c-6.627 0-12 5.373-12 12v56c0 6.627 5.373 12 12 12h301.941v46.059c0 21.382 25.851 32.09 40.971 16.971l86.059-86.059c9.373-9.373 9.373-24.569 0-33.941l-86.059-86.059c-15.119-15.119-40.971-4.411-40.971 16.971V216z\"><\/path><\/svg>\t\t\t<\/span>\n\t\t\t\t\t\t\t\t\t<span class=\"elementor-button-text\">\u00dcr\u00fcn \u00f6zellikleri<\/span>\n\t\t\t\t\t<\/span>\n\t\t\t\t\t<\/a>\n\t\t\t\t<\/div>\n\t\t\t\t\t\t\t\t<\/div>\n\t\t\t\t<\/div>\n\t\t\t\t<\/div>\n\t\t\t\t<\/div>\n\t\t<div class=\"elementor-element elementor-element-cb1b05e e-con-full e-flex e-con e-child\" data-id=\"cb1b05e\" data-element_type=\"container\">\n\t\t<div class=\"elementor-element elementor-element-1f9ccfe e-con-full e-flex e-con e-child\" data-id=\"1f9ccfe\" data-element_type=\"container\">\n\t\t\t\t<\/div>\n\t\t\t\t<\/div>\n\t\t\t\t\t<\/div>\n\t\t\t\t<\/div>\n\t\t<div class=\"wd-negative-gap elementor-element elementor-element-8b8aab4 e-flex e-con-boxed e-con e-parent\" data-id=\"8b8aab4\" data-element_type=\"container\">\n\t\t\t\t\t<div class=\"e-con-inner\">\n\t\t<div class=\"wd-negative-gap elementor-element elementor-element-618f1b9 e-flex e-con-boxed e-con e-child\" data-id=\"618f1b9\" data-element_type=\"container\">\n\t\t\t\t\t<div class=\"e-con-inner\">\n\t\t\t\t<div class=\"elementor-element elementor-element-61d5257 elementor-widget-divider--view-line elementor-widget elementor-widget-divider\" data-id=\"61d5257\" data-element_type=\"widget\" data-widget_type=\"divider.default\">\n\t\t\t\t<div class=\"elementor-widget-container\">\n\t\t\t\t\t\t\t<div class=\"elementor-divider\">\n\t\t\t<span class=\"elementor-divider-separator\">\n\t\t\t\t\t\t<\/span>\n\t\t<\/div>\n\t\t\t\t\t\t<\/div>\n\t\t\t\t<\/div>\n\t\t\t\t\t<\/div>\n\t\t\t\t<\/div>\n\t\t\t\t\t<\/div>\n\t\t\t\t<\/div>\n\t\t<div class=\"wd-negative-gap elementor-element elementor-element-6195939 e-flex e-con-boxed e-con e-parent\" data-id=\"6195939\" data-element_type=\"container\">\n\t\t\t\t\t<div class=\"e-con-inner\">\n\t\t<div class=\"wd-negative-gap elementor-element elementor-element-21e37eb e-flex e-con-boxed e-con e-child\" data-id=\"21e37eb\" data-element_type=\"container\">\n\t\t\t\t\t<div class=\"e-con-inner\">\n\t\t\t\t<div class=\"elementor-element elementor-element-94f58ba elementor-widget__width-inherit color-scheme-inherit text-left elementor-widget elementor-widget-text-editor\" data-id=\"94f58ba\" data-element_type=\"widget\" data-widget_type=\"text-editor.default\">\n\t\t\t\t<div class=\"elementor-widget-container\">\n\t\t\t\t\t\t\t\t\t<p>Neden Sa\u011flamlar Makine Punta Kaynak Makineleri?<\/p>\t\t\t\t\t\t\t\t<\/div>\n\t\t\t\t<\/div>\n\t\t\t\t<div class=\"elementor-element elementor-element-72b1e98 elementor-widget__width-inherit color-scheme-inherit text-left elementor-widget elementor-widget-text-editor\" data-id=\"72b1e98\" data-element_type=\"widget\" data-widget_type=\"text-editor.default\">\n\t\t\t\t<div class=\"elementor-widget-container\">\n\t\t\t\t\t\t\t\t\t<p><strong>Y\u00fcksek Hassasiyet ve Kontrol:<\/strong> Punta kaynak makinelerimiz, kullan\u0131c\u0131lar\u0131n her bir kaynak noktas\u0131nda hassas bir kontrol sa\u011flamas\u0131na yard\u0131mc\u0131 olur. Geli\u015fmi\u015f elektronik sistemlerimiz sayesinde, her kaynak i\u015flemi i\u00e7in gerekli ak\u0131m ve bas\u0131n\u00e7 seviyeleri hassas bir \u015fekilde ayarlanabilir. Bu da \u00fcr\u00fcn kalitesini art\u0131r\u0131rken, istenmeyen deformasyonlar\u0131 ve hatalar\u0131 minimize eder.<\/p>\t\t\t\t\t\t\t\t<\/div>\n\t\t\t\t<\/div>\n\t\t\t\t<div class=\"elementor-element elementor-element-1144807 elementor-widget__width-inherit color-scheme-inherit text-left elementor-widget elementor-widget-text-editor\" data-id=\"1144807\" data-element_type=\"widget\" data-widget_type=\"text-editor.default\">\n\t\t\t\t<div class=\"elementor-widget-container\">\n\t\t\t\t\t\t\t\t\t<p><strong>Dayan\u0131kl\u0131l\u0131k ve Uzun \u00d6m\u00fcr:<\/strong> \u00dcr\u00fcnlerimiz, end\u00fcstriyel ko\u015fullar\u0131n gerektirdi\u011fi dayan\u0131kl\u0131l\u0131\u011fa sahiptir. Sa\u011flam ve kaliteli malzemelerle \u00fcretilen makinelerimiz, uzun y\u0131llar boyunca kesintisiz performans sunar. Bu dayan\u0131kl\u0131l\u0131k, i\u015fletmelerin bak\u0131m ve onar\u0131m maliyetlerini azalt\u0131rken, \u00fcretim s\u00fcrecinin kesintisiz devam etmesini sa\u011flar.<\/p>\t\t\t\t\t\t\t\t<\/div>\n\t\t\t\t<\/div>\n\t\t\t\t<div class=\"elementor-element elementor-element-114f23e elementor-widget__width-inherit color-scheme-inherit text-left elementor-widget elementor-widget-text-editor\" data-id=\"114f23e\" data-element_type=\"widget\" data-widget_type=\"text-editor.default\">\n\t\t\t\t<div class=\"elementor-widget-container\">\n\t\t\t\t\t\t\t\t\t<p><strong>Enerji Verimlili\u011fi:<\/strong> Punta kaynak makinelerimiz, enerji verimlili\u011fi g\u00f6z \u00f6n\u00fcnde bulundurularak tasarlanm\u0131\u015ft\u0131r. Geli\u015fmi\u015f enerji y\u00f6netim sistemleri, enerji t\u00fcketimini optimize eder ve i\u015fletmelerin karbon ayak izini azaltmalar\u0131na yard\u0131mc\u0131 olur. Bu da hem \u00e7evreye duyarl\u0131 bir \u00fcretim sa\u011flar hem de enerji maliyetlerini d\u00fc\u015f\u00fcr\u00fcr.<\/p>\t\t\t\t\t\t\t\t<\/div>\n\t\t\t\t<\/div>\n\t\t\t\t<div class=\"elementor-element elementor-element-fe30e8f elementor-widget__width-inherit color-scheme-inherit text-left elementor-widget elementor-widget-text-editor\" data-id=\"fe30e8f\" data-element_type=\"widget\" data-widget_type=\"text-editor.default\">\n\t\t\t\t<div class=\"elementor-widget-container\">\n\t\t\t\t\t\t\t\t\t<p><strong>Kullan\u0131c\u0131 Dostu Tasar\u0131m:<\/strong> Makinelerimizin kullan\u0131c\u0131 dostu aray\u00fczleri bulunmaktad\u0131r.<\/p>\t\t\t\t\t\t\t\t<\/div>\n\t\t\t\t<\/div>\n\t\t\t\t<div class=\"elementor-element elementor-element-d4fdb25 elementor-widget__width-inherit color-scheme-inherit text-left elementor-widget elementor-widget-text-editor\" data-id=\"d4fdb25\" data-element_type=\"widget\" data-widget_type=\"text-editor.default\">\n\t\t\t\t<div class=\"elementor-widget-container\">\n\t\t\t\t\t\t\t\t\t<p>Sa\u011flamlar Makine olarak, m\u00fc\u015fterilerimizin ba\u015far\u0131s\u0131n\u0131 kendi ba\u015far\u0131m\u0131z olarak g\u00f6r\u00fcyoruz. \u00dcr\u00fcn kategorilerimiz hakk\u0131nda daha fazla bilgi almak ve ihtiya\u00e7lar\u0131n\u0131za en uygun \u00e7\u00f6z\u00fcmleri bulmak i\u00e7in bizimle ileti\u015fime ge\u00e7in. \u00c7\u00fcnk\u00fc biz, birlikte \u00fcretmenin g\u00fcc\u00fcne inan\u0131yoruz!<\/p>\t\t\t\t\t\t\t\t<\/div>\n\t\t\t\t<\/div>\n\t\t\t\t\t<\/div>\n\t\t\t\t<\/div>\n\t\t\t\t\t<\/div>\n\t\t\t\t<\/div>\n\t\t\t\t<\/div>\n\t\t","protected":false},"excerpt":{"rendered":"<p>Sa\u011flamlar Makine olarak, \u00dcstten Kollu Punta Kaynak Makinelerimiz ile kaynak i\u015flemlerinde esnek ve g\u00fc\u00e7l\u00fc \u00e7\u00f6z\u00fcmler sunmaktay\u0131z. \u00dcstten kollu punta kaynak<\/p>\n","protected":false},"author":1,"featured_media":0,"parent":16323,"menu_order":0,"comment_status":"closed","ping_status":"closed","template":"","meta":{"footnotes":""},"class_list":["post-16368","page","type-page","status-publish","hentry"],"_links":{"self":[{"href":"https:\/\/www.saglammakina.com\/en\/wp-json\/wp\/v2\/pages\/16368","targetHints":{"allow":["GET"]}}],"collection":[{"href":"https:\/\/www.saglammakina.com\/en\/wp-json\/wp\/v2\/pages"}],"about":[{"href":"https:\/\/www.saglammakina.com\/en\/wp-json\/wp\/v2\/types\/page"}],"author":[{"embeddable":true,"href":"https:\/\/www.saglammakina.com\/en\/wp-json\/wp\/v2\/users\/1"}],"replies":[{"embeddable":true,"href":"https:\/\/www.saglammakina.com\/en\/wp-json\/wp\/v2\/comments?post=16368"}],"version-history":[{"count":13,"href":"https:\/\/www.saglammakina.com\/en\/wp-json\/wp\/v2\/pages\/16368\/revisions"}],"predecessor-version":[{"id":18126,"href":"https:\/\/www.saglammakina.com\/en\/wp-json\/wp\/v2\/pages\/16368\/revisions\/18126"}],"up":[{"embeddable":true,"href":"https:\/\/www.saglammakina.com\/en\/wp-json\/wp\/v2\/pages\/16323"}],"wp:attachment":[{"href":"https:\/\/www.saglammakina.com\/en\/wp-json\/wp\/v2\/media?parent=16368"}],"curies":[{"name":"wp","href":"https:\/\/api.w.org\/{rel}","templated":true}]}}