{"id":16556,"date":"2024-08-29T02:32:04","date_gmt":"2024-08-28T23:32:04","guid":{"rendered":"https:\/\/www.saglammakina.com\/?page_id=16556"},"modified":"2025-02-13T11:32:05","modified_gmt":"2025-02-13T08:32:05","slug":"askili-punta-kaynak-makineleri","status":"publish","type":"page","link":"https:\/\/www.saglammakina.com\/en\/urunler\/punta-kaynak-makineleri\/askili-punta-kaynak-makineleri\/","title":{"rendered":"Ask\u0131l\u0131 Punta Kaynak Makineleri"},"content":{"rendered":"\t\t<div data-elementor-type=\"wp-page\" data-elementor-id=\"16556\" class=\"elementor elementor-16556\" data-elementor-post-type=\"page\">\n\t\t\t\t<div class=\"elementor-element elementor-element-b22a35e e-con-full wd-section-stretch e-flex e-con e-parent\" data-id=\"b22a35e\" data-element_type=\"container\" data-settings=\"{&quot;background_background&quot;:&quot;classic&quot;}\">\n\t\t\t\t<\/div>\n\t\t<div class=\"wd-negative-gap elementor-element elementor-element-eb4b909 e-flex e-con-boxed e-con e-parent\" data-id=\"eb4b909\" data-element_type=\"container\">\n\t\t\t\t\t<div class=\"e-con-inner\">\n\t\t<div class=\"elementor-element elementor-element-f290f5e e-con-full e-flex e-con e-child\" data-id=\"f290f5e\" data-element_type=\"container\" data-settings=\"{&quot;background_background&quot;:&quot;classic&quot;}\">\n\t\t\t\t<\/div>\n\t\t<div class=\"elementor-element elementor-element-bbebdb4 e-con-full elementor-hidden-mobile e-flex e-con e-child\" data-id=\"bbebdb4\" data-element_type=\"container\">\n\t\t\t\t<\/div>\n\t\t<div class=\"elementor-element elementor-element-4df7059 e-con-full elementor-hidden-mobile e-flex e-con e-child\" data-id=\"4df7059\" data-element_type=\"container\">\n\t\t\t\t<\/div>\n\t\t\t\t\t<\/div>\n\t\t\t\t<\/div>\n\t\t<div class=\"wd-negative-gap elementor-element elementor-element-5bdb5e4 e-flex e-con-boxed e-con e-parent\" data-id=\"5bdb5e4\" data-element_type=\"container\">\n\t\t\t\t\t<div class=\"e-con-inner\">\n\t\t<div class=\"wd-negative-gap elementor-element elementor-element-220ef9f e-flex e-con-boxed e-con e-child\" data-id=\"220ef9f\" data-element_type=\"container\">\n\t\t\t\t\t<div class=\"e-con-inner\">\n\t\t\t\t<div class=\"elementor-element elementor-element-bc9f06e elementor-widget__width-inherit color-scheme-inherit text-left elementor-widget elementor-widget-text-editor\" data-id=\"bc9f06e\" data-element_type=\"widget\" data-widget_type=\"text-editor.default\">\n\t\t\t\t<div class=\"elementor-widget-container\">\n\t\t\t\t\t\t\t\t\t<p><strong>Ask\u0131l\u0131 Punta Kaynak Makineleri<\/strong>, metal par\u00e7alar\u0131n kaynak i\u015flemlerinde esneklik ve y\u00fcksek performans sa\u011flayan \u00f6zel makineler olup, \u00f6zellikle alan k\u0131s\u0131tlamalar\u0131n\u0131n oldu\u011fu yerlerde veya belirli a\u00e7\u0131lardan kaynak yapman\u0131n zor oldu\u011fu durumlarda idealdir. Sa\u011flamlar Makine olarak, end\u00fcstriyel ihtiya\u00e7lar\u0131n\u0131za uygun y\u00fcksek kaliteli ask\u0131l\u0131 punta kaynak makineleri sunuyoruz.<\/p>\t\t\t\t\t\t\t\t<\/div>\n\t\t\t\t<\/div>\n\t\t\t\t\t<\/div>\n\t\t\t\t<\/div>\n\t\t\t\t\t<\/div>\n\t\t\t\t<\/div>\n\t\t<div class=\"wd-negative-gap elementor-element elementor-element-3877260 e-flex e-con-boxed e-con e-parent\" data-id=\"3877260\" data-element_type=\"container\" data-settings=\"{&quot;background_background&quot;:&quot;classic&quot;}\">\n\t\t\t\t\t<div class=\"e-con-inner\">\n\t\t<div class=\"elementor-element elementor-element-6145425 e-con-full e-flex e-con e-child\" data-id=\"6145425\" data-element_type=\"container\">\n\t\t<div class=\"elementor-element elementor-element-03328ed e-con-full e-flex e-con e-child\" data-id=\"03328ed\" data-element_type=\"container\" data-settings=\"{&quot;background_background&quot;:&quot;classic&quot;}\">\n\t\t\t\t<div class=\"elementor-element elementor-element-3a9c2f5 elementor-widget elementor-widget-image\" data-id=\"3a9c2f5\" data-element_type=\"widget\" data-widget_type=\"image.default\">\n\t\t\t\t<div class=\"elementor-widget-container\">\n\t\t\t\t\t\t\t\t\t\t\t\t\t\t\t\t<a href=\"https:\/\/www.saglammakina.com\/en\/urunler\/punta-kaynak-makineleri\/askili-punta-kaynak-makineleri\/pk120-askili-punta-kaynak-makinesi\/\">\n\t\t\t\t\t\t\t<img fetchpriority=\"high\" decoding=\"async\" width=\"500\" height=\"500\" src=\"https:\/\/www.saglammakina.com\/en\/wp-content\/uploads\/2024\/08\/PK120-1.png\" class=\"elementor-animation-float attachment-full size-full wp-image-16558\" alt=\"\" srcset=\"https:\/\/www.saglammakina.com\/en\/wp-content\/uploads\/2024\/08\/PK120-1.png 500w, https:\/\/www.saglammakina.com\/en\/wp-content\/uploads\/2024\/08\/PK120-1-300x300.png 300w, https:\/\/www.saglammakina.com\/en\/wp-content\/uploads\/2024\/08\/PK120-1-150x150.png 150w\" sizes=\"(max-width: 500px) 100vw, 500px\" \/>\t\t\t\t\t\t\t\t<\/a>\n\t\t\t\t\t\t\t\t\t\t\t\t\t\t\t<\/div>\n\t\t\t\t<\/div>\n\t\t\t\t<div class=\"elementor-element elementor-element-95bc483 elementor-icon-list--layout-traditional elementor-list-item-link-full_width elementor-widget elementor-widget-icon-list\" data-id=\"95bc483\" data-element_type=\"widget\" data-widget_type=\"icon-list.default\">\n\t\t\t\t<div class=\"elementor-widget-container\">\n\t\t\t\t\t\t\t<ul class=\"elementor-icon-list-items\">\n\t\t\t\t\t\t\t<li class=\"elementor-icon-list-item\">\n\t\t\t\t\t\t\t\t\t\t\t<a href=\"https:\/\/www.saglammakina.com\/en\/urunler\/punta-kaynak-makineleri\/askili-punta-kaynak-makineleri\/pk120-askili-punta-kaynak-makinesi\/\">\n\n\t\t\t\t\t\t\t\t\t\t\t<span class=\"elementor-icon-list-text\">PK120 - Ask\u0131l\u0131 Punta Kaynak Makinesi<\/span>\n\t\t\t\t\t\t\t\t\t\t\t<\/a>\n\t\t\t\t\t\t\t\t\t<\/li>\n\t\t\t\t\t\t<\/ul>\n\t\t\t\t\t\t<\/div>\n\t\t\t\t<\/div>\n\t\t\t\t<div class=\"elementor-element elementor-element-661555b elementor-align-left elementor-widget elementor-widget-button\" data-id=\"661555b\" data-element_type=\"widget\" data-widget_type=\"button.default\">\n\t\t\t\t<div class=\"elementor-widget-container\">\n\t\t\t\t\t\t\t\t\t<div class=\"elementor-button-wrapper\">\n\t\t\t\t\t<a class=\"elementor-button elementor-button-link elementor-size-sm\" href=\"https:\/\/www.saglammakina.com\/en\/urunler\/punta-kaynak-makineleri\/askili-punta-kaynak-makineleri\/pk120-askili-punta-kaynak-makinesi\/\">\n\t\t\t\t\t\t<span class=\"elementor-button-content-wrapper\">\n\t\t\t\t\t\t<span class=\"elementor-button-icon\">\n\t\t\t\t<svg aria-hidden=\"true\" class=\"e-font-icon-svg e-fas-long-arrow-alt-right\" viewBox=\"0 0 448 512\" xmlns=\"http:\/\/www.w3.org\/2000\/svg\"><path d=\"M313.941 216H12c-6.627 0-12 5.373-12 12v56c0 6.627 5.373 12 12 12h301.941v46.059c0 21.382 25.851 32.09 40.971 16.971l86.059-86.059c9.373-9.373 9.373-24.569 0-33.941l-86.059-86.059c-15.119-15.119-40.971-4.411-40.971 16.971V216z\"><\/path><\/svg>\t\t\t<\/span>\n\t\t\t\t\t\t\t\t\t<span class=\"elementor-button-text\">\u00dcr\u00fcn \u00f6zellikleri<\/span>\n\t\t\t\t\t<\/span>\n\t\t\t\t\t<\/a>\n\t\t\t\t<\/div>\n\t\t\t\t\t\t\t\t<\/div>\n\t\t\t\t<\/div>\n\t\t\t\t<\/div>\n\t\t\t\t<\/div>\n\t\t<div class=\"elementor-element elementor-element-4e05835 e-con-full e-flex e-con e-child\" data-id=\"4e05835\" data-element_type=\"container\">\n\t\t<div class=\"elementor-element elementor-element-038b87f e-con-full e-flex e-con e-child\" data-id=\"038b87f\" data-element_type=\"container\" data-settings=\"{&quot;background_background&quot;:&quot;classic&quot;}\">\n\t\t\t\t<div class=\"elementor-element elementor-element-0644df1 elementor-widget elementor-widget-image\" data-id=\"0644df1\" data-element_type=\"widget\" data-widget_type=\"image.default\">\n\t\t\t\t<div class=\"elementor-widget-container\">\n\t\t\t\t\t\t\t\t\t\t\t\t\t\t\t\t<a href=\"https:\/\/www.saglammakina.com\/en\/urunler\/punta-kaynak-makineleri\/askili-punta-kaynak-makineleri\/ps060-seyyar-punta-kaynak-makinesi\/\">\n\t\t\t\t\t\t\t<img decoding=\"async\" width=\"500\" height=\"500\" src=\"https:\/\/www.saglammakina.com\/en\/wp-content\/uploads\/2024\/08\/PS060.png\" class=\"elementor-animation-float attachment-full size-full wp-image-16559\" alt=\"\" srcset=\"https:\/\/www.saglammakina.com\/en\/wp-content\/uploads\/2024\/08\/PS060.png 500w, https:\/\/www.saglammakina.com\/en\/wp-content\/uploads\/2024\/08\/PS060-300x300.png 300w, https:\/\/www.saglammakina.com\/en\/wp-content\/uploads\/2024\/08\/PS060-150x150.png 150w\" sizes=\"(max-width: 500px) 100vw, 500px\" \/>\t\t\t\t\t\t\t\t<\/a>\n\t\t\t\t\t\t\t\t\t\t\t\t\t\t\t<\/div>\n\t\t\t\t<\/div>\n\t\t\t\t<div class=\"elementor-element elementor-element-a3a1359 elementor-icon-list--layout-traditional elementor-list-item-link-full_width elementor-widget elementor-widget-icon-list\" data-id=\"a3a1359\" data-element_type=\"widget\" data-widget_type=\"icon-list.default\">\n\t\t\t\t<div class=\"elementor-widget-container\">\n\t\t\t\t\t\t\t<ul class=\"elementor-icon-list-items\">\n\t\t\t\t\t\t\t<li class=\"elementor-icon-list-item\">\n\t\t\t\t\t\t\t\t\t\t\t<a href=\"https:\/\/www.saglammakina.com\/en\/urunler\/punta-kaynak-makineleri\/askili-punta-kaynak-makineleri\/ps060-seyyar-punta-kaynak-makinesi\/\">\n\n\t\t\t\t\t\t\t\t\t\t\t<span class=\"elementor-icon-list-text\">PS060 - Seyyar Punta Kaynak Makinesi<\/span>\n\t\t\t\t\t\t\t\t\t\t\t<\/a>\n\t\t\t\t\t\t\t\t\t<\/li>\n\t\t\t\t\t\t<\/ul>\n\t\t\t\t\t\t<\/div>\n\t\t\t\t<\/div>\n\t\t\t\t<div class=\"elementor-element elementor-element-c0d7d0b elementor-align-left elementor-widget elementor-widget-button\" data-id=\"c0d7d0b\" data-element_type=\"widget\" data-widget_type=\"button.default\">\n\t\t\t\t<div class=\"elementor-widget-container\">\n\t\t\t\t\t\t\t\t\t<div class=\"elementor-button-wrapper\">\n\t\t\t\t\t<a class=\"elementor-button elementor-button-link elementor-size-sm\" href=\"https:\/\/www.saglammakina.com\/en\/urunler\/punta-kaynak-makineleri\/askili-punta-kaynak-makineleri\/ps060-seyyar-punta-kaynak-makinesi\/\">\n\t\t\t\t\t\t<span class=\"elementor-button-content-wrapper\">\n\t\t\t\t\t\t<span class=\"elementor-button-icon\">\n\t\t\t\t<svg aria-hidden=\"true\" class=\"e-font-icon-svg e-fas-long-arrow-alt-right\" viewBox=\"0 0 448 512\" xmlns=\"http:\/\/www.w3.org\/2000\/svg\"><path d=\"M313.941 216H12c-6.627 0-12 5.373-12 12v56c0 6.627 5.373 12 12 12h301.941v46.059c0 21.382 25.851 32.09 40.971 16.971l86.059-86.059c9.373-9.373 9.373-24.569 0-33.941l-86.059-86.059c-15.119-15.119-40.971-4.411-40.971 16.971V216z\"><\/path><\/svg>\t\t\t<\/span>\n\t\t\t\t\t\t\t\t\t<span class=\"elementor-button-text\">\u00dcr\u00fcn \u00f6zellikleri<\/span>\n\t\t\t\t\t<\/span>\n\t\t\t\t\t<\/a>\n\t\t\t\t<\/div>\n\t\t\t\t\t\t\t\t<\/div>\n\t\t\t\t<\/div>\n\t\t\t\t<\/div>\n\t\t\t\t<\/div>\n\t\t<div class=\"elementor-element elementor-element-cb1b05e e-con-full e-flex e-con e-child\" data-id=\"cb1b05e\" data-element_type=\"container\">\n\t\t<div class=\"elementor-element elementor-element-1f9ccfe e-con-full e-flex e-con e-child\" data-id=\"1f9ccfe\" data-element_type=\"container\">\n\t\t<div class=\"elementor-element elementor-element-f425cb0 e-con-full e-flex e-con e-child\" data-id=\"f425cb0\" data-element_type=\"container\" data-settings=\"{&quot;background_background&quot;:&quot;classic&quot;}\">\n\t\t\t\t<div class=\"elementor-element elementor-element-5e407f0 elementor-widget elementor-widget-image\" data-id=\"5e407f0\" data-element_type=\"widget\" data-widget_type=\"image.default\">\n\t\t\t\t<div class=\"elementor-widget-container\">\n\t\t\t\t\t\t\t\t\t\t\t\t\t\t\t\t<a href=\"https:\/\/www.saglammakina.com\/en\/urunler\/punta-kaynak-makineleri\/ayak-pedalli-punta-kaynak-makineleri\/pe002-el-punta-kaynak-makinesi\/\">\n\t\t\t\t\t\t\t<img decoding=\"async\" width=\"500\" height=\"500\" src=\"https:\/\/www.saglammakina.com\/en\/wp-content\/uploads\/2024\/08\/PE002.png\" class=\"elementor-animation-float attachment-full size-full wp-image-16510\" alt=\"\" srcset=\"https:\/\/www.saglammakina.com\/en\/wp-content\/uploads\/2024\/08\/PE002.png 500w, https:\/\/www.saglammakina.com\/en\/wp-content\/uploads\/2024\/08\/PE002-300x300.png 300w, https:\/\/www.saglammakina.com\/en\/wp-content\/uploads\/2024\/08\/PE002-150x150.png 150w\" sizes=\"(max-width: 500px) 100vw, 500px\" \/>\t\t\t\t\t\t\t\t<\/a>\n\t\t\t\t\t\t\t\t\t\t\t\t\t\t\t<\/div>\n\t\t\t\t<\/div>\n\t\t\t\t<div class=\"elementor-element elementor-element-0fd6ab4 elementor-icon-list--layout-traditional elementor-list-item-link-full_width elementor-widget elementor-widget-icon-list\" data-id=\"0fd6ab4\" data-element_type=\"widget\" data-widget_type=\"icon-list.default\">\n\t\t\t\t<div class=\"elementor-widget-container\">\n\t\t\t\t\t\t\t<ul class=\"elementor-icon-list-items\">\n\t\t\t\t\t\t\t<li class=\"elementor-icon-list-item\">\n\t\t\t\t\t\t\t\t\t\t\t<a href=\"https:\/\/www.saglammakina.com\/en\/urunler\/punta-kaynak-makineleri\/ayak-pedalli-punta-kaynak-makineleri\/pe002-el-punta-kaynak-makinesi\/\">\n\n\t\t\t\t\t\t\t\t\t\t\t<span class=\"elementor-icon-list-text\">PE002 - El Punta Kaynak Makinesi<\/span>\n\t\t\t\t\t\t\t\t\t\t\t<\/a>\n\t\t\t\t\t\t\t\t\t<\/li>\n\t\t\t\t\t\t<\/ul>\n\t\t\t\t\t\t<\/div>\n\t\t\t\t<\/div>\n\t\t\t\t<div class=\"elementor-element elementor-element-88039fb elementor-align-left elementor-widget elementor-widget-button\" data-id=\"88039fb\" data-element_type=\"widget\" data-widget_type=\"button.default\">\n\t\t\t\t<div class=\"elementor-widget-container\">\n\t\t\t\t\t\t\t\t\t<div class=\"elementor-button-wrapper\">\n\t\t\t\t\t<a class=\"elementor-button elementor-button-link elementor-size-sm\" href=\"https:\/\/www.saglammakina.com\/en\/urunler\/punta-kaynak-makineleri\/ayak-pedalli-punta-kaynak-makineleri\/pe002-el-punta-kaynak-makinesi\/\">\n\t\t\t\t\t\t<span class=\"elementor-button-content-wrapper\">\n\t\t\t\t\t\t<span class=\"elementor-button-icon\">\n\t\t\t\t<svg aria-hidden=\"true\" class=\"e-font-icon-svg e-fas-long-arrow-alt-right\" viewBox=\"0 0 448 512\" xmlns=\"http:\/\/www.w3.org\/2000\/svg\"><path d=\"M313.941 216H12c-6.627 0-12 5.373-12 12v56c0 6.627 5.373 12 12 12h301.941v46.059c0 21.382 25.851 32.09 40.971 16.971l86.059-86.059c9.373-9.373 9.373-24.569 0-33.941l-86.059-86.059c-15.119-15.119-40.971-4.411-40.971 16.971V216z\"><\/path><\/svg>\t\t\t<\/span>\n\t\t\t\t\t\t\t\t\t<span class=\"elementor-button-text\">\u00dcr\u00fcn \u00f6zellikleri<\/span>\n\t\t\t\t\t<\/span>\n\t\t\t\t\t<\/a>\n\t\t\t\t<\/div>\n\t\t\t\t\t\t\t\t<\/div>\n\t\t\t\t<\/div>\n\t\t\t\t<\/div>\n\t\t\t\t<\/div>\n\t\t\t\t<\/div>\n\t\t\t\t\t<\/div>\n\t\t\t\t<\/div>\n\t\t<div class=\"wd-negative-gap elementor-element elementor-element-8b8aab4 e-flex e-con-boxed e-con e-parent\" data-id=\"8b8aab4\" data-element_type=\"container\">\n\t\t\t\t\t<div class=\"e-con-inner\">\n\t\t<div class=\"wd-negative-gap elementor-element elementor-element-618f1b9 e-flex e-con-boxed e-con e-child\" data-id=\"618f1b9\" data-element_type=\"container\">\n\t\t\t\t\t<div class=\"e-con-inner\">\n\t\t\t\t<div class=\"elementor-element elementor-element-61d5257 elementor-widget-divider--view-line elementor-widget elementor-widget-divider\" data-id=\"61d5257\" data-element_type=\"widget\" data-widget_type=\"divider.default\">\n\t\t\t\t<div class=\"elementor-widget-container\">\n\t\t\t\t\t\t\t<div class=\"elementor-divider\">\n\t\t\t<span class=\"elementor-divider-separator\">\n\t\t\t\t\t\t<\/span>\n\t\t<\/div>\n\t\t\t\t\t\t<\/div>\n\t\t\t\t<\/div>\n\t\t\t\t\t<\/div>\n\t\t\t\t<\/div>\n\t\t\t\t\t<\/div>\n\t\t\t\t<\/div>\n\t\t<div class=\"wd-negative-gap elementor-element elementor-element-6195939 e-flex e-con-boxed e-con e-parent\" data-id=\"6195939\" data-element_type=\"container\">\n\t\t\t\t\t<div class=\"e-con-inner\">\n\t\t<div class=\"wd-negative-gap elementor-element elementor-element-21e37eb e-flex e-con-boxed e-con e-child\" data-id=\"21e37eb\" data-element_type=\"container\">\n\t\t\t\t\t<div class=\"e-con-inner\">\n\t\t\t\t<div class=\"elementor-element elementor-element-94f58ba elementor-widget__width-inherit color-scheme-inherit text-left elementor-widget elementor-widget-text-editor\" data-id=\"94f58ba\" data-element_type=\"widget\" data-widget_type=\"text-editor.default\">\n\t\t\t\t<div class=\"elementor-widget-container\">\n\t\t\t\t\t\t\t\t\t<p>Al\u0131n Punta Kaynak Makinelerimizin Avantajlar\u0131:<\/p>\t\t\t\t\t\t\t\t<\/div>\n\t\t\t\t<\/div>\n\t\t\t\t<div class=\"elementor-element elementor-element-72b1e98 elementor-widget__width-inherit color-scheme-inherit text-left elementor-widget elementor-widget-text-editor\" data-id=\"72b1e98\" data-element_type=\"widget\" data-widget_type=\"text-editor.default\">\n\t\t\t\t<div class=\"elementor-widget-container\">\n\t\t\t\t\t\t\t\t\t<ul><li><p><strong>Alan Tasarrufu ve Esneklik:<\/strong> Ask\u0131l\u0131 tasar\u0131m\u0131 sayesinde, bu makineler dar alanlarda veya s\u0131n\u0131rl\u0131 \u00e7al\u0131\u015fma alanlar\u0131nda rahatl\u0131kla kullan\u0131labilir. Esnek kurulum se\u00e7enekleri, \u00fcretim alan\u0131n\u0131 optimize eder ve yerden tasarruf sa\u011flar.<\/p><\/li><li><p><strong>Y\u00fcksek Kaynak Kalitesi:<\/strong> Ask\u0131l\u0131 punta kaynak makineleri, metal par\u00e7alar\u0131n g\u00fc\u00e7l\u00fc ve g\u00fcvenilir bir \u015fekilde kaynaklanmas\u0131n\u0131 sa\u011flar. Y\u00fcksek kaynak kalitesi, s\u0131zd\u0131rmazl\u0131k ve dayan\u0131kl\u0131l\u0131k gerektiren uygulamalarda m\u00fckemmel sonu\u00e7lar elde etmenizi sa\u011flar.<\/p><\/li><li><p><strong>Kolay Kullan\u0131m ve Ergonomik Tasar\u0131m:<\/strong> Kullan\u0131c\u0131 dostu kontrol panelleri ve ergonomik tasar\u0131m, makinelerin kolayca kullan\u0131lmas\u0131n\u0131 sa\u011flar. Bu, operat\u00f6rlerin verimli ve konforlu bir \u015fekilde \u00e7al\u0131\u015fmas\u0131n\u0131 destekler.<\/p><\/li><li><p><strong>Geli\u015fmi\u015f Kontrol \u00d6zellikleri:<\/strong> Makinelerimiz, kaynak parametrelerini hassas bir \u015fekilde ayarlaman\u0131za olanak tan\u0131yan geli\u015fmi\u015f kontrol sistemleri ile donat\u0131lm\u0131\u015ft\u0131r. Bu \u00f6zellik, \u00e7e\u015fitli metal t\u00fcrleri ve kal\u0131nl\u0131klar\u0131 \u00fczerinde y\u00fcksek kalitede kaynak yapman\u0131za imkan tan\u0131r.<\/p><\/li><li><p><strong>Dayan\u0131kl\u0131 ve Uzun \u00d6m\u00fcrl\u00fc:<\/strong> Sa\u011flam yap\u0131s\u0131 ve kaliteli malzemeleri sayesinde, ask\u0131l\u0131 punta kaynak makineleri end\u00fcstriyel ko\u015fullara dayanacak \u015fekilde tasarlanm\u0131\u015ft\u0131r. Bu da uzun \u00f6m\u00fcrl\u00fc kullan\u0131m ve d\u00fc\u015f\u00fck bak\u0131m gereksinimleri sa\u011flar.<\/p><\/li><li><p><strong>Enerji Verimlili\u011fi:<\/strong> D\u00fc\u015f\u00fck enerji t\u00fcketimi ile \u00e7al\u0131\u015fan makinelerimiz, enerji maliyetlerini azalt\u0131r ve \u00e7evresel etkileri minimuma indirir. Bu, s\u00fcrd\u00fcr\u00fclebilir bir \u00fcretim s\u00fcreci i\u00e7in \u00f6nemli bir avantaj sa\u011flar.<\/p><\/li><\/ul>\t\t\t\t\t\t\t\t<\/div>\n\t\t\t\t<\/div>\n\t\t\t\t\t<\/div>\n\t\t\t\t<\/div>\n\t\t\t\t\t<\/div>\n\t\t\t\t<\/div>\n\t\t<div class=\"wd-negative-gap elementor-element elementor-element-944fd7c e-flex e-con-boxed e-con e-parent\" data-id=\"944fd7c\" data-element_type=\"container\">\n\t\t\t\t\t<div class=\"e-con-inner\">\n\t\t<div class=\"wd-negative-gap elementor-element elementor-element-fc95a33 e-flex e-con-boxed e-con e-child\" data-id=\"fc95a33\" data-element_type=\"container\">\n\t\t\t\t\t<div class=\"e-con-inner\">\n\t\t\t\t<div class=\"elementor-element elementor-element-d5862f7 elementor-widget__width-inherit color-scheme-inherit text-left elementor-widget elementor-widget-text-editor\" data-id=\"d5862f7\" data-element_type=\"widget\" data-widget_type=\"text-editor.default\">\n\t\t\t\t<div class=\"elementor-widget-container\">\n\t\t\t\t\t\t\t\t\t<p>Neden Sa\u011flamlar Makine Al\u0131n Punta Kaynak Makineleri?<\/p>\t\t\t\t\t\t\t\t<\/div>\n\t\t\t\t<\/div>\n\t\t\t\t<div class=\"elementor-element elementor-element-c9e5efc elementor-widget__width-inherit color-scheme-inherit text-left elementor-widget elementor-widget-text-editor\" data-id=\"c9e5efc\" data-element_type=\"widget\" data-widget_type=\"text-editor.default\">\n\t\t\t\t<div class=\"elementor-widget-container\">\n\t\t\t\t\t\t\t\t\t<ul><li><strong>Alan Tasarrufu ve Esneklik:<\/strong> Dar alanlarda rahat kullan\u0131m ve yerden tasarruf sa\u011flar.<\/li><li><strong>Y\u00fcksek Kaynak Kalitesi:<\/strong> G\u00fc\u00e7l\u00fc ve dayan\u0131kl\u0131 kaynak ba\u011flant\u0131lar\u0131 sunar.<\/li><li><strong>Kolay Kullan\u0131m:<\/strong> Ergonomik tasar\u0131m ve kullan\u0131c\u0131 dostu kontrol panelleri ile konforlu \u00e7al\u0131\u015fma sa\u011flar.<\/li><li><strong>Geli\u015fmi\u015f Kontrol \u00d6zellikleri:<\/strong> Hassas kaynak parametre ayarlar\u0131 ile y\u00fcksek kalitede sonu\u00e7lar elde eder.<\/li><li><strong>Dayan\u0131kl\u0131 Yap\u0131:<\/strong> Uzun \u00f6m\u00fcrl\u00fc kullan\u0131m ve d\u00fc\u015f\u00fck bak\u0131m gereksinimleri sunar.<\/li><li><strong>Enerji Verimlili\u011fi:<\/strong> D\u00fc\u015f\u00fck enerji t\u00fcketimi ile maliyetleri d\u00fc\u015f\u00fcr\u00fcr ve \u00e7evre dostu \u00e7al\u0131\u015f\u0131r.<\/li><\/ul><p>Ask\u0131l\u0131 punta kaynak makinelerimiz hakk\u0131nda daha fazla bilgi almak ve i\u015fletmenizin ihtiya\u00e7lar\u0131na en uygun \u00e7\u00f6z\u00fcm\u00fc bulmak i\u00e7in bizimle ileti\u015fime ge\u00e7in. Sa\u011flamlar Makine olarak, end\u00fcstriyel s\u00fcre\u00e7lerinizde y\u00fcksek kalite, verimlilik ve g\u00fcvenlik sa\u011flaman\u0131z i\u00e7in yan\u0131n\u0131zday\u0131z!<\/p>\t\t\t\t\t\t\t\t<\/div>\n\t\t\t\t<\/div>\n\t\t\t\t\t<\/div>\n\t\t\t\t<\/div>\n\t\t\t\t\t<\/div>\n\t\t\t\t<\/div>\n\t\t\t\t<\/div>\n\t\t","protected":false},"excerpt":{"rendered":"<p>Ask\u0131l\u0131 Punta Kaynak Makineleri, metal par\u00e7alar\u0131n kaynak i\u015flemlerinde esneklik ve y\u00fcksek performans sa\u011flayan \u00f6zel makineler olup, \u00f6zellikle alan k\u0131s\u0131tlamalar\u0131n\u0131n oldu\u011fu<\/p>\n","protected":false},"author":1,"featured_media":0,"parent":16323,"menu_order":0,"comment_status":"closed","ping_status":"closed","template":"","meta":{"footnotes":""},"class_list":["post-16556","page","type-page","status-publish","hentry"],"_links":{"self":[{"href":"https:\/\/www.saglammakina.com\/en\/wp-json\/wp\/v2\/pages\/16556","targetHints":{"allow":["GET"]}}],"collection":[{"href":"https:\/\/www.saglammakina.com\/en\/wp-json\/wp\/v2\/pages"}],"about":[{"href":"https:\/\/www.saglammakina.com\/en\/wp-json\/wp\/v2\/types\/page"}],"author":[{"embeddable":true,"href":"https:\/\/www.saglammakina.com\/en\/wp-json\/wp\/v2\/users\/1"}],"replies":[{"embeddable":true,"href":"https:\/\/www.saglammakina.com\/en\/wp-json\/wp\/v2\/comments?post=16556"}],"version-history":[{"count":13,"href":"https:\/\/www.saglammakina.com\/en\/wp-json\/wp\/v2\/pages\/16556\/revisions"}],"predecessor-version":[{"id":17922,"href":"https:\/\/www.saglammakina.com\/en\/wp-json\/wp\/v2\/pages\/16556\/revisions\/17922"}],"up":[{"embeddable":true,"href":"https:\/\/www.saglammakina.com\/en\/wp-json\/wp\/v2\/pages\/16323"}],"wp:attachment":[{"href":"https:\/\/www.saglammakina.com\/en\/wp-json\/wp\/v2\/media?parent=16556"}],"curies":[{"name":"wp","href":"https:\/\/api.w.org\/{rel}","templated":true}]}}