{"id":16576,"date":"2024-08-29T02:37:09","date_gmt":"2024-08-28T23:37:09","guid":{"rendered":"https:\/\/www.saglammakina.com\/?page_id=16576"},"modified":"2024-09-02T16:09:43","modified_gmt":"2024-09-02T13:09:43","slug":"cok-noktali-punta-kaynak-makineleri","status":"publish","type":"page","link":"https:\/\/www.saglammakina.com\/en\/urunler\/punta-kaynak-makineleri\/cok-noktali-punta-kaynak-makineleri\/","title":{"rendered":"\u00c7ok Noktal\u0131 Punta Kaynak Makineleri"},"content":{"rendered":"\t\t<div data-elementor-type=\"wp-page\" data-elementor-id=\"16576\" class=\"elementor elementor-16576\" data-elementor-post-type=\"page\">\n\t\t\t\t<div class=\"elementor-element elementor-element-b22a35e e-con-full wd-section-stretch e-flex e-con e-parent\" data-id=\"b22a35e\" data-element_type=\"container\" data-settings=\"{&quot;background_background&quot;:&quot;classic&quot;}\">\n\t\t\t\t<\/div>\n\t\t<div class=\"wd-negative-gap elementor-element elementor-element-eb4b909 e-flex e-con-boxed e-con e-parent\" data-id=\"eb4b909\" data-element_type=\"container\">\n\t\t\t\t\t<div class=\"e-con-inner\">\n\t\t<div class=\"elementor-element elementor-element-f290f5e e-con-full e-flex e-con e-child\" data-id=\"f290f5e\" data-element_type=\"container\" data-settings=\"{&quot;background_background&quot;:&quot;classic&quot;}\">\n\t\t\t\t<\/div>\n\t\t<div class=\"elementor-element elementor-element-bbebdb4 e-con-full elementor-hidden-mobile e-flex e-con e-child\" data-id=\"bbebdb4\" data-element_type=\"container\">\n\t\t\t\t<\/div>\n\t\t<div class=\"elementor-element elementor-element-4df7059 e-con-full elementor-hidden-mobile e-flex e-con e-child\" data-id=\"4df7059\" data-element_type=\"container\">\n\t\t\t\t<\/div>\n\t\t\t\t\t<\/div>\n\t\t\t\t<\/div>\n\t\t<div class=\"wd-negative-gap elementor-element elementor-element-5bdb5e4 e-flex e-con-boxed e-con e-parent\" data-id=\"5bdb5e4\" data-element_type=\"container\">\n\t\t\t\t\t<div class=\"e-con-inner\">\n\t\t<div class=\"wd-negative-gap elementor-element elementor-element-220ef9f e-flex e-con-boxed e-con e-child\" data-id=\"220ef9f\" data-element_type=\"container\">\n\t\t\t\t\t<div class=\"e-con-inner\">\n\t\t\t\t<div class=\"elementor-element elementor-element-bc9f06e elementor-widget__width-inherit color-scheme-inherit text-left elementor-widget elementor-widget-text-editor\" data-id=\"bc9f06e\" data-element_type=\"widget\" data-widget_type=\"text-editor.default\">\n\t\t\t\t<div class=\"elementor-widget-container\">\n\t\t\t\t\t\t\t\t\t<p><strong>\u00c7ok Noktal\u0131 Punta Kaynak Makineleri<\/strong>, metal par\u00e7alar\u0131n birden fazla noktada ayn\u0131 anda kaynak yap\u0131lmas\u0131n\u0131 sa\u011flayarak y\u00fcksek verimlilik ve \u00fcretkenlik sunan geli\u015fmi\u015f kaynak makineleridir. Sa\u011flamlar Makine olarak, end\u00fcstriyel ihtiya\u00e7lar\u0131n\u0131za uygun, y\u00fcksek performansl\u0131 \u00e7ok noktal\u0131 punta kaynak makineleri sunarak \u00fcretim s\u00fcre\u00e7lerinizi optimize ediyoruz.<\/p>\t\t\t\t\t\t\t\t<\/div>\n\t\t\t\t<\/div>\n\t\t\t\t\t<\/div>\n\t\t\t\t<\/div>\n\t\t\t\t\t<\/div>\n\t\t\t\t<\/div>\n\t\t<div class=\"wd-negative-gap elementor-element elementor-element-3877260 e-flex e-con-boxed e-con e-parent\" data-id=\"3877260\" data-element_type=\"container\" data-settings=\"{&quot;background_background&quot;:&quot;classic&quot;}\">\n\t\t\t\t\t<div class=\"e-con-inner\">\n\t\t<div class=\"elementor-element elementor-element-6145425 e-con-full e-flex e-con e-child\" data-id=\"6145425\" data-element_type=\"container\">\n\t\t<div class=\"elementor-element elementor-element-03328ed e-con-full e-flex e-con e-child\" data-id=\"03328ed\" data-element_type=\"container\" data-settings=\"{&quot;background_background&quot;:&quot;classic&quot;}\">\n\t\t\t\t<div class=\"elementor-element elementor-element-3a9c2f5 elementor-widget elementor-widget-image\" data-id=\"3a9c2f5\" data-element_type=\"widget\" data-widget_type=\"image.default\">\n\t\t\t\t<div class=\"elementor-widget-container\">\n\t\t\t\t\t\t\t\t\t\t\t\t\t\t\t\t<a href=\"https:\/\/www.saglammakina.com\/en\/urunler\/punta-kaynak-makineleri\/cok-noktali-punta-kaynak-makineleri\/dsm125-otomatik-asansor-kapisi-punta-kaynak-makinesi\/\">\n\t\t\t\t\t\t\t<img fetchpriority=\"high\" decoding=\"async\" width=\"500\" height=\"500\" src=\"https:\/\/www.saglammakina.com\/en\/wp-content\/uploads\/2024\/08\/DSM125-1.png\" class=\"elementor-animation-float attachment-full size-full wp-image-16578\" alt=\"\" srcset=\"https:\/\/www.saglammakina.com\/en\/wp-content\/uploads\/2024\/08\/DSM125-1.png 500w, https:\/\/www.saglammakina.com\/en\/wp-content\/uploads\/2024\/08\/DSM125-1-300x300.png 300w, https:\/\/www.saglammakina.com\/en\/wp-content\/uploads\/2024\/08\/DSM125-1-150x150.png 150w\" sizes=\"(max-width: 500px) 100vw, 500px\" \/>\t\t\t\t\t\t\t\t<\/a>\n\t\t\t\t\t\t\t\t\t\t\t\t\t\t\t<\/div>\n\t\t\t\t<\/div>\n\t\t\t\t<div class=\"elementor-element elementor-element-95bc483 elementor-icon-list--layout-traditional elementor-list-item-link-full_width elementor-widget elementor-widget-icon-list\" data-id=\"95bc483\" data-element_type=\"widget\" data-widget_type=\"icon-list.default\">\n\t\t\t\t<div class=\"elementor-widget-container\">\n\t\t\t\t\t\t\t<ul class=\"elementor-icon-list-items\">\n\t\t\t\t\t\t\t<li class=\"elementor-icon-list-item\">\n\t\t\t\t\t\t\t\t\t\t\t<a href=\"https:\/\/www.saglammakina.com\/en\/urunler\/punta-kaynak-makineleri\/cok-noktali-punta-kaynak-makineleri\/dsm125-otomatik-asansor-kapisi-punta-kaynak-makinesi\/\">\n\n\t\t\t\t\t\t\t\t\t\t\t<span class=\"elementor-icon-list-text\">DSM125 - Otomatik Asans\u00f6r Kap\u0131s\u0131 Punta Kaynak Makinesi<\/span>\n\t\t\t\t\t\t\t\t\t\t\t<\/a>\n\t\t\t\t\t\t\t\t\t<\/li>\n\t\t\t\t\t\t<\/ul>\n\t\t\t\t\t\t<\/div>\n\t\t\t\t<\/div>\n\t\t\t\t<div class=\"elementor-element elementor-element-661555b elementor-align-left elementor-widget elementor-widget-button\" data-id=\"661555b\" data-element_type=\"widget\" data-widget_type=\"button.default\">\n\t\t\t\t<div class=\"elementor-widget-container\">\n\t\t\t\t\t\t\t\t\t<div class=\"elementor-button-wrapper\">\n\t\t\t\t\t<a class=\"elementor-button elementor-button-link elementor-size-sm\" href=\"https:\/\/www.saglammakina.com\/en\/urunler\/punta-kaynak-makineleri\/cok-noktali-punta-kaynak-makineleri\/dsm125-otomatik-asansor-kapisi-punta-kaynak-makinesi\/\">\n\t\t\t\t\t\t<span class=\"elementor-button-content-wrapper\">\n\t\t\t\t\t\t<span class=\"elementor-button-icon\">\n\t\t\t\t<svg aria-hidden=\"true\" class=\"e-font-icon-svg e-fas-long-arrow-alt-right\" viewBox=\"0 0 448 512\" xmlns=\"http:\/\/www.w3.org\/2000\/svg\"><path d=\"M313.941 216H12c-6.627 0-12 5.373-12 12v56c0 6.627 5.373 12 12 12h301.941v46.059c0 21.382 25.851 32.09 40.971 16.971l86.059-86.059c9.373-9.373 9.373-24.569 0-33.941l-86.059-86.059c-15.119-15.119-40.971-4.411-40.971 16.971V216z\"><\/path><\/svg>\t\t\t<\/span>\n\t\t\t\t\t\t\t\t\t<span class=\"elementor-button-text\">\u00dcr\u00fcn \u00f6zellikleri<\/span>\n\t\t\t\t\t<\/span>\n\t\t\t\t\t<\/a>\n\t\t\t\t<\/div>\n\t\t\t\t\t\t\t\t<\/div>\n\t\t\t\t<\/div>\n\t\t\t\t<\/div>\n\t\t\t\t<\/div>\n\t\t<div class=\"elementor-element elementor-element-4e05835 e-con-full e-flex e-con e-child\" data-id=\"4e05835\" data-element_type=\"container\">\n\t\t<div class=\"elementor-element elementor-element-038b87f e-con-full e-flex e-con e-child\" data-id=\"038b87f\" data-element_type=\"container\" data-settings=\"{&quot;background_background&quot;:&quot;classic&quot;}\">\n\t\t\t\t<div class=\"elementor-element elementor-element-0644df1 elementor-widget elementor-widget-image\" data-id=\"0644df1\" data-element_type=\"widget\" data-widget_type=\"image.default\">\n\t\t\t\t<div class=\"elementor-widget-container\">\n\t\t\t\t\t\t\t\t\t\t\t\t\t\t\t\t<a href=\"https:\/\/www.saglammakina.com\/en\/urunler\/punta-kaynak-makineleri\/cok-noktali-punta-kaynak-makineleri\/dsm201-cok-noktali-punta-kaynak-makinesi\/\">\n\t\t\t\t\t\t\t<img decoding=\"async\" width=\"500\" height=\"500\" src=\"https:\/\/www.saglammakina.com\/en\/wp-content\/uploads\/2024\/08\/DSM201.png\" class=\"elementor-animation-float attachment-full size-full wp-image-16579\" alt=\"\" srcset=\"https:\/\/www.saglammakina.com\/en\/wp-content\/uploads\/2024\/08\/DSM201.png 500w, https:\/\/www.saglammakina.com\/en\/wp-content\/uploads\/2024\/08\/DSM201-300x300.png 300w, https:\/\/www.saglammakina.com\/en\/wp-content\/uploads\/2024\/08\/DSM201-150x150.png 150w\" sizes=\"(max-width: 500px) 100vw, 500px\" \/>\t\t\t\t\t\t\t\t<\/a>\n\t\t\t\t\t\t\t\t\t\t\t\t\t\t\t<\/div>\n\t\t\t\t<\/div>\n\t\t\t\t<div class=\"elementor-element elementor-element-a3a1359 elementor-icon-list--layout-traditional elementor-list-item-link-full_width elementor-widget elementor-widget-icon-list\" data-id=\"a3a1359\" data-element_type=\"widget\" data-widget_type=\"icon-list.default\">\n\t\t\t\t<div class=\"elementor-widget-container\">\n\t\t\t\t\t\t\t<ul class=\"elementor-icon-list-items\">\n\t\t\t\t\t\t\t<li class=\"elementor-icon-list-item\">\n\t\t\t\t\t\t\t\t\t\t\t<a href=\"https:\/\/www.saglammakina.com\/en\/urunler\/punta-kaynak-makineleri\/cok-noktali-punta-kaynak-makineleri\/dsm201-cok-noktali-punta-kaynak-makinesi\/\">\n\n\t\t\t\t\t\t\t\t\t\t\t<span class=\"elementor-icon-list-text\">DSM201 - \u00c7ok Noktal\u0131 Punta Kaynak Makinesi<\/span>\n\t\t\t\t\t\t\t\t\t\t\t<\/a>\n\t\t\t\t\t\t\t\t\t<\/li>\n\t\t\t\t\t\t<\/ul>\n\t\t\t\t\t\t<\/div>\n\t\t\t\t<\/div>\n\t\t\t\t<div class=\"elementor-element elementor-element-c0d7d0b elementor-align-left elementor-widget elementor-widget-button\" data-id=\"c0d7d0b\" data-element_type=\"widget\" data-widget_type=\"button.default\">\n\t\t\t\t<div class=\"elementor-widget-container\">\n\t\t\t\t\t\t\t\t\t<div class=\"elementor-button-wrapper\">\n\t\t\t\t\t<a class=\"elementor-button elementor-button-link elementor-size-sm\" href=\"https:\/\/www.saglammakina.com\/en\/urunler\/punta-kaynak-makineleri\/cok-noktali-punta-kaynak-makineleri\/dsm201-cok-noktali-punta-kaynak-makinesi\/\">\n\t\t\t\t\t\t<span class=\"elementor-button-content-wrapper\">\n\t\t\t\t\t\t<span class=\"elementor-button-icon\">\n\t\t\t\t<svg aria-hidden=\"true\" class=\"e-font-icon-svg e-fas-long-arrow-alt-right\" viewBox=\"0 0 448 512\" xmlns=\"http:\/\/www.w3.org\/2000\/svg\"><path d=\"M313.941 216H12c-6.627 0-12 5.373-12 12v56c0 6.627 5.373 12 12 12h301.941v46.059c0 21.382 25.851 32.09 40.971 16.971l86.059-86.059c9.373-9.373 9.373-24.569 0-33.941l-86.059-86.059c-15.119-15.119-40.971-4.411-40.971 16.971V216z\"><\/path><\/svg>\t\t\t<\/span>\n\t\t\t\t\t\t\t\t\t<span class=\"elementor-button-text\">\u00dcr\u00fcn \u00f6zellikleri<\/span>\n\t\t\t\t\t<\/span>\n\t\t\t\t\t<\/a>\n\t\t\t\t<\/div>\n\t\t\t\t\t\t\t\t<\/div>\n\t\t\t\t<\/div>\n\t\t\t\t<\/div>\n\t\t\t\t<\/div>\n\t\t<div class=\"elementor-element elementor-element-cb1b05e e-con-full e-flex e-con e-child\" data-id=\"cb1b05e\" data-element_type=\"container\">\n\t\t<div class=\"elementor-element elementor-element-1f9ccfe e-con-full e-flex e-con e-child\" data-id=\"1f9ccfe\" data-element_type=\"container\">\n\t\t\t\t<\/div>\n\t\t\t\t<\/div>\n\t\t\t\t\t<\/div>\n\t\t\t\t<\/div>\n\t\t<div class=\"wd-negative-gap elementor-element elementor-element-8b8aab4 e-flex e-con-boxed e-con e-parent\" data-id=\"8b8aab4\" data-element_type=\"container\">\n\t\t\t\t\t<div class=\"e-con-inner\">\n\t\t<div class=\"wd-negative-gap elementor-element elementor-element-618f1b9 e-flex e-con-boxed e-con e-child\" data-id=\"618f1b9\" data-element_type=\"container\">\n\t\t\t\t\t<div class=\"e-con-inner\">\n\t\t\t\t<div class=\"elementor-element elementor-element-61d5257 elementor-widget-divider--view-line elementor-widget elementor-widget-divider\" data-id=\"61d5257\" data-element_type=\"widget\" data-widget_type=\"divider.default\">\n\t\t\t\t<div class=\"elementor-widget-container\">\n\t\t\t\t\t\t\t<div class=\"elementor-divider\">\n\t\t\t<span class=\"elementor-divider-separator\">\n\t\t\t\t\t\t<\/span>\n\t\t<\/div>\n\t\t\t\t\t\t<\/div>\n\t\t\t\t<\/div>\n\t\t\t\t\t<\/div>\n\t\t\t\t<\/div>\n\t\t\t\t\t<\/div>\n\t\t\t\t<\/div>\n\t\t<div class=\"wd-negative-gap elementor-element elementor-element-6195939 e-flex e-con-boxed e-con e-parent\" data-id=\"6195939\" data-element_type=\"container\">\n\t\t\t\t\t<div class=\"e-con-inner\">\n\t\t<div class=\"wd-negative-gap elementor-element elementor-element-21e37eb e-flex e-con-boxed e-con e-child\" data-id=\"21e37eb\" data-element_type=\"container\">\n\t\t\t\t\t<div class=\"e-con-inner\">\n\t\t\t\t<div class=\"elementor-element elementor-element-94f58ba elementor-widget__width-inherit color-scheme-inherit text-left elementor-widget elementor-widget-text-editor\" data-id=\"94f58ba\" data-element_type=\"widget\" data-widget_type=\"text-editor.default\">\n\t\t\t\t<div class=\"elementor-widget-container\">\n\t\t\t\t\t\t\t\t\t<p>Kaynak Makinelerimizin Avantajlar\u0131:<\/p>\t\t\t\t\t\t\t\t<\/div>\n\t\t\t\t<\/div>\n\t\t\t\t<div class=\"elementor-element elementor-element-72b1e98 elementor-widget__width-inherit color-scheme-inherit text-left elementor-widget elementor-widget-text-editor\" data-id=\"72b1e98\" data-element_type=\"widget\" data-widget_type=\"text-editor.default\">\n\t\t\t\t<div class=\"elementor-widget-container\">\n\t\t\t\t\t\t\t\t\t<ul><li><p><strong>Y\u00fcksek Verimlilik:<\/strong> Birden fazla noktada ayn\u0131 anda kaynak yapabilme \u00f6zelli\u011fi sayesinde, \u00e7ok noktal\u0131 punta kaynak makineleri \u00fcretim s\u00fcre\u00e7lerinizi h\u0131zland\u0131r\u0131r. Bu, \u00f6zellikle y\u00fcksek hacimli \u00fcretimlerde zaman ve i\u015f g\u00fcc\u00fc tasarrufu sa\u011flar.<\/p><\/li><li><p><strong>Geli\u015fmi\u015f Kaynak Kalitesi:<\/strong> Makinelerimiz, metal par\u00e7alar\u0131n birden fazla noktada e\u015fit ve sa\u011flam bir \u015fekilde kaynaklanmas\u0131n\u0131 sa\u011flar. Bu \u00f6zellik, kaynak kalitesini art\u0131r\u0131r ve \u00fcr\u00fcnlerin dayan\u0131kl\u0131l\u0131\u011f\u0131n\u0131 garanti eder.<\/p><\/li><li><p><strong>Esnek ve \u00c7ok Ama\u00e7l\u0131 Kullan\u0131m:<\/strong> \u00c7ok noktal\u0131 punta kaynak makineleri, \u00e7e\u015fitli metal t\u00fcrleri ve kal\u0131nl\u0131klar\u0131nda kaynak yapma yetene\u011fine sahiptir. Bu esneklik, farkl\u0131 \u00fcretim ihtiya\u00e7lar\u0131na uyum sa\u011flar ve \u00e7e\u015fitli uygulamalarda y\u00fcksek performans sunar.<\/p><\/li><li><p><strong>H\u0131zl\u0131 ve Hassas Kaynak \u0130\u015flemleri:<\/strong> Geli\u015fmi\u015f kontrol sistemleri, kaynak parametrelerini hassas bir \u015fekilde ayarlaman\u0131za olanak tan\u0131r. Bu, her t\u00fcr metal ve uygulama i\u00e7in en uygun kaynak ko\u015fullar\u0131n\u0131 sa\u011flamakla birlikte, h\u0131zl\u0131 ve hassas kaynak i\u015flemleri ger\u00e7ekle\u015ftirir.<\/p><\/li><li><p><strong>Dayan\u0131kl\u0131 ve Uzun \u00d6m\u00fcrl\u00fc Tasar\u0131m:<\/strong> Sa\u011flam yap\u0131s\u0131 ve kaliteli malzemeleri sayesinde, \u00e7ok noktal\u0131 punta kaynak makineleri end\u00fcstriyel ko\u015fullara dayanacak \u015fekilde tasarlanm\u0131\u015ft\u0131r. Bu, uzun \u00f6m\u00fcrl\u00fc kullan\u0131m ve d\u00fc\u015f\u00fck bak\u0131m gereksinimleri anlam\u0131na gelir.<\/p><\/li><li><p><strong>Enerji Verimlili\u011fi:<\/strong> D\u00fc\u015f\u00fck enerji t\u00fcketimi ile \u00e7al\u0131\u015fan makinelerimiz, enerji maliyetlerini azalt\u0131r ve \u00e7evresel etkileri minimuma indirir. Bu, s\u00fcrd\u00fcr\u00fclebilir bir \u00fcretim s\u00fcreci i\u00e7in \u00f6nemli bir avantaj sa\u011flar.<\/p><\/li><\/ul>\t\t\t\t\t\t\t\t<\/div>\n\t\t\t\t<\/div>\n\t\t\t\t\t<\/div>\n\t\t\t\t<\/div>\n\t\t\t\t\t<\/div>\n\t\t\t\t<\/div>\n\t\t<div class=\"wd-negative-gap elementor-element elementor-element-944fd7c e-flex e-con-boxed e-con e-parent\" data-id=\"944fd7c\" data-element_type=\"container\">\n\t\t\t\t\t<div class=\"e-con-inner\">\n\t\t<div class=\"wd-negative-gap elementor-element elementor-element-fc95a33 e-flex e-con-boxed e-con e-child\" data-id=\"fc95a33\" data-element_type=\"container\">\n\t\t\t\t\t<div class=\"e-con-inner\">\n\t\t\t\t<div class=\"elementor-element elementor-element-d5862f7 elementor-widget__width-inherit color-scheme-inherit text-left elementor-widget elementor-widget-text-editor\" data-id=\"d5862f7\" data-element_type=\"widget\" data-widget_type=\"text-editor.default\">\n\t\t\t\t<div class=\"elementor-widget-container\">\n\t\t\t\t\t\t\t\t\t<p>Neden Sa\u011flamlar Makine Punta Kaynak Makineleri?<\/p>\t\t\t\t\t\t\t\t<\/div>\n\t\t\t\t<\/div>\n\t\t\t\t<div class=\"elementor-element elementor-element-c9e5efc elementor-widget__width-inherit color-scheme-inherit text-left elementor-widget elementor-widget-text-editor\" data-id=\"c9e5efc\" data-element_type=\"widget\" data-widget_type=\"text-editor.default\">\n\t\t\t\t<div class=\"elementor-widget-container\">\n\t\t\t\t\t\t\t\t\t<ul><li><strong>Y\u00fcksek Verimlilik:<\/strong> Birden fazla noktada ayn\u0131 anda kaynak yaparak \u00fcretim s\u00fcre\u00e7lerinizi h\u0131zland\u0131r\u0131r.<\/li><li><strong>Geli\u015fmi\u015f Kaynak Kalitesi:<\/strong> E\u015fit ve sa\u011flam kaynak ba\u011flant\u0131lar\u0131 sa\u011flar.<\/li><li><strong>Esnek Kullan\u0131m:<\/strong> \u00c7e\u015fitli metal t\u00fcrleri ve kal\u0131nl\u0131klar\u0131 \u00fczerinde etkili kaynak yapma yetene\u011fi sunar.<\/li><li><strong>H\u0131zl\u0131 ve Hassas Kaynak:<\/strong> Hassas kontrol sistemleri ile y\u00fcksek kalitede kaynak i\u015flemleri ger\u00e7ekle\u015ftirir.<\/li><li><strong>Dayan\u0131kl\u0131 Yap\u0131:<\/strong> Uzun \u00f6m\u00fcrl\u00fc kullan\u0131m ve end\u00fcstriyel ko\u015fullara dayan\u0131kl\u0131 tasar\u0131m sunar.<\/li><li><strong>Enerji Verimlili\u011fi:<\/strong> D\u00fc\u015f\u00fck enerji t\u00fcketimi ile maliyetleri d\u00fc\u015f\u00fcr\u00fcr ve \u00e7evre dostu \u00e7al\u0131\u015f\u0131r.<\/li><\/ul><p>\u00c7ok noktal\u0131 punta kaynak makinelerimiz hakk\u0131nda daha fazla bilgi almak ve i\u015fletmenizin ihtiya\u00e7lar\u0131na en uygun \u00e7\u00f6z\u00fcm\u00fc bulmak i\u00e7in bizimle ileti\u015fime ge\u00e7in. Sa\u011flamlar Makine olarak, end\u00fcstriyel s\u00fcre\u00e7lerinizde y\u00fcksek kalite, verimlilik ve g\u00fcvenlik sa\u011flaman\u0131z i\u00e7in yan\u0131n\u0131zday\u0131z!<\/p>\t\t\t\t\t\t\t\t<\/div>\n\t\t\t\t<\/div>\n\t\t\t\t\t<\/div>\n\t\t\t\t<\/div>\n\t\t\t\t\t<\/div>\n\t\t\t\t<\/div>\n\t\t\t\t<\/div>\n\t\t","protected":false},"excerpt":{"rendered":"<p>\u00c7ok Noktal\u0131 Punta Kaynak Makineleri, metal par\u00e7alar\u0131n birden fazla noktada ayn\u0131 anda kaynak yap\u0131lmas\u0131n\u0131 sa\u011flayarak y\u00fcksek verimlilik ve \u00fcretkenlik sunan<\/p>\n","protected":false},"author":1,"featured_media":0,"parent":16323,"menu_order":0,"comment_status":"closed","ping_status":"closed","template":"","meta":{"footnotes":""},"class_list":["post-16576","page","type-page","status-publish","hentry"],"_links":{"self":[{"href":"https:\/\/www.saglammakina.com\/en\/wp-json\/wp\/v2\/pages\/16576","targetHints":{"allow":["GET"]}}],"collection":[{"href":"https:\/\/www.saglammakina.com\/en\/wp-json\/wp\/v2\/pages"}],"about":[{"href":"https:\/\/www.saglammakina.com\/en\/wp-json\/wp\/v2\/types\/page"}],"author":[{"embeddable":true,"href":"https:\/\/www.saglammakina.com\/en\/wp-json\/wp\/v2\/users\/1"}],"replies":[{"embeddable":true,"href":"https:\/\/www.saglammakina.com\/en\/wp-json\/wp\/v2\/comments?post=16576"}],"version-history":[{"count":10,"href":"https:\/\/www.saglammakina.com\/en\/wp-json\/wp\/v2\/pages\/16576\/revisions"}],"predecessor-version":[{"id":17614,"href":"https:\/\/www.saglammakina.com\/en\/wp-json\/wp\/v2\/pages\/16576\/revisions\/17614"}],"up":[{"embeddable":true,"href":"https:\/\/www.saglammakina.com\/en\/wp-json\/wp\/v2\/pages\/16323"}],"wp:attachment":[{"href":"https:\/\/www.saglammakina.com\/en\/wp-json\/wp\/v2\/media?parent=16576"}],"curies":[{"name":"wp","href":"https:\/\/api.w.org\/{rel}","templated":true}]}}