{"id":16594,"date":"2024-08-29T02:46:41","date_gmt":"2024-08-28T23:46:41","guid":{"rendered":"https:\/\/www.saglammakina.com\/?page_id=16594"},"modified":"2024-09-02T16:19:30","modified_gmt":"2024-09-02T13:19:30","slug":"cnc-punta-kaynak-makineleri","status":"publish","type":"page","link":"https:\/\/www.saglammakina.com\/en\/urunler\/tel-punta-kaynak-makineleri\/cnc-punta-kaynak-makineleri\/","title":{"rendered":"CNC Punta Kaynak Makineleri"},"content":{"rendered":"\t\t<div data-elementor-type=\"wp-page\" data-elementor-id=\"16594\" class=\"elementor elementor-16594\" data-elementor-post-type=\"page\">\n\t\t\t\t<div class=\"elementor-element elementor-element-b22a35e e-con-full wd-section-stretch e-flex e-con e-parent\" data-id=\"b22a35e\" data-element_type=\"container\" data-settings=\"{&quot;background_background&quot;:&quot;classic&quot;}\">\n\t\t\t\t<\/div>\n\t\t<div class=\"wd-negative-gap elementor-element elementor-element-eb4b909 e-flex e-con-boxed e-con e-parent\" data-id=\"eb4b909\" data-element_type=\"container\">\n\t\t\t\t\t<div class=\"e-con-inner\">\n\t\t<div class=\"elementor-element elementor-element-f290f5e e-con-full e-flex e-con e-child\" data-id=\"f290f5e\" data-element_type=\"container\" data-settings=\"{&quot;background_background&quot;:&quot;classic&quot;}\">\n\t\t\t\t<\/div>\n\t\t<div class=\"elementor-element elementor-element-bbebdb4 e-con-full elementor-hidden-mobile e-flex e-con e-child\" data-id=\"bbebdb4\" data-element_type=\"container\">\n\t\t\t\t<\/div>\n\t\t<div class=\"elementor-element elementor-element-4df7059 e-con-full elementor-hidden-mobile e-flex e-con e-child\" data-id=\"4df7059\" data-element_type=\"container\">\n\t\t\t\t<\/div>\n\t\t\t\t\t<\/div>\n\t\t\t\t<\/div>\n\t\t<div class=\"wd-negative-gap elementor-element elementor-element-5bdb5e4 e-flex e-con-boxed e-con e-parent\" data-id=\"5bdb5e4\" data-element_type=\"container\">\n\t\t\t\t\t<div class=\"e-con-inner\">\n\t\t<div class=\"wd-negative-gap elementor-element elementor-element-220ef9f e-flex e-con-boxed e-con e-child\" data-id=\"220ef9f\" data-element_type=\"container\">\n\t\t\t\t\t<div class=\"e-con-inner\">\n\t\t\t\t<div class=\"elementor-element elementor-element-bc9f06e elementor-widget__width-inherit color-scheme-inherit text-left elementor-widget elementor-widget-text-editor\" data-id=\"bc9f06e\" data-element_type=\"widget\" data-widget_type=\"text-editor.default\">\n\t\t\t\t<div class=\"elementor-widget-container\">\n\t\t\t\t\t\t\t\t\t<p><strong>CNC Punta Kaynak Makineleri<\/strong>, y\u00fcksek hassasiyet ve otomasyon sunan geli\u015fmi\u015f makineler olup, metal par\u00e7alar\u0131n kaynak i\u015flemlerinde m\u00fckemmel sonu\u00e7lar sa\u011flar. Bu makineler, otomasyon ve kontrol sistemlerini birle\u015ftirerek, \u00fcretim s\u00fcre\u00e7lerinizi optimize eder ve kalite standartlar\u0131n\u0131 art\u0131r\u0131r. Sa\u011flamlar Makine olarak, end\u00fcstriyel ihtiya\u00e7lar\u0131n\u0131za uygun en son teknolojiye sahip CNC punta kaynak makinelerini sunarak, y\u00fcksek verimlilik ve performans sa\u011fl\u0131yoruz.<\/p>\t\t\t\t\t\t\t\t<\/div>\n\t\t\t\t<\/div>\n\t\t\t\t\t<\/div>\n\t\t\t\t<\/div>\n\t\t\t\t\t<\/div>\n\t\t\t\t<\/div>\n\t\t<div class=\"wd-negative-gap elementor-element elementor-element-3877260 e-flex e-con-boxed e-con e-parent\" data-id=\"3877260\" data-element_type=\"container\" data-settings=\"{&quot;background_background&quot;:&quot;classic&quot;}\">\n\t\t\t\t\t<div class=\"e-con-inner\">\n\t\t<div class=\"elementor-element elementor-element-6145425 e-con-full e-flex e-con e-child\" data-id=\"6145425\" data-element_type=\"container\">\n\t\t<div class=\"elementor-element elementor-element-03328ed e-con-full e-flex e-con e-child\" data-id=\"03328ed\" data-element_type=\"container\" data-settings=\"{&quot;background_background&quot;:&quot;classic&quot;}\">\n\t\t\t\t<div class=\"elementor-element elementor-element-3a9c2f5 elementor-widget elementor-widget-image\" data-id=\"3a9c2f5\" data-element_type=\"widget\" data-widget_type=\"image.default\">\n\t\t\t\t<div class=\"elementor-widget-container\">\n\t\t\t\t\t\t\t\t\t\t\t\t\t\t\t\t<a href=\"https:\/\/www.saglammakina.com\/en\/urunler\/tel-punta-kaynak-makineleri\/cnc-punta-kaynak-makineleri\/tasw175-uc-eksen-punta-kaynak-makinesi\/\">\n\t\t\t\t\t\t\t<img fetchpriority=\"high\" decoding=\"async\" width=\"500\" height=\"500\" src=\"https:\/\/www.saglammakina.com\/en\/wp-content\/uploads\/2024\/08\/TASW175-1.png\" class=\"elementor-animation-float attachment-full size-full wp-image-16599\" alt=\"\" srcset=\"https:\/\/www.saglammakina.com\/en\/wp-content\/uploads\/2024\/08\/TASW175-1.png 500w, https:\/\/www.saglammakina.com\/en\/wp-content\/uploads\/2024\/08\/TASW175-1-300x300.png 300w, https:\/\/www.saglammakina.com\/en\/wp-content\/uploads\/2024\/08\/TASW175-1-150x150.png 150w\" sizes=\"(max-width: 500px) 100vw, 500px\" \/>\t\t\t\t\t\t\t\t<\/a>\n\t\t\t\t\t\t\t\t\t\t\t\t\t\t\t<\/div>\n\t\t\t\t<\/div>\n\t\t\t\t<div class=\"elementor-element elementor-element-95bc483 elementor-icon-list--layout-traditional elementor-list-item-link-full_width elementor-widget elementor-widget-icon-list\" data-id=\"95bc483\" data-element_type=\"widget\" data-widget_type=\"icon-list.default\">\n\t\t\t\t<div class=\"elementor-widget-container\">\n\t\t\t\t\t\t\t<ul class=\"elementor-icon-list-items\">\n\t\t\t\t\t\t\t<li class=\"elementor-icon-list-item\">\n\t\t\t\t\t\t\t\t\t\t\t<a href=\"https:\/\/www.saglammakina.com\/en\/urunler\/tel-punta-kaynak-makineleri\/cnc-punta-kaynak-makineleri\/tasw175-uc-eksen-punta-kaynak-makinesi\/\">\n\n\t\t\t\t\t\t\t\t\t\t\t<span class=\"elementor-icon-list-text\">TASW175 - \u00dc\u00e7 Eksen Punta Kaynak Makinesi<\/span>\n\t\t\t\t\t\t\t\t\t\t\t<\/a>\n\t\t\t\t\t\t\t\t\t<\/li>\n\t\t\t\t\t\t<\/ul>\n\t\t\t\t\t\t<\/div>\n\t\t\t\t<\/div>\n\t\t\t\t<div class=\"elementor-element elementor-element-661555b elementor-align-left elementor-widget elementor-widget-button\" data-id=\"661555b\" data-element_type=\"widget\" data-widget_type=\"button.default\">\n\t\t\t\t<div class=\"elementor-widget-container\">\n\t\t\t\t\t\t\t\t\t<div class=\"elementor-button-wrapper\">\n\t\t\t\t\t<a class=\"elementor-button elementor-button-link elementor-size-sm\" href=\"https:\/\/www.saglammakina.com\/en\/urunler\/tel-punta-kaynak-makineleri\/cnc-punta-kaynak-makineleri\/tasw175-uc-eksen-punta-kaynak-makinesi\/\">\n\t\t\t\t\t\t<span class=\"elementor-button-content-wrapper\">\n\t\t\t\t\t\t<span class=\"elementor-button-icon\">\n\t\t\t\t<svg aria-hidden=\"true\" class=\"e-font-icon-svg e-fas-long-arrow-alt-right\" viewBox=\"0 0 448 512\" xmlns=\"http:\/\/www.w3.org\/2000\/svg\"><path d=\"M313.941 216H12c-6.627 0-12 5.373-12 12v56c0 6.627 5.373 12 12 12h301.941v46.059c0 21.382 25.851 32.09 40.971 16.971l86.059-86.059c9.373-9.373 9.373-24.569 0-33.941l-86.059-86.059c-15.119-15.119-40.971-4.411-40.971 16.971V216z\"><\/path><\/svg>\t\t\t<\/span>\n\t\t\t\t\t\t\t\t\t<span class=\"elementor-button-text\">\u00dcr\u00fcn \u00f6zellikleri<\/span>\n\t\t\t\t\t<\/span>\n\t\t\t\t\t<\/a>\n\t\t\t\t<\/div>\n\t\t\t\t\t\t\t\t<\/div>\n\t\t\t\t<\/div>\n\t\t\t\t<\/div>\n\t\t\t\t<\/div>\n\t\t<div class=\"elementor-element elementor-element-4e05835 e-con-full e-flex e-con e-child\" data-id=\"4e05835\" data-element_type=\"container\">\n\t\t<div class=\"elementor-element elementor-element-038b87f e-con-full e-flex e-con e-child\" data-id=\"038b87f\" data-element_type=\"container\">\n\t\t\t\t<\/div>\n\t\t\t\t<\/div>\n\t\t<div class=\"elementor-element elementor-element-cb1b05e e-con-full e-flex e-con e-child\" data-id=\"cb1b05e\" data-element_type=\"container\">\n\t\t<div class=\"elementor-element elementor-element-1f9ccfe e-con-full e-flex e-con e-child\" data-id=\"1f9ccfe\" data-element_type=\"container\">\n\t\t\t\t<\/div>\n\t\t\t\t<\/div>\n\t\t\t\t\t<\/div>\n\t\t\t\t<\/div>\n\t\t<div class=\"wd-negative-gap elementor-element elementor-element-8b8aab4 e-flex e-con-boxed e-con e-parent\" data-id=\"8b8aab4\" data-element_type=\"container\">\n\t\t\t\t\t<div class=\"e-con-inner\">\n\t\t<div class=\"wd-negative-gap elementor-element elementor-element-618f1b9 e-flex e-con-boxed e-con e-child\" data-id=\"618f1b9\" data-element_type=\"container\">\n\t\t\t\t\t<div class=\"e-con-inner\">\n\t\t\t\t<div class=\"elementor-element elementor-element-61d5257 elementor-widget-divider--view-line elementor-widget elementor-widget-divider\" data-id=\"61d5257\" data-element_type=\"widget\" data-widget_type=\"divider.default\">\n\t\t\t\t<div class=\"elementor-widget-container\">\n\t\t\t\t\t\t\t<div class=\"elementor-divider\">\n\t\t\t<span class=\"elementor-divider-separator\">\n\t\t\t\t\t\t<\/span>\n\t\t<\/div>\n\t\t\t\t\t\t<\/div>\n\t\t\t\t<\/div>\n\t\t\t\t\t<\/div>\n\t\t\t\t<\/div>\n\t\t\t\t\t<\/div>\n\t\t\t\t<\/div>\n\t\t<div class=\"wd-negative-gap elementor-element elementor-element-6195939 e-flex e-con-boxed e-con e-parent\" data-id=\"6195939\" data-element_type=\"container\">\n\t\t\t\t\t<div class=\"e-con-inner\">\n\t\t<div class=\"wd-negative-gap elementor-element elementor-element-21e37eb e-flex e-con-boxed e-con e-child\" data-id=\"21e37eb\" data-element_type=\"container\">\n\t\t\t\t\t<div class=\"e-con-inner\">\n\t\t\t\t<div class=\"elementor-element elementor-element-94f58ba elementor-widget__width-inherit color-scheme-inherit text-left elementor-widget elementor-widget-text-editor\" data-id=\"94f58ba\" data-element_type=\"widget\" data-widget_type=\"text-editor.default\">\n\t\t\t\t<div class=\"elementor-widget-container\">\n\t\t\t\t\t\t\t\t\t<p>Punta Kaynak Makinelerimizin Avantajlar\u0131:<\/p>\t\t\t\t\t\t\t\t<\/div>\n\t\t\t\t<\/div>\n\t\t\t\t<div class=\"elementor-element elementor-element-72b1e98 elementor-widget__width-inherit color-scheme-inherit text-left elementor-widget elementor-widget-text-editor\" data-id=\"72b1e98\" data-element_type=\"widget\" data-widget_type=\"text-editor.default\">\n\t\t\t\t<div class=\"elementor-widget-container\">\n\t\t\t\t\t\t\t\t\t<ul><li><strong>Y\u00fcksek Hassasiyet ve Tekrar Edilebilirlik:<\/strong> CNC teknolojisi ile m\u00fckemmel sonu\u00e7lar ve tutarl\u0131l\u0131k sa\u011flar.<\/li><li><strong>Otomasyon ve Verimlilik:<\/strong> \u00dcretim s\u00fcre\u00e7lerinizi h\u0131zland\u0131r\u0131r ve i\u015f g\u00fcc\u00fc maliyetlerini d\u00fc\u015f\u00fcr\u00fcr.<\/li><li><strong>Esnek Kullan\u0131m:<\/strong> \u00c7e\u015fitli metal t\u00fcrleri ve kal\u0131nl\u0131klar\u0131nda etkili kaynak yapma yetene\u011fi sunar.<\/li><li><strong>Geli\u015fmi\u015f Kontrol ve Programlama:<\/strong> Hassas kaynak parametre ayarlar\u0131 ile y\u00fcksek kalitede sonu\u00e7lar sa\u011flar.<\/li><li><strong>Karma\u015f\u0131k Par\u00e7a \u00dcretimi:<\/strong> Karma\u015f\u0131k ve detayl\u0131 metal par\u00e7alar\u0131n \u00fcretiminde y\u00fcksek performans sunar.<\/li><li><strong>Enerji Verimlili\u011fi ve D\u00fc\u015f\u00fck Bak\u0131m:<\/strong> D\u00fc\u015f\u00fck enerji t\u00fcketimi ve dayan\u0131kl\u0131 yap\u0131 ile maliyetleri d\u00fc\u015f\u00fcr\u00fcr ve \u00e7evre dostu \u00e7al\u0131\u015f\u0131r.<\/li><\/ul><p>CNC punta kaynak makinelerimiz hakk\u0131nda daha fazla bilgi almak ve i\u015fletmenizin ihtiya\u00e7lar\u0131na en uygun \u00e7\u00f6z\u00fcm\u00fc bulmak i\u00e7in bizimle ileti\u015fime ge\u00e7in. Sa\u011flamlar Makine olarak, end\u00fcstriyel s\u00fcre\u00e7lerinizde y\u00fcksek kalite, verimlilik ve g\u00fcvenlik sa\u011flaman\u0131z i\u00e7in yan\u0131n\u0131zday\u0131z!<\/p>\t\t\t\t\t\t\t\t<\/div>\n\t\t\t\t<\/div>\n\t\t\t\t\t<\/div>\n\t\t\t\t<\/div>\n\t\t\t\t\t<\/div>\n\t\t\t\t<\/div>\n\t\t<div class=\"wd-negative-gap elementor-element elementor-element-944fd7c e-flex e-con-boxed e-con e-parent\" data-id=\"944fd7c\" data-element_type=\"container\">\n\t\t\t\t\t<div class=\"e-con-inner\">\n\t\t<div class=\"wd-negative-gap elementor-element elementor-element-fc95a33 e-flex e-con-boxed e-con e-child\" data-id=\"fc95a33\" data-element_type=\"container\">\n\t\t\t\t\t<div class=\"e-con-inner\">\n\t\t\t\t<div class=\"elementor-element elementor-element-d5862f7 elementor-widget__width-inherit color-scheme-inherit text-left elementor-widget elementor-widget-text-editor\" data-id=\"d5862f7\" data-element_type=\"widget\" data-widget_type=\"text-editor.default\">\n\t\t\t\t<div class=\"elementor-widget-container\">\n\t\t\t\t\t\t\t\t\t<p>Neden Sa\u011flamlar Makine Punta Kaynak Makineleri?<\/p>\t\t\t\t\t\t\t\t<\/div>\n\t\t\t\t<\/div>\n\t\t\t\t<div class=\"elementor-element elementor-element-c9e5efc elementor-widget__width-inherit color-scheme-inherit text-left elementor-widget elementor-widget-text-editor\" data-id=\"c9e5efc\" data-element_type=\"widget\" data-widget_type=\"text-editor.default\">\n\t\t\t\t<div class=\"elementor-widget-container\">\n\t\t\t\t\t\t\t\t\t<ul><li><strong>Y\u00fcksek Hassasiyet ve Tekrar Edilebilirlik:<\/strong> CNC teknolojisi ile m\u00fckemmel sonu\u00e7lar ve tutarl\u0131l\u0131k sa\u011flar.<\/li><li><strong>Otomasyon ve Verimlilik:<\/strong> \u00dcretim s\u00fcre\u00e7lerinizi h\u0131zland\u0131r\u0131r ve i\u015f g\u00fcc\u00fc maliyetlerini d\u00fc\u015f\u00fcr\u00fcr.<\/li><li><strong>Esnek Kullan\u0131m:<\/strong> \u00c7e\u015fitli metal t\u00fcrleri ve kal\u0131nl\u0131klar\u0131nda etkili kaynak yapma yetene\u011fi sunar.<\/li><li><strong>Geli\u015fmi\u015f Kontrol ve Programlama:<\/strong> Hassas kaynak parametre ayarlar\u0131 ile y\u00fcksek kalitede sonu\u00e7lar sa\u011flar.<\/li><li><strong>Karma\u015f\u0131k Par\u00e7a \u00dcretimi:<\/strong> Karma\u015f\u0131k ve detayl\u0131 metal par\u00e7alar\u0131n \u00fcretiminde y\u00fcksek performans sunar.<\/li><li><strong>Enerji Verimlili\u011fi ve D\u00fc\u015f\u00fck Bak\u0131m:<\/strong> D\u00fc\u015f\u00fck enerji t\u00fcketimi ve dayan\u0131kl\u0131 yap\u0131 ile maliyetleri d\u00fc\u015f\u00fcr\u00fcr ve \u00e7evre dostu \u00e7al\u0131\u015f\u0131r.<\/li><\/ul><p>CNC punta kaynak makinelerimiz hakk\u0131nda daha fazla bilgi almak ve i\u015fletmenizin ihtiya\u00e7lar\u0131na en uygun \u00e7\u00f6z\u00fcm\u00fc bulmak i\u00e7in bizimle ileti\u015fime ge\u00e7in. Sa\u011flamlar Makine olarak, end\u00fcstriyel s\u00fcre\u00e7lerinizde y\u00fcksek kalite, verimlilik ve g\u00fcvenlik sa\u011flaman\u0131z i\u00e7in yan\u0131n\u0131zday\u0131z!<\/p>\t\t\t\t\t\t\t\t<\/div>\n\t\t\t\t<\/div>\n\t\t\t\t\t<\/div>\n\t\t\t\t<\/div>\n\t\t\t\t\t<\/div>\n\t\t\t\t<\/div>\n\t\t\t\t<\/div>\n\t\t","protected":false},"excerpt":{"rendered":"<p>CNC Punta Kaynak Makineleri, y\u00fcksek hassasiyet ve otomasyon sunan geli\u015fmi\u015f makineler olup, metal par\u00e7alar\u0131n kaynak i\u015flemlerinde m\u00fckemmel sonu\u00e7lar sa\u011flar. Bu<\/p>\n","protected":false},"author":1,"featured_media":0,"parent":16469,"menu_order":0,"comment_status":"closed","ping_status":"closed","template":"","meta":{"footnotes":""},"class_list":["post-16594","page","type-page","status-publish","hentry"],"_links":{"self":[{"href":"https:\/\/www.saglammakina.com\/en\/wp-json\/wp\/v2\/pages\/16594","targetHints":{"allow":["GET"]}}],"collection":[{"href":"https:\/\/www.saglammakina.com\/en\/wp-json\/wp\/v2\/pages"}],"about":[{"href":"https:\/\/www.saglammakina.com\/en\/wp-json\/wp\/v2\/types\/page"}],"author":[{"embeddable":true,"href":"https:\/\/www.saglammakina.com\/en\/wp-json\/wp\/v2\/users\/1"}],"replies":[{"embeddable":true,"href":"https:\/\/www.saglammakina.com\/en\/wp-json\/wp\/v2\/comments?post=16594"}],"version-history":[{"count":10,"href":"https:\/\/www.saglammakina.com\/en\/wp-json\/wp\/v2\/pages\/16594\/revisions"}],"predecessor-version":[{"id":17629,"href":"https:\/\/www.saglammakina.com\/en\/wp-json\/wp\/v2\/pages\/16594\/revisions\/17629"}],"up":[{"embeddable":true,"href":"https:\/\/www.saglammakina.com\/en\/wp-json\/wp\/v2\/pages\/16469"}],"wp:attachment":[{"href":"https:\/\/www.saglammakina.com\/en\/wp-json\/wp\/v2\/media?parent=16594"}],"curies":[{"name":"wp","href":"https:\/\/api.w.org\/{rel}","templated":true}]}}